{"id":95342,"date":"2025-12-20T11:52:29","date_gmt":"2025-12-20T16:52:29","guid":{"rendered":"https:\/\/myrestorationcity.com\/?page_id=95342"},"modified":"2026-01-03T14:03:15","modified_gmt":"2026-01-03T19:03:15","slug":"nochesdeavivamiento","status":"publish","type":"page","link":"https:\/\/myrestorationcity.com\/es\/nochesdeavivamiento\/","title":{"rendered":"Noches de Avivamiento"},"content":{"rendered":"\t\t<div data-elementor-type=\"wp-page\" data-elementor-id=\"95342\" class=\"elementor elementor-95342\" data-elementor-post-type=\"page\">\n\t\t\t\t<div class=\"elementor-element elementor-element-aec2106 e-con-full e-flex e-con e-parent\" data-id=\"aec2106\" data-element_type=\"container\" data-e-type=\"container\" data-settings=\"{&quot;background_background&quot;:&quot;classic&quot;}\">\n\t\t<div class=\"elementor-element elementor-element-1f85efc e-con-full e-flex e-con e-child\" data-id=\"1f85efc\" data-element_type=\"container\" data-e-type=\"container\">\n\t\t\t\t<\/div>\n\t\t<div class=\"elementor-element elementor-element-e1c410a e-con-full e-flex e-con e-child\" data-id=\"e1c410a\" data-element_type=\"container\" data-e-type=\"container\">\n\t\t\t\t<div class=\"elementor-element elementor-element-2ce599a elementor-widget elementor-widget-image\" data-id=\"2ce599a\" data-element_type=\"widget\" data-e-type=\"widget\" data-widget_type=\"image.default\">\n\t\t\t\t<div class=\"elementor-widget-container\">\n\t\t\t\t\t\t\t\t\t\t\t\t\t\t\t\t<a href=\"https:\/\/myrestorationcity.com\/es\/\">\n\t\t\t\t\t\t\t<img decoding=\"async\" src=\"https:\/\/myrestorationcity.com\/wp-content\/uploads\/elementor\/thumbs\/cropped-RC-333-rgfzgvdj97983l6xjc651due3lwcfbpmwf88e2p0m0.png\" title=\"cropped-RC-333.png\" alt=\"cropped-RC-333.png\" loading=\"lazy\" \/>\t\t\t\t\t\t\t\t<\/a>\n\t\t\t\t\t\t\t\t\t\t\t\t\t\t\t<\/div>\n\t\t\t\t<\/div>\n\t\t\t\t<\/div>\n\t\t<div class=\"elementor-element elementor-element-54a3d53 e-con-full e-flex e-con e-child\" data-id=\"54a3d53\" data-element_type=\"container\" data-e-type=\"container\">\n\t\t\t\t<div class=\"elementor-element elementor-element-ca93c16 elementor-widget elementor-widget-heading\" data-id=\"ca93c16\" data-element_type=\"widget\" data-e-type=\"widget\" data-widget_type=\"heading.default\">\n\t\t\t\t<div class=\"elementor-widget-container\">\n\t\t\t\t\t<h2 class=\"elementor-heading-title elementor-size-default\"><a href=\"\/\">6-21 de Enero 2026<\/a><\/h2>\t\t\t\t<\/div>\n\t\t\t\t<\/div>\n\t\t\t\t<\/div>\n\t\t\t\t<div class=\"elementor-element elementor-element-d3077a2 elementor-widget elementor-widget-button\" data-id=\"d3077a2\" data-element_type=\"widget\" data-e-type=\"widget\" data-widget_type=\"button.default\">\n\t\t\t\t<div class=\"elementor-widget-container\">\n\t\t\t\t\t\t\t\t\t<div class=\"elementor-button-wrapper\">\n\t\t\t\t\t<a class=\"elementor-button elementor-button-link elementor-size-sm\" href=\"\/revivalnights\/\">\n\t\t\t\t\t\t<span class=\"elementor-button-content-wrapper\">\n\t\t\t\t\t\t\t\t\t<span class=\"elementor-button-text\">English<\/span>\n\t\t\t\t\t<\/span>\n\t\t\t\t\t<\/a>\n\t\t\t\t<\/div>\n\t\t\t\t\t\t\t\t<\/div>\n\t\t\t\t<\/div>\n\t\t<div class=\"elementor-element elementor-element-a8b91fa e-con-full e-flex e-con e-child\" data-id=\"a8b91fa\" data-element_type=\"container\" data-e-type=\"container\">\n\t\t\t\t<\/div>\n\t\t\t\t<\/div>\n\t\t<div class=\"elementor-element elementor-element-d5a4c15 e-con-full e-flex e-con e-parent\" data-id=\"d5a4c15\" data-element_type=\"container\" data-e-type=\"container\" data-settings=\"{&quot;background_background&quot;:&quot;classic&quot;}\">\n\t\t\t\t<div class=\"elementor-element elementor-element-9d7529f elementor-widget elementor-widget-image\" data-id=\"9d7529f\" data-element_type=\"widget\" data-e-type=\"widget\" data-widget_type=\"image.default\">\n\t\t\t\t<div class=\"elementor-widget-container\">\n\t\t\t\t\t\t\t\t\t\t\t\t\t\t\t<img fetchpriority=\"high\" decoding=\"async\" width=\"1920\" height=\"1080\" src=\"https:\/\/myrestorationcity.com\/wp-content\/uploads\/2025\/12\/Spanish-1920X1080-Title-only-.png\" class=\"attachment-full size-full wp-image-95447\" alt=\"\" srcset=\"https:\/\/myrestorationcity.com\/wp-content\/uploads\/2025\/12\/Spanish-1920X1080-Title-only-.png 1920w, https:\/\/myrestorationcity.com\/wp-content\/uploads\/2025\/12\/Spanish-1920X1080-Title-only--300x169.png 300w, https:\/\/myrestorationcity.com\/wp-content\/uploads\/2025\/12\/Spanish-1920X1080-Title-only--1024x576.png 1024w, https:\/\/myrestorationcity.com\/wp-content\/uploads\/2025\/12\/Spanish-1920X1080-Title-only--768x432.png 768w, https:\/\/myrestorationcity.com\/wp-content\/uploads\/2025\/12\/Spanish-1920X1080-Title-only--1536x864.png 1536w\" sizes=\"(max-width: 1920px) 100vw, 1920px\" \/>\t\t\t\t\t\t\t\t\t\t\t\t\t\t\t<\/div>\n\t\t\t\t<\/div>\n\t\t\t\t<\/div>\n\t\t<div class=\"elementor-element elementor-element-45998de e-flex e-con-boxed e-con e-parent\" data-id=\"45998de\" data-element_type=\"container\" data-e-type=\"container\" data-settings=\"{&quot;background_background&quot;:&quot;classic&quot;}\">\n\t\t\t\t\t<div class=\"e-con-inner\">\n\t\t\t\t<div class=\"elementor-element elementor-element-36498f2 elementor-widget elementor-widget-heading\" data-id=\"36498f2\" data-element_type=\"widget\" data-e-type=\"widget\" data-widget_type=\"heading.default\">\n\t\t\t\t<div class=\"elementor-widget-container\">\n\t\t\t\t\t<h2 class=\"elementor-heading-title elementor-size-default\">\u00danete a Nosotros para Noches de Avivamiento<\/h2>\t\t\t\t<\/div>\n\t\t\t\t<\/div>\n\t\t\t\t<div class=\"elementor-element elementor-element-25fbfea elementor-widget elementor-widget-heading\" data-id=\"25fbfea\" data-element_type=\"widget\" data-e-type=\"widget\" data-widget_type=\"heading.default\">\n\t\t\t\t<div class=\"elementor-widget-container\">\n\t\t\t\t\t<h3 class=\"elementor-heading-title elementor-size-default\">Del 4 al 9 de enero en Restoration City En Espa\u00f1ol<\/h3>\t\t\t\t<\/div>\n\t\t\t\t<\/div>\n\t\t\t\t<div class=\"elementor-element elementor-element-1b1c621 elementor-widget elementor-widget-text-editor\" data-id=\"1b1c621\" data-element_type=\"widget\" data-e-type=\"widget\" data-widget_type=\"text-editor.default\">\n\t\t\t\t<div class=\"elementor-widget-container\">\n\t\t\t\t\t\t\t\t\t<p>Noches de Avivamiento es una serie especial de servicios donde nuestra iglesia y comunidad se re\u00fanen para buscar a Dios, experimentar Su presencia y encender una pasi\u00f3n renovada por Jes\u00fas. Te invitamos a acompa\u00f1arnos en estos tiempos de adoraci\u00f3n poderosa, palabra transformadora y renovaci\u00f3n espiritual en los siguientes d\u00edas y horarios:<\/p><p style=\"text-align: center;\"><strong>Domingo, 4 de enero a las 2:30 PM<\/strong><br \/><strong>Martes, 6 de enero a las 7:00 PM<\/strong><br \/><strong>Viernes, 9 de enero a las 7:00 PM<\/strong><\/p><p>Ven con expectativa de sanidad, restauraci\u00f3n y un mover fresco del Esp\u00edritu Santo. Creemos que Dios est\u00e1 avivando Su iglesia y que estas noches marcar\u00e1n tu vida de una manera especial. \u00a1Te esperamos!<\/p>\t\t\t\t\t\t\t\t<\/div>\n\t\t\t\t<\/div>\n\t\t\t\t\t<\/div>\n\t\t\t\t<\/div>\n\t\t<div class=\"elementor-element elementor-element-195be24 e-con-full e-flex e-con e-parent\" data-id=\"195be24\" data-element_type=\"container\" data-e-type=\"container\" data-settings=\"{&quot;background_background&quot;:&quot;classic&quot;}\">\n\t\t\t\t<div class=\"elementor-element elementor-element-ec5553f elementor-widget elementor-widget-image\" data-id=\"ec5553f\" data-element_type=\"widget\" data-e-type=\"widget\" data-widget_type=\"image.default\">\n\t\t\t\t<div class=\"elementor-widget-container\">\n\t\t\t\t\t\t\t\t\t\t\t\t\t\t\t<img decoding=\"async\" width=\"1185\" height=\"824\" src=\"https:\/\/myrestorationcity.com\/wp-content\/uploads\/2026\/01\/1080X1350-Spanish_.png\" class=\"attachment-full size-full wp-image-95484\" alt=\"\" srcset=\"https:\/\/myrestorationcity.com\/wp-content\/uploads\/2026\/01\/1080X1350-Spanish_.png 1185w, https:\/\/myrestorationcity.com\/wp-content\/uploads\/2026\/01\/1080X1350-Spanish_-300x209.png 300w, https:\/\/myrestorationcity.com\/wp-content\/uploads\/2026\/01\/1080X1350-Spanish_-1024x712.png 1024w, https:\/\/myrestorationcity.com\/wp-content\/uploads\/2026\/01\/1080X1350-Spanish_-768x534.png 768w\" sizes=\"(max-width: 1185px) 100vw, 1185px\" \/>\t\t\t\t\t\t\t\t\t\t\t\t\t\t\t<\/div>\n\t\t\t\t<\/div>\n\t\t\t\t<\/div>\n\t\t<div class=\"elementor-element elementor-element-daaca42 e-flex e-con-boxed e-con e-parent\" data-id=\"daaca42\" data-element_type=\"container\" data-e-type=\"container\" data-settings=\"{&quot;background_background&quot;:&quot;classic&quot;}\">\n\t\t\t\t\t<div class=\"e-con-inner\">\n\t\t\t\t<div class=\"elementor-element elementor-element-5cb44b4 elementor-widget elementor-widget-image\" data-id=\"5cb44b4\" data-element_type=\"widget\" data-e-type=\"widget\" data-widget_type=\"image.default\">\n\t\t\t\t<div class=\"elementor-widget-container\">\n\t\t\t\t\t\t\t\t\t\t\t\t\t\t\t\t<a href=\"https:\/\/myrestorationcity.com\/es\/\">\n\t\t\t\t\t\t\t<img decoding=\"async\" width=\"150\" height=\"150\" src=\"https:\/\/myrestorationcity.com\/wp-content\/uploads\/2025\/12\/cropped-RC-333-150x150.png\" class=\"attachment-thumbnail size-thumbnail wp-image-95347\" alt=\"\" srcset=\"https:\/\/myrestorationcity.com\/wp-content\/uploads\/2025\/12\/cropped-RC-333-150x150.png 150w, https:\/\/myrestorationcity.com\/wp-content\/uploads\/2025\/12\/cropped-RC-333-300x300.png 300w, https:\/\/myrestorationcity.com\/wp-content\/uploads\/2025\/12\/elementor\/thumbs\/cropped-RC-333-rgfzgvdj97983l6xjc651due3lwcfbpmwf88e2p0m0.png 60w, https:\/\/myrestorationcity.com\/wp-content\/uploads\/2025\/12\/cropped-RC-333.png 512w\" sizes=\"(max-width: 150px) 100vw, 150px\" \/>\t\t\t\t\t\t\t\t<\/a>\n\t\t\t\t\t\t\t\t\t\t\t\t\t\t\t<\/div>\n\t\t\t\t<\/div>\n\t\t\t\t\t<\/div>\n\t\t\t\t<\/div>\n\t\t\t\t<\/div>\n\t\t","protected":false},"excerpt":{"rendered":"<p>6-21 de Enero 2026 English \u00danete a Nosotros para Noches de Avivamiento Del 4 al 9 de enero en Restoration City En Espa\u00f1ol Noches de Avivamiento es una serie especial de servicios donde nuestra iglesia y comunidad se re\u00fanen para buscar a Dios, experimentar Su presencia y encender una pasi\u00f3n renovada por Jes\u00fas. Te invitamos [&hellip;]<\/p>\n","protected":false},"author":1,"featured_media":95480,"parent":0,"menu_order":0,"comment_status":"closed","ping_status":"closed","template":"elementor_canvas","meta":{"_acf_changed":false,"footnotes":""},"class_list":["post-95342","page","type-page","status-publish","has-post-thumbnail","hentry"],"acf":[],"yoast_head":"<!-- This site is optimized with the Yoast SEO plugin v27.5 - https:\/\/yoast.com\/product\/yoast-seo-wordpress\/ -->\n<title>Noches de Avivamiento | Restoration City Church | 6\u201321 de enero<\/title>\n<meta name=\"description\" content=\"Acomp\u00e1\u00f1anos del 6 al 21 de enero para Noches de Avivamiento. Adoraci\u00f3n, palabra y renovaci\u00f3n espiritual en Restoration City Church. \u00a1No te lo pierdas!\" \/>\n<meta name=\"robots\" content=\"index, follow, max-snippet:-1, max-image-preview:large, max-video-preview:-1\" \/>\n<link rel=\"canonical\" href=\"https:\/\/myrestorationcity.com\/es\/nochesdeavivamiento\/\" \/>\n<meta property=\"og:locale\" content=\"es_ES\" \/>\n<meta property=\"og:type\" content=\"article\" \/>\n<meta property=\"og:title\" content=\"Noches de Avivamiento | Restoration City Church | 6\u201321 de enero\" \/>\n<meta property=\"og:description\" content=\"Acomp\u00e1\u00f1anos del 6 al 21 de enero para Noches de Avivamiento. Adoraci\u00f3n, palabra y renovaci\u00f3n espiritual en Restoration City Church. \u00a1No te lo pierdas!\" \/>\n<meta property=\"og:url\" content=\"https:\/\/myrestorationcity.com\/es\/nochesdeavivamiento\/\" \/>\n<meta property=\"og:site_name\" content=\"Restoration City Church\" \/>\n<meta property=\"article:publisher\" content=\"http:\/\/facebook.com\/myrestorationcitychurch\" \/>\n<meta property=\"article:modified_time\" content=\"2026-01-03T19:03:15+00:00\" \/>\n<meta property=\"og:image\" content=\"https:\/\/myrestorationcity.com\/wp-content\/uploads\/2025\/12\/1920X1080-SPANISH-Speakers-Titie-1024x576.jpg\" \/>\n\t<meta property=\"og:image:width\" content=\"1024\" \/>\n\t<meta property=\"og:image:height\" content=\"576\" \/>\n\t<meta property=\"og:image:type\" content=\"image\/jpeg\" \/>\n<meta name=\"twitter:card\" content=\"summary_large_image\" \/>\n<meta name=\"twitter:label1\" content=\"Tiempo de lectura\" \/>\n\t<meta name=\"twitter:data1\" content=\"2 minutos\" \/>\n<script type=\"application\/ld+json\" class=\"yoast-schema-graph\">{\"@context\":\"https:\\\/\\\/schema.org\",\"@graph\":[{\"@type\":\"WebPage\",\"@id\":\"https:\\\/\\\/myrestorationcity.com\\\/es\\\/nochesdeavivamiento\\\/\",\"url\":\"https:\\\/\\\/myrestorationcity.com\\\/es\\\/nochesdeavivamiento\\\/\",\"name\":\"Noches de Avivamiento | Restoration City Church | 6\u201321 de enero\",\"isPartOf\":{\"@id\":\"https:\\\/\\\/myrestorationcity.com\\\/#website\"},\"primaryImageOfPage\":{\"@id\":\"https:\\\/\\\/myrestorationcity.com\\\/es\\\/nochesdeavivamiento\\\/#primaryimage\"},\"image\":{\"@id\":\"https:\\\/\\\/myrestorationcity.com\\\/es\\\/nochesdeavivamiento\\\/#primaryimage\"},\"thumbnailUrl\":\"https:\\\/\\\/myrestorationcity.com\\\/wp-content\\\/uploads\\\/2025\\\/12\\\/1920X1080-SPANISH-Speakers-Titie.jpg\",\"datePublished\":\"2025-12-20T16:52:29+00:00\",\"dateModified\":\"2026-01-03T19:03:15+00:00\",\"description\":\"Acomp\u00e1\u00f1anos del 6 al 21 de enero para Noches de Avivamiento. Adoraci\u00f3n, palabra y renovaci\u00f3n espiritual en Restoration City Church. \u00a1No te lo pierdas!\",\"inLanguage\":\"es\",\"potentialAction\":[{\"@type\":\"ReadAction\",\"target\":[\"https:\\\/\\\/myrestorationcity.com\\\/es\\\/nochesdeavivamiento\\\/\"]}]},{\"@type\":\"ImageObject\",\"inLanguage\":\"es\",\"@id\":\"https:\\\/\\\/myrestorationcity.com\\\/es\\\/nochesdeavivamiento\\\/#primaryimage\",\"url\":\"https:\\\/\\\/myrestorationcity.com\\\/wp-content\\\/uploads\\\/2025\\\/12\\\/1920X1080-SPANISH-Speakers-Titie.jpg\",\"contentUrl\":\"https:\\\/\\\/myrestorationcity.com\\\/wp-content\\\/uploads\\\/2025\\\/12\\\/1920X1080-SPANISH-Speakers-Titie.jpg\",\"width\":1920,\"height\":1080},{\"@type\":\"WebSite\",\"@id\":\"https:\\\/\\\/myrestorationcity.com\\\/#website\",\"url\":\"https:\\\/\\\/myrestorationcity.com\\\/\",\"name\":\"Restoration City Church\",\"description\":\"\",\"publisher\":{\"@id\":\"https:\\\/\\\/myrestorationcity.com\\\/#organization\"},\"potentialAction\":[{\"@type\":\"SearchAction\",\"target\":{\"@type\":\"EntryPoint\",\"urlTemplate\":\"https:\\\/\\\/myrestorationcity.com\\\/?s={search_term_string}\"},\"query-input\":{\"@type\":\"PropertyValueSpecification\",\"valueRequired\":true,\"valueName\":\"search_term_string\"}}],\"inLanguage\":\"es\"},{\"@type\":\"Organization\",\"@id\":\"https:\\\/\\\/myrestorationcity.com\\\/#organization\",\"name\":\"Restoration City Church\",\"url\":\"https:\\\/\\\/myrestorationcity.com\\\/\",\"logo\":{\"@type\":\"ImageObject\",\"inLanguage\":\"es\",\"@id\":\"https:\\\/\\\/myrestorationcity.com\\\/#\\\/schema\\\/logo\\\/image\\\/\",\"url\":\"https:\\\/\\\/myrestorationcity.com\\\/wp-content\\\/uploads\\\/2022\\\/10\\\/RC-333.png\",\"contentUrl\":\"https:\\\/\\\/myrestorationcity.com\\\/wp-content\\\/uploads\\\/2022\\\/10\\\/RC-333.png\",\"width\":303,\"height\":303,\"caption\":\"Restoration City Church\"},\"image\":{\"@id\":\"https:\\\/\\\/myrestorationcity.com\\\/#\\\/schema\\\/logo\\\/image\\\/\"},\"sameAs\":[\"http:\\\/\\\/facebook.com\\\/myrestorationcitychurch\",\"https:\\\/\\\/www.instagram.com\\\/myrestorationcitychurch\\\/\",\"https:\\\/\\\/www.youtube.com\\\/channel\\\/UCFumLxquLd5wLXXBhUqRH_w\"]}]}<\/script>\n<!-- \/ Yoast SEO plugin. -->","yoast_head_json":{"title":"Noches de Avivamiento | Restoration City Church | 6\u201321 de enero","description":"Acomp\u00e1\u00f1anos del 6 al 21 de enero para Noches de Avivamiento. Adoraci\u00f3n, palabra y renovaci\u00f3n espiritual en Restoration City Church. \u00a1No te lo pierdas!","robots":{"index":"index","follow":"follow","max-snippet":"max-snippet:-1","max-image-preview":"max-image-preview:large","max-video-preview":"max-video-preview:-1"},"canonical":"https:\/\/myrestorationcity.com\/es\/nochesdeavivamiento\/","og_locale":"es_ES","og_type":"article","og_title":"Noches de Avivamiento | Restoration City Church | 6\u201321 de enero","og_description":"Acomp\u00e1\u00f1anos del 6 al 21 de enero para Noches de Avivamiento. Adoraci\u00f3n, palabra y renovaci\u00f3n espiritual en Restoration City Church. \u00a1No te lo pierdas!","og_url":"https:\/\/myrestorationcity.com\/es\/nochesdeavivamiento\/","og_site_name":"Restoration City Church","article_publisher":"http:\/\/facebook.com\/myrestorationcitychurch","article_modified_time":"2026-01-03T19:03:15+00:00","og_image":[{"width":1024,"height":576,"url":"https:\/\/myrestorationcity.com\/wp-content\/uploads\/2025\/12\/1920X1080-SPANISH-Speakers-Titie-1024x576.jpg","type":"image\/jpeg"}],"twitter_card":"summary_large_image","twitter_misc":{"Tiempo de lectura":"2 minutos"},"schema":{"@context":"https:\/\/schema.org","@graph":[{"@type":"WebPage","@id":"https:\/\/myrestorationcity.com\/es\/nochesdeavivamiento\/","url":"https:\/\/myrestorationcity.com\/es\/nochesdeavivamiento\/","name":"Noches de Avivamiento | Restoration City Church | 6\u201321 de enero","isPartOf":{"@id":"https:\/\/myrestorationcity.com\/#website"},"primaryImageOfPage":{"@id":"https:\/\/myrestorationcity.com\/es\/nochesdeavivamiento\/#primaryimage"},"image":{"@id":"https:\/\/myrestorationcity.com\/es\/nochesdeavivamiento\/#primaryimage"},"thumbnailUrl":"https:\/\/myrestorationcity.com\/wp-content\/uploads\/2025\/12\/1920X1080-SPANISH-Speakers-Titie.jpg","datePublished":"2025-12-20T16:52:29+00:00","dateModified":"2026-01-03T19:03:15+00:00","description":"Acomp\u00e1\u00f1anos del 6 al 21 de enero para Noches de Avivamiento. Adoraci\u00f3n, palabra y renovaci\u00f3n espiritual en Restoration City Church. \u00a1No te lo pierdas!","inLanguage":"es","potentialAction":[{"@type":"ReadAction","target":["https:\/\/myrestorationcity.com\/es\/nochesdeavivamiento\/"]}]},{"@type":"ImageObject","inLanguage":"es","@id":"https:\/\/myrestorationcity.com\/es\/nochesdeavivamiento\/#primaryimage","url":"https:\/\/myrestorationcity.com\/wp-content\/uploads\/2025\/12\/1920X1080-SPANISH-Speakers-Titie.jpg","contentUrl":"https:\/\/myrestorationcity.com\/wp-content\/uploads\/2025\/12\/1920X1080-SPANISH-Speakers-Titie.jpg","width":1920,"height":1080},{"@type":"WebSite","@id":"https:\/\/myrestorationcity.com\/#website","url":"https:\/\/myrestorationcity.com\/","name":"Restoration City Church","description":"","publisher":{"@id":"https:\/\/myrestorationcity.com\/#organization"},"potentialAction":[{"@type":"SearchAction","target":{"@type":"EntryPoint","urlTemplate":"https:\/\/myrestorationcity.com\/?s={search_term_string}"},"query-input":{"@type":"PropertyValueSpecification","valueRequired":true,"valueName":"search_term_string"}}],"inLanguage":"es"},{"@type":"Organization","@id":"https:\/\/myrestorationcity.com\/#organization","name":"Restoration City Church","url":"https:\/\/myrestorationcity.com\/","logo":{"@type":"ImageObject","inLanguage":"es","@id":"https:\/\/myrestorationcity.com\/#\/schema\/logo\/image\/","url":"https:\/\/myrestorationcity.com\/wp-content\/uploads\/2022\/10\/RC-333.png","contentUrl":"https:\/\/myrestorationcity.com\/wp-content\/uploads\/2022\/10\/RC-333.png","width":303,"height":303,"caption":"Restoration City Church"},"image":{"@id":"https:\/\/myrestorationcity.com\/#\/schema\/logo\/image\/"},"sameAs":["http:\/\/facebook.com\/myrestorationcitychurch","https:\/\/www.instagram.com\/myrestorationcitychurch\/","https:\/\/www.youtube.com\/channel\/UCFumLxquLd5wLXXBhUqRH_w"]}]}},"jetpack_sharing_enabled":true,"_links":{"self":[{"href":"https:\/\/myrestorationcity.com\/es\/wp-json\/wp\/v2\/pages\/95342","targetHints":{"allow":["GET"]}}],"collection":[{"href":"https:\/\/myrestorationcity.com\/es\/wp-json\/wp\/v2\/pages"}],"about":[{"href":"https:\/\/myrestorationcity.com\/es\/wp-json\/wp\/v2\/types\/page"}],"author":[{"embeddable":true,"href":"https:\/\/myrestorationcity.com\/es\/wp-json\/wp\/v2\/users\/1"}],"replies":[{"embeddable":true,"href":"https:\/\/myrestorationcity.com\/es\/wp-json\/wp\/v2\/comments?post=95342"}],"version-history":[{"count":34,"href":"https:\/\/myrestorationcity.com\/es\/wp-json\/wp\/v2\/pages\/95342\/revisions"}],"predecessor-version":[{"id":95490,"href":"https:\/\/myrestorationcity.com\/es\/wp-json\/wp\/v2\/pages\/95342\/revisions\/95490"}],"wp:featuredmedia":[{"embeddable":true,"href":"https:\/\/myrestorationcity.com\/es\/wp-json\/wp\/v2\/media\/95480"}],"wp:attachment":[{"href":"https:\/\/myrestorationcity.com\/es\/wp-json\/wp\/v2\/media?parent=95342"}],"curies":[{"name":"wp","href":"https:\/\/api.w.org\/{rel}","templated":true}]}}