{"id":93270,"date":"2024-12-09T12:26:42","date_gmt":"2024-12-09T17:26:42","guid":{"rendered":"https:\/\/myrestorationcity.com\/navidad-en-restoration-city\/"},"modified":"2025-11-26T19:09:43","modified_gmt":"2025-11-27T00:09:43","slug":"navidad","status":"publish","type":"page","link":"https:\/\/myrestorationcity.com\/es\/navidad\/","title":{"rendered":"Navidad en Restoration City"},"content":{"rendered":"\t\t<div data-elementor-type=\"wp-page\" data-elementor-id=\"93270\" class=\"elementor elementor-93270 elementor-93248\" data-elementor-post-type=\"page\">\n\t\t\t\t<div class=\"elementor-element elementor-element-245aff7 e-con-full e-flex e-con e-parent\" data-id=\"245aff7\" data-element_type=\"container\" data-e-type=\"container\" data-settings=\"{&quot;background_background&quot;:&quot;classic&quot;}\">\n\t\t<div class=\"elementor-element elementor-element-038c9b8 e-con-full e-flex e-con e-child\" data-id=\"038c9b8\" data-element_type=\"container\" data-e-type=\"container\">\n\t\t\t\t<\/div>\n\t\t<div class=\"elementor-element elementor-element-7a1179c e-con-full e-flex e-con e-child\" data-id=\"7a1179c\" data-element_type=\"container\" data-e-type=\"container\">\n\t\t\t\t<div class=\"elementor-element elementor-element-f1ddb93 elementor-widget elementor-widget-image\" data-id=\"f1ddb93\" data-element_type=\"widget\" data-e-type=\"widget\" data-widget_type=\"image.default\">\n\t\t\t\t<div class=\"elementor-widget-container\">\n\t\t\t\t\t\t\t\t\t\t\t\t\t\t\t\t<a href=\"\/es\/\">\n\t\t\t\t\t\t\t<img decoding=\"async\" src=\"https:\/\/myrestorationcity.com\/wp-content\/uploads\/elementor\/thumbs\/cropped-RC-qj2riqt7ptvxla39qp5s0xjea2uhl4kwkaz0wf2lp4.png\" title=\"cropped-RC.png\" alt=\"cropped-RC.png\" loading=\"lazy\" \/>\t\t\t\t\t\t\t\t<\/a>\n\t\t\t\t\t\t\t\t\t\t\t\t\t\t\t<\/div>\n\t\t\t\t<\/div>\n\t\t\t\t<\/div>\n\t\t<div class=\"elementor-element elementor-element-3ccc3c7 e-con-full e-flex e-con e-child\" data-id=\"3ccc3c7\" data-element_type=\"container\" data-e-type=\"container\">\n\t\t\t\t<div class=\"elementor-element elementor-element-1e1be86 elementor-widget elementor-widget-heading\" data-id=\"1e1be86\" data-element_type=\"widget\" data-e-type=\"widget\" data-widget_type=\"heading.default\">\n\t\t\t\t<div class=\"elementor-widget-container\">\n\t\t\t\t\t<h2 class=\"elementor-heading-title elementor-size-default\"><a href=\"\/es\/\">21 de Diciembre, 2025<\/a><\/h2>\t\t\t\t<\/div>\n\t\t\t\t<\/div>\n\t\t\t\t<\/div>\n\t\t<div class=\"elementor-element elementor-element-d9b8dcf e-con-full e-flex e-con e-child\" data-id=\"d9b8dcf\" data-element_type=\"container\" data-e-type=\"container\">\n\t\t\t\t<div class=\"elementor-element elementor-element-3b7d3f8 elementor-widget elementor-widget-wpml-language-switcher\" data-id=\"3b7d3f8\" data-element_type=\"widget\" data-e-type=\"widget\" data-widget_type=\"wpml-language-switcher.default\">\n\t\t\t\t<div class=\"elementor-widget-container\">\n\t\t\t\t\t<div class=\"wpml-elementor-ls\">\n<div\n\t role=\"navigation\" aria-label=\"Selector de idioma\" class=\"wpml-ls-statics-shortcode_actions wpml-ls wpml-ls-legacy-dropdown js-wpml-ls-legacy-dropdown\">\n\t<ul>\n\t\t<li class=\"wpml-ls-slot-shortcode_actions wpml-ls-item wpml-ls-item-es wpml-ls-current-language wpml-ls-last-item wpml-ls-item-legacy-dropdown\">\n\t\t\t<a href=\"#\" hreflang=\"\" lang=\"\" class=\"js-wpml-ls-item-toggle wpml-ls-item-toggle\" aria-current=\"page\" aria-expanded=\"false\" aria-controls=\"wpml-ls-submenu-default\" aria-label=\"Selector de idioma, pulse tab para navegar a otros idiomas\" title=\"Cambiar a ES\">\n\t\t\t\t<span class=\"wpml-ls-native\">ES<\/span><\/a>\n\n\t\t\t<ul id=\"wpml-ls-submenu-default\" class=\"wpml-ls-sub-menu\">\n\t\t\t\t\n\t\t\t\t\t<li class=\"wpml-ls-slot-shortcode_actions wpml-ls-item wpml-ls-item-en wpml-ls-first-item\">\n\t\t\t\t\t\t<a href=\"https:\/\/myrestorationcity.com\/\" hreflang=\"en\" lang=\"en\" class=\"wpml-ls-link\" aria-label=\"Cambiar a EN\" title=\"Cambiar a EN\">\n\t\t\t\t\t\t\t<span class=\"wpml-ls-native\">EN<\/span><\/a>\n\t\t\t\t\t<\/li>\n\n\t\t\t\t\t\t\t<\/ul>\n\n\t\t<\/li>\n\n\t<\/ul>\n<\/div>\n<\/div>\t\t\t\t<\/div>\n\t\t\t\t<\/div>\n\t\t\t\t<\/div>\n\t\t<div class=\"elementor-element elementor-element-5764efc e-con-full e-flex e-con e-child\" data-id=\"5764efc\" data-element_type=\"container\" data-e-type=\"container\">\n\t\t\t\t<\/div>\n\t\t\t\t<\/div>\n\t\t<div class=\"elementor-element elementor-element-6d5a785 e-con-full e-flex e-con e-parent\" data-id=\"6d5a785\" data-element_type=\"container\" data-e-type=\"container\" data-settings=\"{&quot;background_background&quot;:&quot;classic&quot;}\">\n\t\t\t\t<div class=\"elementor-element elementor-element-85ecdb1 elementor-widget elementor-widget-image\" data-id=\"85ecdb1\" data-element_type=\"widget\" data-e-type=\"widget\" data-widget_type=\"image.default\">\n\t\t\t\t<div class=\"elementor-widget-container\">\n\t\t\t\t\t\t\t\t\t\t\t\t\t\t\t<img fetchpriority=\"high\" decoding=\"async\" width=\"1922\" height=\"1080\" src=\"https:\/\/myrestorationcity.com\/wp-content\/uploads\/2025\/11\/Spanish-1920X1080.png\" class=\"attachment-full size-full wp-image-95228\" alt=\"\" srcset=\"https:\/\/myrestorationcity.com\/wp-content\/uploads\/2025\/11\/Spanish-1920X1080.png 1922w, https:\/\/myrestorationcity.com\/wp-content\/uploads\/2025\/11\/Spanish-1920X1080-300x169.png 300w, https:\/\/myrestorationcity.com\/wp-content\/uploads\/2025\/11\/Spanish-1920X1080-1024x575.png 1024w, https:\/\/myrestorationcity.com\/wp-content\/uploads\/2025\/11\/Spanish-1920X1080-768x432.png 768w, https:\/\/myrestorationcity.com\/wp-content\/uploads\/2025\/11\/Spanish-1920X1080-1536x863.png 1536w\" sizes=\"(max-width: 1922px) 100vw, 1922px\" \/>\t\t\t\t\t\t\t\t\t\t\t\t\t\t\t<\/div>\n\t\t\t\t<\/div>\n\t\t\t\t<\/div>\n\t\t<div class=\"elementor-element elementor-element-5a42b7c e-con-full e-flex e-con e-parent\" data-id=\"5a42b7c\" data-element_type=\"container\" data-e-type=\"container\" data-settings=\"{&quot;background_background&quot;:&quot;classic&quot;}\">\n\t\t\t\t<div class=\"elementor-element elementor-element-c0da123 elementor-widget elementor-widget-heading\" data-id=\"c0da123\" data-element_type=\"widget\" data-e-type=\"widget\" data-widget_type=\"heading.default\">\n\t\t\t\t<div class=\"elementor-widget-container\">\n\t\t\t\t\t<h2 class=\"elementor-heading-title elementor-size-default\">Unete a Nosotros para<\/h2>\t\t\t\t<\/div>\n\t\t\t\t<\/div>\n\t\t\t\t<div class=\"elementor-element elementor-element-0614c00 elementor-widget elementor-widget-heading\" data-id=\"0614c00\" data-element_type=\"widget\" data-e-type=\"widget\" data-widget_type=\"heading.default\">\n\t\t\t\t<div class=\"elementor-widget-container\">\n\t\t\t\t\t<h2 class=\"elementor-heading-title elementor-size-default\">Navidad en Restoration City<\/h2>\t\t\t\t<\/div>\n\t\t\t\t<\/div>\n\t\t\t\t<div class=\"elementor-element elementor-element-eca696e elementor-widget elementor-widget-heading\" data-id=\"eca696e\" data-element_type=\"widget\" data-e-type=\"widget\" data-widget_type=\"heading.default\">\n\t\t\t\t<div class=\"elementor-widget-container\">\n\t\t\t\t\t<p class=\"elementor-heading-title elementor-size-default\">Estamos muy emocionados de que usted y su familia se unan a nosotros este a\u00f1o para celebrar el nacimiento de nuestro Se\u00f1or, Jesucristo.<br \/><br \/>Cantaremos, reiremos y disfrutaremos juntos de las maravillas de la temporada, pero lo m\u00e1s importante es que invitaremos a Dios a hacer lo que s\u00f3lo \u00c9l puede hacer: traer luz a los lugares oscuros de nuestras vidas, ofrecer esperanza en situaciones que parecen desesperadas y traer paz a la Tierra. <\/p>\t\t\t\t<\/div>\n\t\t\t\t<\/div>\n\t\t\t\t<div class=\"elementor-element elementor-element-37227a3 elementor-widget elementor-widget-heading\" data-id=\"37227a3\" data-element_type=\"widget\" data-e-type=\"widget\" data-widget_type=\"heading.default\">\n\t\t\t\t<div class=\"elementor-widget-container\">\n\t\t\t\t\t<h2 class=\"elementor-heading-title elementor-size-default\">2:30 PM<\/h2>\t\t\t\t<\/div>\n\t\t\t\t<\/div>\n\t\t\t\t<div class=\"elementor-element elementor-element-185a1d8 elementor-widget elementor-widget-heading\" data-id=\"185a1d8\" data-element_type=\"widget\" data-e-type=\"widget\" data-widget_type=\"heading.default\">\n\t\t\t\t<div class=\"elementor-widget-container\">\n\t\t\t\t\t<h5 class=\"elementor-heading-title elementor-size-default\"><a href=\"https:\/\/myrestorationcity.com\/es\/contact\/\">1500 Boston Rd Springfield, MA<\/a><\/h5>\t\t\t\t<\/div>\n\t\t\t\t<\/div>\n\t\t\t\t<div class=\"elementor-element elementor-element-bd3a791 elementor-align-center elementor-widget elementor-widget-button\" data-id=\"bd3a791\" data-element_type=\"widget\" data-e-type=\"widget\" data-widget_type=\"button.default\">\n\t\t\t\t<div class=\"elementor-widget-container\">\n\t\t\t\t\t\t\t\t\t<div class=\"elementor-button-wrapper\">\n\t\t\t\t\t<a class=\"elementor-button elementor-button-link elementor-size-sm\" href=\"https:\/\/rcity.churchcenter.com\/registrations\/events\/3303049\">\n\t\t\t\t\t\t<span class=\"elementor-button-content-wrapper\">\n\t\t\t\t\t\t<span class=\"elementor-button-icon\">\n\t\t\t\t<svg aria-hidden=\"true\" class=\"e-font-icon-svg e-far-check-circle\" viewBox=\"0 0 512 512\" xmlns=\"http:\/\/www.w3.org\/2000\/svg\"><path d=\"M256 8C119.033 8 8 119.033 8 256s111.033 248 248 248 248-111.033 248-248S392.967 8 256 8zm0 48c110.532 0 200 89.451 200 200 0 110.532-89.451 200-200 200-110.532 0-200-89.451-200-200 0-110.532 89.451-200 200-200m140.204 130.267l-22.536-22.718c-4.667-4.705-12.265-4.736-16.97-.068L215.346 303.697l-59.792-60.277c-4.667-4.705-12.265-4.736-16.97-.069l-22.719 22.536c-4.705 4.667-4.736 12.265-.068 16.971l90.781 91.516c4.667 4.705 12.265 4.736 16.97.068l172.589-171.204c4.704-4.668 4.734-12.266.067-16.971z\"><\/path><\/svg>\t\t\t<\/span>\n\t\t\t\t\t\t\t\t\t<span class=\"elementor-button-text\">RESERVE SU ASIENTO<\/span>\n\t\t\t\t\t<\/span>\n\t\t\t\t\t<\/a>\n\t\t\t\t<\/div>\n\t\t\t\t\t\t\t\t<\/div>\n\t\t\t\t<\/div>\n\t\t\t\t<\/div>\n\t\t<div class=\"elementor-element elementor-element-1ac6bdb e-flex e-con-boxed e-con e-parent\" data-id=\"1ac6bdb\" data-element_type=\"container\" data-e-type=\"container\" data-settings=\"{&quot;background_background&quot;:&quot;classic&quot;}\">\n\t\t\t\t\t<div class=\"e-con-inner\">\n\t\t<div class=\"elementor-element elementor-element-d247cb5 e-con-full e-flex e-con e-child\" data-id=\"d247cb5\" data-element_type=\"container\" data-e-type=\"container\">\n\t\t\t\t<div class=\"elementor-element elementor-element-b82c2ce elementor-widget elementor-widget-heading\" data-id=\"b82c2ce\" data-element_type=\"widget\" data-e-type=\"widget\" data-widget_type=\"heading.default\">\n\t\t\t\t<div class=\"elementor-widget-container\">\n\t\t\t\t\t<h2 class=\"elementor-heading-title elementor-size-default\">QU\u00c9 ESPERAR<\/h2>\t\t\t\t<\/div>\n\t\t\t\t<\/div>\n\t\t\t\t<div class=\"elementor-element elementor-element-d7f2e57 elementor-widget elementor-widget-heading\" data-id=\"d7f2e57\" data-element_type=\"widget\" data-e-type=\"widget\" data-widget_type=\"heading.default\">\n\t\t\t\t<div class=\"elementor-widget-container\">\n\t\t\t\t\t<p class=\"elementor-heading-title elementor-size-default\">Cuando llegue, nuestro equipo le guiar\u00e1 a un espacio para estacionar su carro. Una vez dentro, podr\u00e1 tomar una taza de caf\u00e9 gratuita en el lobby y nuestro equipo le ayudar\u00e1 a encontrar un asiento en el auditorio. El Servicio de Resurrecci\u00f3n incluir\u00e1 una alentadora adoraci\u00f3n, historias de cambio en la vida real y un mensaje edificante sobre la esperanza que tenemos en Jes\u00fas. No importa d\u00f3nde se encuentre en la vida, nos encantar\u00eda que se uniera a nosotros.<\/p>\t\t\t\t<\/div>\n\t\t\t\t<\/div>\n\t\t\t\t<\/div>\n\t\t<div class=\"elementor-element elementor-element-d6e8fb7 e-con-full e-flex e-con e-child\" data-id=\"d6e8fb7\" data-element_type=\"container\" data-e-type=\"container\">\n\t\t\t\t<div class=\"elementor-element elementor-element-a69c1f4 elementor-widget elementor-widget-heading\" data-id=\"a69c1f4\" data-element_type=\"widget\" data-e-type=\"widget\" data-widget_type=\"heading.default\">\n\t\t\t\t<div class=\"elementor-widget-container\">\n\t\t\t\t\t<h2 class=\"elementor-heading-title elementor-size-default\">KID CITY<\/h2>\t\t\t\t<\/div>\n\t\t\t\t<\/div>\n\t\t\t\t<div class=\"elementor-element elementor-element-20c3d0a elementor-widget elementor-widget-heading\" data-id=\"20c3d0a\" data-element_type=\"widget\" data-e-type=\"widget\" data-widget_type=\"heading.default\">\n\t\t\t\t<div class=\"elementor-widget-container\">\n\t\t\t\t\t<p class=\"elementor-heading-title elementor-size-default\">Hemos dise\u00f1ado una incre\u00edble experiencia de Resurrecci\u00f3n para los m\u00e1s peque\u00f1os. Los servicios de Kid City est\u00e1n disponibles para ni\u00f1os de 2 a 11 a\u00f1os y est\u00e1n cuidadosamente planificados para ayudar a su hijo a conocer a Dios de una manera que se adapte a su edad y etapa de la vida. Si esta es la primera vez que su hijo visita Kid City, aseg\u00farese de llegar temprano para poder registrarlo y garantizar un registro r\u00e1pido y sencillo antes de que comience el servicio.<\/p>\t\t\t\t<\/div>\n\t\t\t\t<\/div>\n\t\t\t\t<\/div>\n\t\t\t\t\t<\/div>\n\t\t\t\t<\/div>\n\t\t<div class=\"elementor-element elementor-element-e027dd8 e-flex e-con-boxed e-con e-parent\" data-id=\"e027dd8\" data-element_type=\"container\" data-e-type=\"container\" data-settings=\"{&quot;background_background&quot;:&quot;classic&quot;}\">\n\t\t\t\t\t<div class=\"e-con-inner\">\n\t\t\t\t<div class=\"elementor-element elementor-element-82a9856 elementor-widget elementor-widget-heading\" data-id=\"82a9856\" data-element_type=\"widget\" data-e-type=\"widget\" data-widget_type=\"heading.default\">\n\t\t\t\t<div class=\"elementor-widget-container\">\n\t\t\t\t\t<h2 class=\"elementor-heading-title elementor-size-default\">Navidad en Restoration City<\/h2>\t\t\t\t<\/div>\n\t\t\t\t<\/div>\n\t\t\t\t\t<\/div>\n\t\t\t\t<\/div>\n\t\t\t\t<\/div>\n\t\t","protected":false},"excerpt":{"rendered":"<p>21 de Diciembre, 2025 EN ES Unete a Nosotros para Navidad en Restoration City Estamos muy emocionados de que usted y su familia se unan a nosotros este a\u00f1o para celebrar el nacimiento de nuestro Se\u00f1or, Jesucristo. Cantaremos, reiremos y disfrutaremos juntos de las maravillas de la temporada, pero lo m\u00e1s importante es que invitaremos [&hellip;]<\/p>\n","protected":false},"author":1,"featured_media":93254,"parent":0,"menu_order":0,"comment_status":"closed","ping_status":"closed","template":"elementor_canvas","meta":{"_acf_changed":false,"footnotes":""},"class_list":["post-93270","page","type-page","status-publish","has-post-thumbnail","hentry"],"acf":[],"yoast_head":"<!-- This site is optimized with the Yoast SEO plugin v27.5 - https:\/\/yoast.com\/product\/yoast-seo-wordpress\/ -->\n<title>Navidad en Restoration City - Restoration City Church<\/title>\n<meta name=\"description\" content=\"Estamos muy emocionados de que usted y su familia se unan a nosotros este a\u00f1o para celebrar el nacimiento de nuestro Se\u00f1or, Jesucristo. 22 de Diciembre, 2024\" \/>\n<meta name=\"robots\" content=\"index, follow, max-snippet:-1, max-image-preview:large, max-video-preview:-1\" \/>\n<link rel=\"canonical\" href=\"https:\/\/myrestorationcity.com\/christmas\/\" \/>\n<meta property=\"og:locale\" content=\"es_ES\" \/>\n<meta property=\"og:type\" content=\"article\" \/>\n<meta property=\"og:title\" content=\"Navidad en Restoration City\" \/>\n<meta property=\"og:description\" content=\"Estamos muy emocionados de que usted y su familia se unan a nosotros este a\u00f1o para celebrar el nacimiento de nuestro Se\u00f1or, Jesucristo. 22 de Diciembre, 2024\" \/>\n<meta property=\"og:url\" content=\"https:\/\/myrestorationcity.com\/christmas\/\" \/>\n<meta property=\"og:site_name\" content=\"Restoration City Church\" \/>\n<meta property=\"article:publisher\" content=\"http:\/\/facebook.com\/myrestorationcitychurch\" \/>\n<meta property=\"article:modified_time\" content=\"2025-11-27T00:09:43+00:00\" \/>\n<meta property=\"og:image\" content=\"https:\/\/myrestorationcity.com\/wp-content\/uploads\/2024\/12\/Christmas-at-RC_Opt-3-10.png\" \/>\n\t<meta property=\"og:image:width\" content=\"1920\" \/>\n\t<meta property=\"og:image:height\" content=\"1080\" \/>\n\t<meta property=\"og:image:type\" content=\"image\/png\" \/>\n<meta name=\"twitter:card\" content=\"summary_large_image\" \/>\n<meta name=\"twitter:label1\" content=\"Tiempo de lectura\" \/>\n\t<meta name=\"twitter:data1\" content=\"2 minutos\" \/>\n<script type=\"application\/ld+json\" class=\"yoast-schema-graph\">{\"@context\":\"https:\\\/\\\/schema.org\",\"@graph\":[{\"@type\":\"WebPage\",\"@id\":\"https:\\\/\\\/myrestorationcity.com\\\/christmas\\\/\",\"url\":\"https:\\\/\\\/myrestorationcity.com\\\/christmas\\\/\",\"name\":\"Navidad en Restoration City - Restoration City Church\",\"isPartOf\":{\"@id\":\"https:\\\/\\\/myrestorationcity.com\\\/#website\"},\"primaryImageOfPage\":{\"@id\":\"https:\\\/\\\/myrestorationcity.com\\\/christmas\\\/#primaryimage\"},\"image\":{\"@id\":\"https:\\\/\\\/myrestorationcity.com\\\/christmas\\\/#primaryimage\"},\"thumbnailUrl\":\"https:\\\/\\\/myrestorationcity.com\\\/wp-content\\\/uploads\\\/2024\\\/12\\\/Christmas-at-RC_Opt-3-10.png\",\"datePublished\":\"2024-12-09T17:26:42+00:00\",\"dateModified\":\"2025-11-27T00:09:43+00:00\",\"description\":\"Estamos muy emocionados de que usted y su familia se unan a nosotros este a\u00f1o para celebrar el nacimiento de nuestro Se\u00f1or, Jesucristo. 22 de Diciembre, 2024\",\"inLanguage\":\"es\",\"potentialAction\":[{\"@type\":\"ReadAction\",\"target\":[\"https:\\\/\\\/myrestorationcity.com\\\/christmas\\\/\"]}]},{\"@type\":\"ImageObject\",\"inLanguage\":\"es\",\"@id\":\"https:\\\/\\\/myrestorationcity.com\\\/christmas\\\/#primaryimage\",\"url\":\"https:\\\/\\\/myrestorationcity.com\\\/wp-content\\\/uploads\\\/2024\\\/12\\\/Christmas-at-RC_Opt-3-10.png\",\"contentUrl\":\"https:\\\/\\\/myrestorationcity.com\\\/wp-content\\\/uploads\\\/2024\\\/12\\\/Christmas-at-RC_Opt-3-10.png\",\"width\":1920,\"height\":1080},{\"@type\":\"WebSite\",\"@id\":\"https:\\\/\\\/myrestorationcity.com\\\/#website\",\"url\":\"https:\\\/\\\/myrestorationcity.com\\\/\",\"name\":\"Restoration City Church\",\"description\":\"\",\"publisher\":{\"@id\":\"https:\\\/\\\/myrestorationcity.com\\\/#organization\"},\"potentialAction\":[{\"@type\":\"SearchAction\",\"target\":{\"@type\":\"EntryPoint\",\"urlTemplate\":\"https:\\\/\\\/myrestorationcity.com\\\/?s={search_term_string}\"},\"query-input\":{\"@type\":\"PropertyValueSpecification\",\"valueRequired\":true,\"valueName\":\"search_term_string\"}}],\"inLanguage\":\"es\"},{\"@type\":\"Organization\",\"@id\":\"https:\\\/\\\/myrestorationcity.com\\\/#organization\",\"name\":\"Restoration City Church\",\"url\":\"https:\\\/\\\/myrestorationcity.com\\\/\",\"logo\":{\"@type\":\"ImageObject\",\"inLanguage\":\"es\",\"@id\":\"https:\\\/\\\/myrestorationcity.com\\\/#\\\/schema\\\/logo\\\/image\\\/\",\"url\":\"https:\\\/\\\/myrestorationcity.com\\\/wp-content\\\/uploads\\\/2022\\\/10\\\/RC-333.png\",\"contentUrl\":\"https:\\\/\\\/myrestorationcity.com\\\/wp-content\\\/uploads\\\/2022\\\/10\\\/RC-333.png\",\"width\":303,\"height\":303,\"caption\":\"Restoration City Church\"},\"image\":{\"@id\":\"https:\\\/\\\/myrestorationcity.com\\\/#\\\/schema\\\/logo\\\/image\\\/\"},\"sameAs\":[\"http:\\\/\\\/facebook.com\\\/myrestorationcitychurch\",\"https:\\\/\\\/www.instagram.com\\\/myrestorationcitychurch\\\/\",\"https:\\\/\\\/www.youtube.com\\\/channel\\\/UCFumLxquLd5wLXXBhUqRH_w\"]}]}<\/script>\n<!-- \/ Yoast SEO plugin. -->","yoast_head_json":{"title":"Navidad en Restoration City - Restoration City Church","description":"Estamos muy emocionados de que usted y su familia se unan a nosotros este a\u00f1o para celebrar el nacimiento de nuestro Se\u00f1or, Jesucristo. 22 de Diciembre, 2024","robots":{"index":"index","follow":"follow","max-snippet":"max-snippet:-1","max-image-preview":"max-image-preview:large","max-video-preview":"max-video-preview:-1"},"canonical":"https:\/\/myrestorationcity.com\/christmas\/","og_locale":"es_ES","og_type":"article","og_title":"Navidad en Restoration City","og_description":"Estamos muy emocionados de que usted y su familia se unan a nosotros este a\u00f1o para celebrar el nacimiento de nuestro Se\u00f1or, Jesucristo. 22 de Diciembre, 2024","og_url":"https:\/\/myrestorationcity.com\/christmas\/","og_site_name":"Restoration City Church","article_publisher":"http:\/\/facebook.com\/myrestorationcitychurch","article_modified_time":"2025-11-27T00:09:43+00:00","og_image":[{"width":1920,"height":1080,"url":"https:\/\/myrestorationcity.com\/wp-content\/uploads\/2024\/12\/Christmas-at-RC_Opt-3-10.png","type":"image\/png"}],"twitter_card":"summary_large_image","twitter_misc":{"Tiempo de lectura":"2 minutos"},"schema":{"@context":"https:\/\/schema.org","@graph":[{"@type":"WebPage","@id":"https:\/\/myrestorationcity.com\/christmas\/","url":"https:\/\/myrestorationcity.com\/christmas\/","name":"Navidad en Restoration City - Restoration City Church","isPartOf":{"@id":"https:\/\/myrestorationcity.com\/#website"},"primaryImageOfPage":{"@id":"https:\/\/myrestorationcity.com\/christmas\/#primaryimage"},"image":{"@id":"https:\/\/myrestorationcity.com\/christmas\/#primaryimage"},"thumbnailUrl":"https:\/\/myrestorationcity.com\/wp-content\/uploads\/2024\/12\/Christmas-at-RC_Opt-3-10.png","datePublished":"2024-12-09T17:26:42+00:00","dateModified":"2025-11-27T00:09:43+00:00","description":"Estamos muy emocionados de que usted y su familia se unan a nosotros este a\u00f1o para celebrar el nacimiento de nuestro Se\u00f1or, Jesucristo. 22 de Diciembre, 2024","inLanguage":"es","potentialAction":[{"@type":"ReadAction","target":["https:\/\/myrestorationcity.com\/christmas\/"]}]},{"@type":"ImageObject","inLanguage":"es","@id":"https:\/\/myrestorationcity.com\/christmas\/#primaryimage","url":"https:\/\/myrestorationcity.com\/wp-content\/uploads\/2024\/12\/Christmas-at-RC_Opt-3-10.png","contentUrl":"https:\/\/myrestorationcity.com\/wp-content\/uploads\/2024\/12\/Christmas-at-RC_Opt-3-10.png","width":1920,"height":1080},{"@type":"WebSite","@id":"https:\/\/myrestorationcity.com\/#website","url":"https:\/\/myrestorationcity.com\/","name":"Restoration City Church","description":"","publisher":{"@id":"https:\/\/myrestorationcity.com\/#organization"},"potentialAction":[{"@type":"SearchAction","target":{"@type":"EntryPoint","urlTemplate":"https:\/\/myrestorationcity.com\/?s={search_term_string}"},"query-input":{"@type":"PropertyValueSpecification","valueRequired":true,"valueName":"search_term_string"}}],"inLanguage":"es"},{"@type":"Organization","@id":"https:\/\/myrestorationcity.com\/#organization","name":"Restoration City Church","url":"https:\/\/myrestorationcity.com\/","logo":{"@type":"ImageObject","inLanguage":"es","@id":"https:\/\/myrestorationcity.com\/#\/schema\/logo\/image\/","url":"https:\/\/myrestorationcity.com\/wp-content\/uploads\/2022\/10\/RC-333.png","contentUrl":"https:\/\/myrestorationcity.com\/wp-content\/uploads\/2022\/10\/RC-333.png","width":303,"height":303,"caption":"Restoration City Church"},"image":{"@id":"https:\/\/myrestorationcity.com\/#\/schema\/logo\/image\/"},"sameAs":["http:\/\/facebook.com\/myrestorationcitychurch","https:\/\/www.instagram.com\/myrestorationcitychurch\/","https:\/\/www.youtube.com\/channel\/UCFumLxquLd5wLXXBhUqRH_w"]}]}},"jetpack_sharing_enabled":true,"_links":{"self":[{"href":"https:\/\/myrestorationcity.com\/es\/wp-json\/wp\/v2\/pages\/93270","targetHints":{"allow":["GET"]}}],"collection":[{"href":"https:\/\/myrestorationcity.com\/es\/wp-json\/wp\/v2\/pages"}],"about":[{"href":"https:\/\/myrestorationcity.com\/es\/wp-json\/wp\/v2\/types\/page"}],"author":[{"embeddable":true,"href":"https:\/\/myrestorationcity.com\/es\/wp-json\/wp\/v2\/users\/1"}],"replies":[{"embeddable":true,"href":"https:\/\/myrestorationcity.com\/es\/wp-json\/wp\/v2\/comments?post=93270"}],"version-history":[{"count":15,"href":"https:\/\/myrestorationcity.com\/es\/wp-json\/wp\/v2\/pages\/93270\/revisions"}],"predecessor-version":[{"id":95236,"href":"https:\/\/myrestorationcity.com\/es\/wp-json\/wp\/v2\/pages\/93270\/revisions\/95236"}],"wp:featuredmedia":[{"embeddable":true,"href":"https:\/\/myrestorationcity.com\/es\/wp-json\/wp\/v2\/media\/93254"}],"wp:attachment":[{"href":"https:\/\/myrestorationcity.com\/es\/wp-json\/wp\/v2\/media?parent=93270"}],"curies":[{"name":"wp","href":"https:\/\/api.w.org\/{rel}","templated":true}]}}