{"id":91967,"date":"2024-03-07T10:22:05","date_gmt":"2024-03-07T15:22:05","guid":{"rendered":"https:\/\/myrestorationcity.com\/corazon-para-la-casa\/"},"modified":"2025-01-18T22:54:37","modified_gmt":"2025-01-19T03:54:37","slug":"corazonparalacasa","status":"publish","type":"page","link":"https:\/\/myrestorationcity.com\/es\/corazonparalacasa\/","title":{"rendered":"Coraz\u00f3n Para la Casa"},"content":{"rendered":"\t\t<div data-elementor-type=\"wp-page\" data-elementor-id=\"91967\" class=\"elementor elementor-91967 elementor-91959\" data-elementor-post-type=\"page\">\n\t\t\t\t<div class=\"elementor-element elementor-element-0890bed e-flex e-con-boxed e-con e-parent\" data-id=\"0890bed\" data-element_type=\"container\" data-e-type=\"container\" data-settings=\"{&quot;background_background&quot;:&quot;classic&quot;}\">\n\t\t\t\t\t<div class=\"e-con-inner\">\n\t\t<div class=\"elementor-element elementor-element-c318669 e-con-full e-flex e-con e-child\" data-id=\"c318669\" data-element_type=\"container\" data-e-type=\"container\" data-settings=\"{&quot;background_background&quot;:&quot;classic&quot;}\">\n\t\t\t\t<\/div>\n\t\t\t\t\t<\/div>\n\t\t\t\t<\/div>\n\t\t<div class=\"elementor-element elementor-element-bf5899e e-flex e-con-boxed e-con e-parent\" data-id=\"bf5899e\" data-element_type=\"container\" data-e-type=\"container\" data-settings=\"{&quot;background_background&quot;:&quot;classic&quot;}\">\n\t\t\t\t\t<div class=\"e-con-inner\">\n\t\t<div class=\"elementor-element elementor-element-242bdb4 e-flex e-con-boxed e-con e-child\" data-id=\"242bdb4\" data-element_type=\"container\" data-e-type=\"container\">\n\t\t\t\t\t<div class=\"e-con-inner\">\n\t\t\t\t<div class=\"elementor-element elementor-element-419613b elementor-widget elementor-widget-heading\" data-id=\"419613b\" data-element_type=\"widget\" data-e-type=\"widget\" data-widget_type=\"heading.default\">\n\t\t\t\t<div class=\"elementor-widget-container\">\n\t\t\t\t\t<h2 class=\"elementor-heading-title elementor-size-default\">Un Coraz\u00f3n Para la Casa<\/h2>\t\t\t\t<\/div>\n\t\t\t\t<\/div>\n\t\t\t\t<div class=\"elementor-element elementor-element-df9e417 elementor-widget elementor-widget-text-editor\" data-id=\"df9e417\" data-element_type=\"widget\" data-e-type=\"widget\" data-widget_type=\"text-editor.default\">\n\t\t\t\t<div class=\"elementor-widget-container\">\n\t\t\t\t\t\t\t\t\t<p>\u00ab<i>En todo lo que hice, les mostr\u00e9 que con este tipo de trabajo duro debemos ayudar a los d\u00e9biles, recordando las palabras que el mismo Se\u00f1or Jes\u00fas dijo: &#8216;<\/i><b><i>Es m\u00e1s bendito dar que recibir<\/i><\/b><i>&#8216;\u00bb&#8211;Hechos 20:35<\/i><\/p>\n\t\t\t\t\t\t\t\t<\/div>\n\t\t\t\t<\/div>\n\t\t\t\t\t<\/div>\n\t\t\t\t<\/div>\n\t\t<div class=\"elementor-element elementor-element-cf288ea e-flex e-con-boxed e-con e-child\" data-id=\"cf288ea\" data-element_type=\"container\" data-e-type=\"container\" data-settings=\"{&quot;background_background&quot;:&quot;classic&quot;}\">\n\t\t\t\t\t<div class=\"e-con-inner\">\n\t\t<div class=\"elementor-element elementor-element-76d1068 e-con-full e-flex e-con e-child\" data-id=\"76d1068\" data-element_type=\"container\" data-e-type=\"container\">\n\t\t\t\t<div class=\"elementor-element elementor-element-fd79524 elementor-widget elementor-widget-text-editor\" data-id=\"fd79524\" data-element_type=\"widget\" data-e-type=\"widget\" data-widget_type=\"text-editor.default\">\n\t\t\t\t<div class=\"elementor-widget-container\">\n\t\t\t\t\t\t\t\t\t<p style=\"text-align: left;\"><span style=\"font-weight: 400;\">Este es un momento especial en el que se te anima a actuar con fe. Les pedimos que preparen sus corazones y se comuniquen con Dios para establecer sus intenciones y expectativas para las semillas que sembrar\u00e1n en la fe este a\u00f1o. Adopte una postura de generosidad y d\u00e9 a trav\u00e9s del lente de la gracia. Recuerde, es a trav\u00e9s de Su gracia que todos somos salvos.<\/span><\/p><p style=\"text-align: left;\"><span style=\"font-weight: 400;\">Una vez al a\u00f1o apartamos una ofrenda especial adem\u00e1s de nuestros diezmos. Sin embargo, este no es un evento independiente, sino m\u00e1s bien una demostraci\u00f3n continua de la difusi\u00f3n del amor de Dios que comenzamos en esta temporada durante el Domingo de Un Coraz\u00f3n para la Casa.<\/span><\/p><p style=\"text-align: left;\"><span style=\"font-weight: 400;\">Acomp\u00e1\u00f1enos como iglesia para presentar su promesa, con oraci\u00f3n, de hacer una declaraci\u00f3n de lo que creen que Dios har\u00e1 por sus familias. Es muy prof\u00e9tico y muy poderoso.\u00a0<\/span><\/p><p style=\"text-align: left;\"><span style=\"font-weight: 400;\">Al empezar a hacer declaraciones:<\/span><\/p>\t\t\t\t\t\t\t\t<\/div>\n\t\t\t\t<\/div>\n\t\t\t\t<div class=\"elementor-element elementor-element-d3f826c elementor-icon-list--layout-traditional elementor-list-item-link-full_width elementor-widget elementor-widget-icon-list\" data-id=\"d3f826c\" data-element_type=\"widget\" data-e-type=\"widget\" data-widget_type=\"icon-list.default\">\n\t\t\t\t<div class=\"elementor-widget-container\">\n\t\t\t\t\t\t\t<ul class=\"elementor-icon-list-items\">\n\t\t\t\t\t\t\t<li class=\"elementor-icon-list-item\">\n\t\t\t\t\t\t\t\t\t\t\t<span class=\"elementor-icon-list-icon\">\n\t\t\t\t\t\t\t<svg aria-hidden=\"true\" class=\"e-font-icon-svg e-fas-check\" viewBox=\"0 0 512 512\" xmlns=\"http:\/\/www.w3.org\/2000\/svg\"><path d=\"M173.898 439.404l-166.4-166.4c-9.997-9.997-9.997-26.206 0-36.204l36.203-36.204c9.997-9.998 26.207-9.998 36.204 0L192 312.69 432.095 72.596c9.997-9.997 26.207-9.997 36.204 0l36.203 36.204c9.997 9.997 9.997 26.206 0 36.204l-294.4 294.401c-9.998 9.997-26.207 9.997-36.204-.001z\"><\/path><\/svg>\t\t\t\t\t\t<\/span>\n\t\t\t\t\t\t\t\t\t\t<span class=\"elementor-icon-list-text\">Declare la palabra de Dios, pronuncie la verdad de Dios.<\/span>\n\t\t\t\t\t\t\t\t\t<\/li>\n\t\t\t\t\t\t\t\t<li class=\"elementor-icon-list-item\">\n\t\t\t\t\t\t\t\t\t\t\t<span class=\"elementor-icon-list-icon\">\n\t\t\t\t\t\t\t<svg aria-hidden=\"true\" class=\"e-font-icon-svg e-fas-check\" viewBox=\"0 0 512 512\" xmlns=\"http:\/\/www.w3.org\/2000\/svg\"><path d=\"M173.898 439.404l-166.4-166.4c-9.997-9.997-9.997-26.206 0-36.204l36.203-36.204c9.997-9.998 26.207-9.998 36.204 0L192 312.69 432.095 72.596c9.997-9.997 26.207-9.997 36.204 0l36.203 36.204c9.997 9.997 9.997 26.206 0 36.204l-294.4 294.401c-9.998 9.997-26.207 9.997-36.204-.001z\"><\/path><\/svg>\t\t\t\t\t\t<\/span>\n\t\t\t\t\t\t\t\t\t\t<span class=\"elementor-icon-list-text\">As\u00f3ciate con la palabra de Dios: est\u00e1s llegando a un acuerdo con lo que Dios ya dijo.<\/span>\n\t\t\t\t\t\t\t\t\t<\/li>\n\t\t\t\t\t\t\t\t<li class=\"elementor-icon-list-item\">\n\t\t\t\t\t\t\t\t\t\t\t<span class=\"elementor-icon-list-icon\">\n\t\t\t\t\t\t\t<svg aria-hidden=\"true\" class=\"e-font-icon-svg e-fas-check\" viewBox=\"0 0 512 512\" xmlns=\"http:\/\/www.w3.org\/2000\/svg\"><path d=\"M173.898 439.404l-166.4-166.4c-9.997-9.997-9.997-26.206 0-36.204l36.203-36.204c9.997-9.998 26.207-9.998 36.204 0L192 312.69 432.095 72.596c9.997-9.997 26.207-9.997 36.204 0l36.203 36.204c9.997 9.997 9.997 26.206 0 36.204l-294.4 294.401c-9.998 9.997-26.207 9.997-36.204-.001z\"><\/path><\/svg>\t\t\t\t\t\t<\/span>\n\t\t\t\t\t\t\t\t\t\t<span class=\"elementor-icon-list-text\">Alinea tu coraz\u00f3n con la voluntad y la palabra de Dios sobre tu vida.<\/span>\n\t\t\t\t\t\t\t\t\t<\/li>\n\t\t\t\t\t\t<\/ul>\n\t\t\t\t\t\t<\/div>\n\t\t\t\t<\/div>\n\t\t\t\t<div class=\"elementor-element elementor-element-5e96790 elementor-align-center elementor-widget elementor-widget-button\" data-id=\"5e96790\" data-element_type=\"widget\" data-e-type=\"widget\" data-widget_type=\"button.default\">\n\t\t\t\t<div class=\"elementor-widget-container\">\n\t\t\t\t\t\t\t\t\t<div class=\"elementor-button-wrapper\">\n\t\t\t\t\t<a class=\"elementor-button elementor-button-link elementor-size-sm\" href=\"https:\/\/rcity.churchcenter.com\/people\/forms\/886758\" target=\"_blank\">\n\t\t\t\t\t\t<span class=\"elementor-button-content-wrapper\">\n\t\t\t\t\t\t\t\t\t<span class=\"elementor-button-text\">\u00danase a nosotros para marcar la diferencia<\/span>\n\t\t\t\t\t<\/span>\n\t\t\t\t\t<\/a>\n\t\t\t\t<\/div>\n\t\t\t\t\t\t\t\t<\/div>\n\t\t\t\t<\/div>\n\t\t\t\t<\/div>\n\t\t\t\t\t<\/div>\n\t\t\t\t<\/div>\n\t\t\t\t<div class=\"elementor-element elementor-element-6ee197f elementor-widget elementor-widget-image\" data-id=\"6ee197f\" data-element_type=\"widget\" data-e-type=\"widget\" data-widget_type=\"image.default\">\n\t\t\t\t<div class=\"elementor-widget-container\">\n\t\t\t\t\t\t\t\t\t\t\t\t\t\t\t<img fetchpriority=\"high\" decoding=\"async\" width=\"800\" height=\"533\" src=\"https:\/\/myrestorationcity.com\/wp-content\/uploads\/2024\/02\/pastor_eli_serrano_at_rcc_7645-1024x682.jpg\" class=\"attachment-large size-large wp-image-90999\" alt=\"\" srcset=\"https:\/\/myrestorationcity.com\/wp-content\/uploads\/2024\/02\/pastor_eli_serrano_at_rcc_7645-1024x682.jpg 1024w, https:\/\/myrestorationcity.com\/wp-content\/uploads\/2024\/02\/pastor_eli_serrano_at_rcc_7645-300x200.jpg 300w, https:\/\/myrestorationcity.com\/wp-content\/uploads\/2024\/02\/pastor_eli_serrano_at_rcc_7645-768x511.jpg 768w, https:\/\/myrestorationcity.com\/wp-content\/uploads\/2024\/02\/pastor_eli_serrano_at_rcc_7645-1536x1022.jpg 1536w, https:\/\/myrestorationcity.com\/wp-content\/uploads\/2024\/02\/pastor_eli_serrano_at_rcc_7645.jpg 2048w\" sizes=\"(max-width: 800px) 100vw, 800px\" \/>\t\t\t\t\t\t\t\t\t\t\t\t\t\t\t<\/div>\n\t\t\t\t<\/div>\n\t\t<div class=\"elementor-element elementor-element-0e66e6f e-flex e-con-boxed e-con e-child\" data-id=\"0e66e6f\" data-element_type=\"container\" data-e-type=\"container\">\n\t\t\t\t\t<div class=\"e-con-inner\">\n\t\t\t\t<div class=\"elementor-element elementor-element-f6294b6 elementor-widget elementor-widget-text-editor\" data-id=\"f6294b6\" data-element_type=\"widget\" data-e-type=\"widget\" data-widget_type=\"text-editor.default\">\n\t\t\t\t<div class=\"elementor-widget-container\">\n\t\t\t\t\t\t\t\t\t<p><span style=\"font-weight: 400;\">Luego, el 26 de enero de 2025, re\u00fanete con tu familia y alinea tus declaraciones (las semillas que est\u00e1s plantando de aquello por lo que est\u00e1s creyendo en Dios con fe) con la palabra que se aplica a ti y a tus circunstancias. Y una vez que haya escuchado a Dios, oramos para que se sienta impulsado a darle a Dios su mejor ofrenda.<\/span><\/p><p><span style=\"font-weight: 400;\">Es a trav\u00e9s de su generosidad que podemos continuar teniendo un impacto duradero en esta regi\u00f3n y en todas las naciones. Como iglesia, nuestro enfoque de dar se encuentra dentro de los siguientes cinco carriles de legado:<\/span><\/p><ol><li style=\"font-weight: 400;\" aria-level=\"1\"><span style=\"font-weight: 400;\"><strong>Pr\u00f3xima Generaci\u00f3n:<\/strong> queremos que nuestros j\u00f3venes sean empoderados por la palabra de Dios<\/span><\/li><li style=\"font-weight: 400;\" aria-level=\"1\"><span style=\"font-weight: 400;\"><strong>Nuestra Iglesia:<\/strong> queremos cumplir proyectos para seguir derramando el Esp\u00edritu Santo al mayor n\u00famero de personas posible<\/span><\/li><li style=\"font-weight: 400;\" aria-level=\"1\"><span style=\"font-weight: 400;\"><strong>Misiones locales:<\/strong> nos asociamos con agencias locales que brindan los servicios necesarios a los miembros de nuestra comunidad.<\/span><\/li><li style=\"font-weight: 400;\" aria-level=\"1\"><span style=\"font-weight: 400;\"><strong>Misiones Nacionales:<\/strong> ayudamos a organizaciones que plantan iglesias y difunden el evangelio<\/span><\/li><li style=\"font-weight: 400;\" aria-level=\"1\"><span style=\"font-weight: 400;\"><strong>Misiones Globales:<\/strong> llevamos y compartimos el evangelio a trav\u00e9s de las naciones a aquellos que buscan a Dios incluso en los lugares m\u00e1s remotos como Rep\u00fablica Dominicana, Colombia y partes de \u00c1frica.<\/span><\/li><\/ol>\t\t\t\t\t\t\t\t<\/div>\n\t\t\t\t<\/div>\n\t\t\t\t<div class=\"elementor-element elementor-element-edd998b elementor-align-center elementor-widget elementor-widget-button\" data-id=\"edd998b\" data-element_type=\"widget\" data-e-type=\"widget\" data-widget_type=\"button.default\">\n\t\t\t\t<div class=\"elementor-widget-container\">\n\t\t\t\t\t\t\t\t\t<div class=\"elementor-button-wrapper\">\n\t\t\t\t\t<a class=\"elementor-button elementor-button-link elementor-size-sm\" href=\"https:\/\/rcity.churchcenter.com\/people\/forms\/886758\" target=\"_blank\">\n\t\t\t\t\t\t<span class=\"elementor-button-content-wrapper\">\n\t\t\t\t\t\t\t\t\t<span class=\"elementor-button-text\">\u00danase a nosotros para marcar la diferencia<\/span>\n\t\t\t\t\t<\/span>\n\t\t\t\t\t<\/a>\n\t\t\t\t<\/div>\n\t\t\t\t\t\t\t\t<\/div>\n\t\t\t\t<\/div>\n\t\t\t\t<div class=\"elementor-element elementor-element-4ad3a25 elementor-widget elementor-widget-image\" data-id=\"4ad3a25\" data-element_type=\"widget\" data-e-type=\"widget\" data-widget_type=\"image.default\">\n\t\t\t\t<div class=\"elementor-widget-container\">\n\t\t\t\t\t\t\t\t\t\t\t\t\t\t\t<img decoding=\"async\" width=\"800\" height=\"450\" src=\"https:\/\/myrestorationcity.com\/wp-content\/uploads\/2023\/06\/missions-header-1024x576.jpg\" class=\"attachment-large size-large wp-image-89253\" alt=\"\" srcset=\"https:\/\/myrestorationcity.com\/wp-content\/uploads\/2023\/06\/missions-header-1024x576.jpg 1024w, https:\/\/myrestorationcity.com\/wp-content\/uploads\/2023\/06\/missions-header-300x169.jpg 300w, https:\/\/myrestorationcity.com\/wp-content\/uploads\/2023\/06\/missions-header-768x432.jpg 768w, https:\/\/myrestorationcity.com\/wp-content\/uploads\/2023\/06\/missions-header-1536x864.jpg 1536w, https:\/\/myrestorationcity.com\/wp-content\/uploads\/2023\/06\/missions-header.jpg 1920w\" sizes=\"(max-width: 800px) 100vw, 800px\" \/>\t\t\t\t\t\t\t\t\t\t\t\t\t\t\t<\/div>\n\t\t\t\t<\/div>\n\t\t<div class=\"elementor-element elementor-element-93b9358 e-flex e-con-boxed e-con e-child\" data-id=\"93b9358\" data-element_type=\"container\" data-e-type=\"container\" data-settings=\"{&quot;background_background&quot;:&quot;classic&quot;}\">\n\t\t\t\t\t<div class=\"e-con-inner\">\n\t\t\t\t<div class=\"elementor-element elementor-element-71f0ec2 elementor-widget elementor-widget-heading\" data-id=\"71f0ec2\" data-element_type=\"widget\" data-e-type=\"widget\" data-widget_type=\"heading.default\">\n\t\t\t\t<div class=\"elementor-widget-container\">\n\t\t\t\t\t<h3 class=\"elementor-heading-title elementor-size-default\">Un\u00e1monos en la fe para ver a nuestras familias, comunidades y naciones restauradas a trav\u00e9s del poder de la oraci\u00f3n.<\/h3>\t\t\t\t<\/div>\n\t\t\t\t<\/div>\n\t\t\t\t\t<\/div>\n\t\t\t\t<\/div>\n\t\t\t\t\t<\/div>\n\t\t\t\t<\/div>\n\t\t\t\t\t<\/div>\n\t\t\t\t<\/div>\n\t\t<div class=\"elementor-element elementor-element-4ae4aba e-flex e-con-boxed e-con e-parent\" data-id=\"4ae4aba\" data-element_type=\"container\" data-e-type=\"container\">\n\t\t\t\t\t<div class=\"e-con-inner\">\n\t\t\t\t\t<\/div>\n\t\t\t\t<\/div>\n\t\t\t\t<\/div>\n\t\t","protected":false},"excerpt":{"rendered":"<p>Un Coraz\u00f3n Para la Casa \u00abEn todo lo que hice, les mostr\u00e9 que con este tipo de trabajo duro debemos ayudar a los d\u00e9biles, recordando las palabras que el mismo Se\u00f1or Jes\u00fas dijo: &#8216;Es m\u00e1s bendito dar que recibir&#8216;\u00bb&#8211;Hechos 20:35 Este es un momento especial en el que se te anima a actuar con fe. [&hellip;]<\/p>\n","protected":false},"author":1,"featured_media":93532,"parent":0,"menu_order":0,"comment_status":"closed","ping_status":"closed","template":"","meta":{"_acf_changed":false,"footnotes":""},"class_list":["post-91967","page","type-page","status-publish","has-post-thumbnail","hentry"],"acf":[],"yoast_head":"<!-- This site is optimized with the Yoast SEO plugin v27.5 - https:\/\/yoast.com\/product\/yoast-seo-wordpress\/ -->\n<title>Coraz\u00f3n Para la Casa - Restoration City Church<\/title>\n<meta name=\"description\" content=\"Nos reunimos en oraci\u00f3n corporativa como iglesia para hacer declaraciones al Se\u00f1or para el pr\u00f3ximo a\u00f1o y para celebrar la continua fidelidad de Dios.\" \/>\n<meta name=\"robots\" content=\"index, follow, max-snippet:-1, max-image-preview:large, max-video-preview:-1\" \/>\n<link rel=\"canonical\" href=\"https:\/\/myrestorationcity.com\/heartforthehouse\/\" \/>\n<meta property=\"og:locale\" content=\"es_ES\" \/>\n<meta property=\"og:type\" content=\"article\" \/>\n<meta property=\"og:title\" content=\"Un Coraz\u00f3n para la Casa - Restoration City en Espa\u00f1ol\" \/>\n<meta property=\"og:description\" content=\"Nos reunimos en oraci\u00f3n corporativa como iglesia para hacer declaraciones al Se\u00f1or para el pr\u00f3ximo a\u00f1o y para celebrar la continua fidelidad de Dios.\" \/>\n<meta property=\"og:url\" content=\"https:\/\/myrestorationcity.com\/heartforthehouse\/\" \/>\n<meta property=\"og:site_name\" content=\"Restoration City Church\" \/>\n<meta property=\"article:publisher\" content=\"http:\/\/facebook.com\/myrestorationcitychurch\" \/>\n<meta property=\"article:modified_time\" content=\"2025-01-19T03:54:37+00:00\" \/>\n<meta property=\"og:image\" content=\"https:\/\/myrestorationcity.com\/wp-content\/uploads\/2025\/01\/SPA-Heart-for-the-house-celebration-march-30th-1.jpg\" \/>\n\t<meta property=\"og:image:width\" content=\"1920\" \/>\n\t<meta property=\"og:image:height\" content=\"1080\" \/>\n\t<meta property=\"og:image:type\" content=\"image\/jpeg\" \/>\n<meta name=\"twitter:card\" content=\"summary_large_image\" \/>\n<meta name=\"twitter:label1\" content=\"Tiempo de lectura\" \/>\n\t<meta name=\"twitter:data1\" content=\"3 minutos\" \/>\n<script type=\"application\/ld+json\" class=\"yoast-schema-graph\">{\"@context\":\"https:\\\/\\\/schema.org\",\"@graph\":[{\"@type\":\"WebPage\",\"@id\":\"https:\\\/\\\/myrestorationcity.com\\\/heartforthehouse\\\/\",\"url\":\"https:\\\/\\\/myrestorationcity.com\\\/heartforthehouse\\\/\",\"name\":\"Coraz\u00f3n Para la Casa - Restoration City Church\",\"isPartOf\":{\"@id\":\"https:\\\/\\\/myrestorationcity.com\\\/#website\"},\"primaryImageOfPage\":{\"@id\":\"https:\\\/\\\/myrestorationcity.com\\\/heartforthehouse\\\/#primaryimage\"},\"image\":{\"@id\":\"https:\\\/\\\/myrestorationcity.com\\\/heartforthehouse\\\/#primaryimage\"},\"thumbnailUrl\":\"https:\\\/\\\/myrestorationcity.com\\\/wp-content\\\/uploads\\\/2025\\\/01\\\/SPA-Heart-for-the-house-celebration-march-30th-1.jpg\",\"datePublished\":\"2024-03-07T15:22:05+00:00\",\"dateModified\":\"2025-01-19T03:54:37+00:00\",\"description\":\"Nos reunimos en oraci\u00f3n corporativa como iglesia para hacer declaraciones al Se\u00f1or para el pr\u00f3ximo a\u00f1o y para celebrar la continua fidelidad de Dios.\",\"inLanguage\":\"es\",\"potentialAction\":[{\"@type\":\"ReadAction\",\"target\":[\"https:\\\/\\\/myrestorationcity.com\\\/heartforthehouse\\\/\"]}]},{\"@type\":\"ImageObject\",\"inLanguage\":\"es\",\"@id\":\"https:\\\/\\\/myrestorationcity.com\\\/heartforthehouse\\\/#primaryimage\",\"url\":\"https:\\\/\\\/myrestorationcity.com\\\/wp-content\\\/uploads\\\/2025\\\/01\\\/SPA-Heart-for-the-house-celebration-march-30th-1.jpg\",\"contentUrl\":\"https:\\\/\\\/myrestorationcity.com\\\/wp-content\\\/uploads\\\/2025\\\/01\\\/SPA-Heart-for-the-house-celebration-march-30th-1.jpg\",\"width\":1920,\"height\":1080},{\"@type\":\"WebSite\",\"@id\":\"https:\\\/\\\/myrestorationcity.com\\\/#website\",\"url\":\"https:\\\/\\\/myrestorationcity.com\\\/\",\"name\":\"Restoration City Church\",\"description\":\"\",\"publisher\":{\"@id\":\"https:\\\/\\\/myrestorationcity.com\\\/#organization\"},\"potentialAction\":[{\"@type\":\"SearchAction\",\"target\":{\"@type\":\"EntryPoint\",\"urlTemplate\":\"https:\\\/\\\/myrestorationcity.com\\\/?s={search_term_string}\"},\"query-input\":{\"@type\":\"PropertyValueSpecification\",\"valueRequired\":true,\"valueName\":\"search_term_string\"}}],\"inLanguage\":\"es\"},{\"@type\":\"Organization\",\"@id\":\"https:\\\/\\\/myrestorationcity.com\\\/#organization\",\"name\":\"Restoration City Church\",\"url\":\"https:\\\/\\\/myrestorationcity.com\\\/\",\"logo\":{\"@type\":\"ImageObject\",\"inLanguage\":\"es\",\"@id\":\"https:\\\/\\\/myrestorationcity.com\\\/#\\\/schema\\\/logo\\\/image\\\/\",\"url\":\"https:\\\/\\\/myrestorationcity.com\\\/wp-content\\\/uploads\\\/2022\\\/10\\\/RC-333.png\",\"contentUrl\":\"https:\\\/\\\/myrestorationcity.com\\\/wp-content\\\/uploads\\\/2022\\\/10\\\/RC-333.png\",\"width\":303,\"height\":303,\"caption\":\"Restoration City Church\"},\"image\":{\"@id\":\"https:\\\/\\\/myrestorationcity.com\\\/#\\\/schema\\\/logo\\\/image\\\/\"},\"sameAs\":[\"http:\\\/\\\/facebook.com\\\/myrestorationcitychurch\",\"https:\\\/\\\/www.instagram.com\\\/myrestorationcitychurch\\\/\",\"https:\\\/\\\/www.youtube.com\\\/channel\\\/UCFumLxquLd5wLXXBhUqRH_w\"]}]}<\/script>\n<!-- \/ Yoast SEO plugin. -->","yoast_head_json":{"title":"Coraz\u00f3n Para la Casa - Restoration City Church","description":"Nos reunimos en oraci\u00f3n corporativa como iglesia para hacer declaraciones al Se\u00f1or para el pr\u00f3ximo a\u00f1o y para celebrar la continua fidelidad de Dios.","robots":{"index":"index","follow":"follow","max-snippet":"max-snippet:-1","max-image-preview":"max-image-preview:large","max-video-preview":"max-video-preview:-1"},"canonical":"https:\/\/myrestorationcity.com\/heartforthehouse\/","og_locale":"es_ES","og_type":"article","og_title":"Un Coraz\u00f3n para la Casa - Restoration City en Espa\u00f1ol","og_description":"Nos reunimos en oraci\u00f3n corporativa como iglesia para hacer declaraciones al Se\u00f1or para el pr\u00f3ximo a\u00f1o y para celebrar la continua fidelidad de Dios.","og_url":"https:\/\/myrestorationcity.com\/heartforthehouse\/","og_site_name":"Restoration City Church","article_publisher":"http:\/\/facebook.com\/myrestorationcitychurch","article_modified_time":"2025-01-19T03:54:37+00:00","og_image":[{"width":1920,"height":1080,"url":"https:\/\/myrestorationcity.com\/wp-content\/uploads\/2025\/01\/SPA-Heart-for-the-house-celebration-march-30th-1.jpg","type":"image\/jpeg"}],"twitter_card":"summary_large_image","twitter_misc":{"Tiempo de lectura":"3 minutos"},"schema":{"@context":"https:\/\/schema.org","@graph":[{"@type":"WebPage","@id":"https:\/\/myrestorationcity.com\/heartforthehouse\/","url":"https:\/\/myrestorationcity.com\/heartforthehouse\/","name":"Coraz\u00f3n Para la Casa - Restoration City Church","isPartOf":{"@id":"https:\/\/myrestorationcity.com\/#website"},"primaryImageOfPage":{"@id":"https:\/\/myrestorationcity.com\/heartforthehouse\/#primaryimage"},"image":{"@id":"https:\/\/myrestorationcity.com\/heartforthehouse\/#primaryimage"},"thumbnailUrl":"https:\/\/myrestorationcity.com\/wp-content\/uploads\/2025\/01\/SPA-Heart-for-the-house-celebration-march-30th-1.jpg","datePublished":"2024-03-07T15:22:05+00:00","dateModified":"2025-01-19T03:54:37+00:00","description":"Nos reunimos en oraci\u00f3n corporativa como iglesia para hacer declaraciones al Se\u00f1or para el pr\u00f3ximo a\u00f1o y para celebrar la continua fidelidad de Dios.","inLanguage":"es","potentialAction":[{"@type":"ReadAction","target":["https:\/\/myrestorationcity.com\/heartforthehouse\/"]}]},{"@type":"ImageObject","inLanguage":"es","@id":"https:\/\/myrestorationcity.com\/heartforthehouse\/#primaryimage","url":"https:\/\/myrestorationcity.com\/wp-content\/uploads\/2025\/01\/SPA-Heart-for-the-house-celebration-march-30th-1.jpg","contentUrl":"https:\/\/myrestorationcity.com\/wp-content\/uploads\/2025\/01\/SPA-Heart-for-the-house-celebration-march-30th-1.jpg","width":1920,"height":1080},{"@type":"WebSite","@id":"https:\/\/myrestorationcity.com\/#website","url":"https:\/\/myrestorationcity.com\/","name":"Restoration City Church","description":"","publisher":{"@id":"https:\/\/myrestorationcity.com\/#organization"},"potentialAction":[{"@type":"SearchAction","target":{"@type":"EntryPoint","urlTemplate":"https:\/\/myrestorationcity.com\/?s={search_term_string}"},"query-input":{"@type":"PropertyValueSpecification","valueRequired":true,"valueName":"search_term_string"}}],"inLanguage":"es"},{"@type":"Organization","@id":"https:\/\/myrestorationcity.com\/#organization","name":"Restoration City Church","url":"https:\/\/myrestorationcity.com\/","logo":{"@type":"ImageObject","inLanguage":"es","@id":"https:\/\/myrestorationcity.com\/#\/schema\/logo\/image\/","url":"https:\/\/myrestorationcity.com\/wp-content\/uploads\/2022\/10\/RC-333.png","contentUrl":"https:\/\/myrestorationcity.com\/wp-content\/uploads\/2022\/10\/RC-333.png","width":303,"height":303,"caption":"Restoration City Church"},"image":{"@id":"https:\/\/myrestorationcity.com\/#\/schema\/logo\/image\/"},"sameAs":["http:\/\/facebook.com\/myrestorationcitychurch","https:\/\/www.instagram.com\/myrestorationcitychurch\/","https:\/\/www.youtube.com\/channel\/UCFumLxquLd5wLXXBhUqRH_w"]}]}},"jetpack_sharing_enabled":true,"_links":{"self":[{"href":"https:\/\/myrestorationcity.com\/es\/wp-json\/wp\/v2\/pages\/91967","targetHints":{"allow":["GET"]}}],"collection":[{"href":"https:\/\/myrestorationcity.com\/es\/wp-json\/wp\/v2\/pages"}],"about":[{"href":"https:\/\/myrestorationcity.com\/es\/wp-json\/wp\/v2\/types\/page"}],"author":[{"embeddable":true,"href":"https:\/\/myrestorationcity.com\/es\/wp-json\/wp\/v2\/users\/1"}],"replies":[{"embeddable":true,"href":"https:\/\/myrestorationcity.com\/es\/wp-json\/wp\/v2\/comments?post=91967"}],"version-history":[{"count":32,"href":"https:\/\/myrestorationcity.com\/es\/wp-json\/wp\/v2\/pages\/91967\/revisions"}],"predecessor-version":[{"id":93561,"href":"https:\/\/myrestorationcity.com\/es\/wp-json\/wp\/v2\/pages\/91967\/revisions\/93561"}],"wp:featuredmedia":[{"embeddable":true,"href":"https:\/\/myrestorationcity.com\/es\/wp-json\/wp\/v2\/media\/93532"}],"wp:attachment":[{"href":"https:\/\/myrestorationcity.com\/es\/wp-json\/wp\/v2\/media?parent=91967"}],"curies":[{"name":"wp","href":"https:\/\/api.w.org\/{rel}","templated":true}]}}