{"id":90490,"date":"2024-02-15T08:04:55","date_gmt":"2024-02-15T13:04:55","guid":{"rendered":"https:\/\/myrestorationcity.com\/21-days\/daily-devotional\/"},"modified":"2026-01-04T00:20:14","modified_gmt":"2026-01-04T05:20:14","slug":"daily-prayer-focus","status":"publish","type":"page","link":"https:\/\/myrestorationcity.com\/es\/21days\/daily-prayer-focus\/","title":{"rendered":"Devocional Diario"},"content":{"rendered":"\t\t<div data-elementor-type=\"wp-page\" data-elementor-id=\"90490\" class=\"elementor elementor-90490 elementor-90195\" data-elementor-post-type=\"page\">\n\t\t\t\t<div class=\"elementor-element elementor-element-8e5d99b e-flex e-con-boxed e-con e-parent\" data-id=\"8e5d99b\" data-element_type=\"container\" data-e-type=\"container\" data-settings=\"{&quot;background_background&quot;:&quot;classic&quot;}\">\n\t\t\t\t\t<div class=\"e-con-inner\">\n\t\t<div class=\"elementor-element elementor-element-58a5078 e-con-full e-flex e-con e-child\" data-id=\"58a5078\" data-element_type=\"container\" data-e-type=\"container\" data-settings=\"{&quot;background_background&quot;:&quot;classic&quot;}\">\n\t\t\t\t<div class=\"elementor-element elementor-element-a0f85ee elementor-widget elementor-widget-heading\" data-id=\"a0f85ee\" data-element_type=\"widget\" data-e-type=\"widget\" data-widget_type=\"heading.default\">\n\t\t\t\t<div class=\"elementor-widget-container\">\n\t\t\t\t\t<h1 class=\"elementor-heading-title elementor-size-default\">Devocional Diario de Oraci\u00f3n<\/h1>\t\t\t\t<\/div>\n\t\t\t\t<\/div>\n\t\t\t\t<\/div>\n\t\t\t\t\t<\/div>\n\t\t\t\t<\/div>\n\t\t<div class=\"elementor-element elementor-element-13a1e9d e-flex e-con-boxed e-con e-parent\" data-id=\"13a1e9d\" data-element_type=\"container\" data-e-type=\"container\">\n\t\t\t\t\t<div class=\"e-con-inner\">\n\t\t<div class=\"elementor-element elementor-element-6218ae5 e-con-full e-flex e-con e-child\" data-id=\"6218ae5\" data-element_type=\"container\" data-e-type=\"container\" data-settings=\"{&quot;background_background&quot;:&quot;classic&quot;}\">\n\t\t\t\t<div class=\"elementor-element elementor-element-8afbd3f elementor-nav-menu--dropdown-none elementor-nav-menu__align-center elementor-widget elementor-widget-nav-menu\" data-id=\"8afbd3f\" data-element_type=\"widget\" data-e-type=\"widget\" data-settings=\"{&quot;layout&quot;:&quot;horizontal&quot;,&quot;submenu_icon&quot;:{&quot;value&quot;:&quot;&lt;svg aria-hidden=\\&quot;true\\&quot; class=\\&quot;e-font-icon-svg e-fas-caret-down\\&quot; viewBox=\\&quot;0 0 320 512\\&quot; xmlns=\\&quot;http:\\\/\\\/www.w3.org\\\/2000\\\/svg\\&quot;&gt;&lt;path d=\\&quot;M31.3 192h257.3c17.8 0 26.7 21.5 14.1 34.1L174.1 354.8c-7.8 7.8-20.5 7.8-28.3 0L17.2 226.1C4.6 213.5 13.5 192 31.3 192z\\&quot;&gt;&lt;\\\/path&gt;&lt;\\\/svg&gt;&quot;,&quot;library&quot;:&quot;fa-solid&quot;}}\" data-widget_type=\"nav-menu.default\">\n\t\t\t\t<div class=\"elementor-widget-container\">\n\t\t\t\t\t\t\t\t<nav aria-label=\"Menu\" class=\"elementor-nav-menu--main elementor-nav-menu__container elementor-nav-menu--layout-horizontal e--pointer-text e--animation-none\">\n\t\t\t\t<ul id=\"menu-1-8afbd3f\" class=\"elementor-nav-menu\"><li class=\"menu-item menu-item-type-post_type menu-item-object-page menu-item-90198\"><a href=\"https:\/\/myrestorationcity.com\/21days\/\" class=\"elementor-item\">21 Dias de Oraci\u00f3n y Ayuno<\/a><\/li>\n<li class=\"menu-item menu-item-type-post_type menu-item-object-page menu-item-90200\"><a href=\"https:\/\/myrestorationcity.com\/21days\/fasting\/\" class=\"elementor-item\">Ayuno<\/a><\/li>\n<li class=\"menu-item menu-item-type-post_type menu-item-object-page menu-item-90199\"><a href=\"https:\/\/myrestorationcity.com\/21days\/daily-prayer-focus\/\" class=\"elementor-item\">Devocional Diario<\/a><\/li>\n<\/ul>\t\t\t<\/nav>\n\t\t\t\t\t\t<nav class=\"elementor-nav-menu--dropdown elementor-nav-menu__container\" aria-hidden=\"true\">\n\t\t\t\t<ul id=\"menu-2-8afbd3f\" class=\"elementor-nav-menu\"><li class=\"menu-item menu-item-type-post_type menu-item-object-page menu-item-90198\"><a href=\"https:\/\/myrestorationcity.com\/21days\/\" class=\"elementor-item\" tabindex=\"-1\">21 Dias de Oraci\u00f3n y Ayuno<\/a><\/li>\n<li class=\"menu-item menu-item-type-post_type menu-item-object-page menu-item-90200\"><a href=\"https:\/\/myrestorationcity.com\/21days\/fasting\/\" class=\"elementor-item\" tabindex=\"-1\">Ayuno<\/a><\/li>\n<li class=\"menu-item menu-item-type-post_type menu-item-object-page menu-item-90199\"><a href=\"https:\/\/myrestorationcity.com\/21days\/daily-prayer-focus\/\" class=\"elementor-item\" tabindex=\"-1\">Devocional Diario<\/a><\/li>\n<\/ul>\t\t\t<\/nav>\n\t\t\t\t\t\t<\/div>\n\t\t\t\t<\/div>\n\t\t\t\t<\/div>\n\t\t\t\t\t<\/div>\n\t\t\t\t<\/div>\n\t\t<div class=\"elementor-element elementor-element-cf555cc e-flex e-con-boxed e-con e-parent\" data-id=\"cf555cc\" data-element_type=\"container\" data-e-type=\"container\">\n\t\t\t\t\t<div class=\"e-con-inner\">\n\t\t<div class=\"elementor-element elementor-element-23e33ad e-flex e-con-boxed e-con e-child\" data-id=\"23e33ad\" data-element_type=\"container\" data-e-type=\"container\">\n\t\t\t\t\t<div class=\"e-con-inner\">\n\t\t\t\t<div class=\"elementor-element elementor-element-5f42ed6 elementor-widget elementor-widget-heading\" data-id=\"5f42ed6\" data-element_type=\"widget\" data-e-type=\"widget\" data-widget_type=\"heading.default\">\n\t\t\t\t<div class=\"elementor-widget-container\">\n\t\t\t\t\t<h2 class=\"elementor-heading-title elementor-size-default\">Devocional Diario de Oraci\u00f3n<\/h2>\t\t\t\t<\/div>\n\t\t\t\t<\/div>\n\t\t\t\t<div class=\"elementor-element elementor-element-4d3e15b elementor-widget elementor-widget-text-editor\" data-id=\"4d3e15b\" data-element_type=\"widget\" data-e-type=\"widget\" data-widget_type=\"text-editor.default\">\n\t\t\t\t<div class=\"elementor-widget-container\">\n\t\t\t\t\t\t\t\t\t<p>Eleve su viaje espiritual con nuestro Devocional de Oraci\u00f3n Diaria. Explora ideas profundas, encuentra fuerza en la oraci\u00f3n y cultiva una conexi\u00f3n m\u00e1s profunda con Dios mientras te embarcas en un viaje de fe y reflexi\u00f3n.<\/p>\n\t\t\t\t\t\t\t\t<\/div>\n\t\t\t\t<\/div>\n\t\t\t\t\t<\/div>\n\t\t\t\t<\/div>\n\t\t\t\t\t<\/div>\n\t\t\t\t<\/div>\n\t\t<div class=\"elementor-element elementor-element-d06cdf4 e-flex e-con-boxed e-con e-parent\" data-id=\"d06cdf4\" data-element_type=\"container\" data-e-type=\"container\">\n\t\t\t\t\t<div class=\"e-con-inner\">\n\t\t\t\t<div class=\"elementor-element elementor-element-ed1ad9b elementor-cta--layout-image-left elementor-cta--mobile-layout-image-above elementor-cta--valign-middle elementor-widget__width-inherit elementor-cta--skin-classic elementor-animated-content elementor-widget elementor-widget-call-to-action\" data-id=\"ed1ad9b\" data-element_type=\"widget\" data-e-type=\"widget\" data-widget_type=\"call-to-action.default\">\n\t\t\t\t<div class=\"elementor-widget-container\">\n\t\t\t\t\t\t\t<div class=\"elementor-cta\">\n\t\t\t\t\t<div class=\"elementor-cta__bg-wrapper\">\n\t\t\t\t<div class=\"elementor-cta__bg elementor-bg\" style=\"background-image: url(https:\/\/myrestorationcity.com\/wp-content\/uploads\/2025\/12\/HD-Title-Slide-1-1.jpg);\" role=\"img\" aria-label=\"HD Title Slide (1)\"><\/div>\n\t\t\t\t<div class=\"elementor-cta__bg-overlay\"><\/div>\n\t\t\t<\/div>\n\t\t\t\t\t\t\t<div class=\"elementor-cta__content\">\n\t\t\t\t\n\t\t\t\t\t\t\t\t\t<h2 class=\"elementor-cta__title elementor-cta__content-item elementor-content-item\">\n\t\t\t\t\t\t21 D\u00edas de Oraci\u00f3n: Gu\u00eda Devocional Diaria\t\t\t\t\t<\/h2>\n\t\t\t\t\n\t\t\t\t\t\t\t\t\t<div class=\"elementor-cta__description elementor-cta__content-item elementor-content-item\">\n\t\t\t\t\t\tAqu\u00ed encontrar\u00e1s un devocional diario para orar durante los 21 Dias de Oraci\u00f3n\n\t\t\t\t\t<\/div>\n\t\t\t\t\n\t\t\t\t\t\t\t\t\t<div class=\"elementor-cta__button-wrapper elementor-cta__content-item elementor-content-item \">\n\t\t\t\t\t<a class=\"elementor-cta__button elementor-button elementor-size-\" href=\"https:\/\/drive.google.com\/file\/d\/11Cdf7LAflZ5A6RMoz2w_k4UTbAENCMiY\/view?usp=drive_link\" target=\"_blank\">\n\t\t\t\t\t\tDescarga el PDF &#x27F6;\t\t\t\t\t<\/a>\n\t\t\t\t\t<\/div>\n\t\t\t\t\t\t\t<\/div>\n\t\t\t\t\t\t<\/div>\n\t\t\t\t\t\t<\/div>\n\t\t\t\t<\/div>\n\t\t\t\t\t<\/div>\n\t\t\t\t<\/div>\n\t\t\t\t<\/div>\n\t\t","protected":false},"excerpt":{"rendered":"<p>Devocional Diario de Oraci\u00f3n Devocional Diario de Oraci\u00f3n Eleve su viaje espiritual con nuestro Devocional de Oraci\u00f3n Diaria. Explora ideas profundas, encuentra fuerza en la oraci\u00f3n y cultiva una conexi\u00f3n m\u00e1s profunda con Dios mientras te embarcas en un viaje de fe y reflexi\u00f3n. 21 D\u00edas de Oraci\u00f3n: Gu\u00eda Devocional Diaria Aqu\u00ed encontrar\u00e1s un devocional [&hellip;]<\/p>\n","protected":false},"author":1,"featured_media":92666,"parent":90488,"menu_order":0,"comment_status":"closed","ping_status":"closed","template":"elementor_header_footer","meta":{"_acf_changed":false,"footnotes":""},"class_list":["post-90490","page","type-page","status-publish","has-post-thumbnail","hentry"],"acf":[],"yoast_head":"<!-- This site is optimized with the Yoast SEO plugin v27.5 - https:\/\/yoast.com\/product\/yoast-seo-wordpress\/ -->\n<title>Devocional Diario - Restoration City Church<\/title>\n<meta name=\"robots\" content=\"index, follow, max-snippet:-1, max-image-preview:large, max-video-preview:-1\" \/>\n<link rel=\"canonical\" href=\"https:\/\/myrestorationcity.com\/es\/21days\/daily-prayer-focus\/\" \/>\n<meta property=\"og:locale\" content=\"es_ES\" \/>\n<meta property=\"og:type\" content=\"article\" \/>\n<meta property=\"og:title\" content=\"Devocional Diario - Restoration City Church\" \/>\n<meta property=\"og:description\" content=\"Devocional Diario de Oraci\u00f3n Devocional Diario de Oraci\u00f3n Eleve su viaje espiritual con nuestro Devocional de Oraci\u00f3n Diaria. Explora ideas profundas, encuentra fuerza en la oraci\u00f3n y cultiva una conexi\u00f3n m\u00e1s profunda con Dios mientras te embarcas en un viaje de fe y reflexi\u00f3n. 21 D\u00edas de Oraci\u00f3n: Gu\u00eda Devocional Diaria Aqu\u00ed encontrar\u00e1s un devocional [&hellip;]\" \/>\n<meta property=\"og:url\" content=\"https:\/\/myrestorationcity.com\/es\/21days\/daily-prayer-focus\/\" \/>\n<meta property=\"og:site_name\" content=\"Restoration City Church\" \/>\n<meta property=\"article:publisher\" content=\"http:\/\/facebook.com\/myrestorationcitychurch\" \/>\n<meta property=\"article:modified_time\" content=\"2026-01-04T05:20:14+00:00\" \/>\n<meta property=\"og:image\" content=\"https:\/\/myrestorationcity.com\/wp-content\/uploads\/2024\/07\/21-Days-of-Prayer_Date_1920x1080-1024x576.jpg\" \/>\n\t<meta property=\"og:image:width\" content=\"1024\" \/>\n\t<meta property=\"og:image:height\" content=\"576\" \/>\n\t<meta property=\"og:image:type\" content=\"image\/jpeg\" \/>\n<meta name=\"twitter:card\" content=\"summary_large_image\" \/>\n<meta name=\"twitter:label1\" content=\"Tiempo de lectura\" \/>\n\t<meta name=\"twitter:data1\" content=\"1 minuto\" \/>\n<script type=\"application\/ld+json\" class=\"yoast-schema-graph\">{\"@context\":\"https:\\\/\\\/schema.org\",\"@graph\":[{\"@type\":\"WebPage\",\"@id\":\"https:\\\/\\\/myrestorationcity.com\\\/es\\\/21days\\\/daily-prayer-focus\\\/\",\"url\":\"https:\\\/\\\/myrestorationcity.com\\\/es\\\/21days\\\/daily-prayer-focus\\\/\",\"name\":\"Devocional Diario - Restoration City Church\",\"isPartOf\":{\"@id\":\"https:\\\/\\\/myrestorationcity.com\\\/#website\"},\"primaryImageOfPage\":{\"@id\":\"https:\\\/\\\/myrestorationcity.com\\\/es\\\/21days\\\/daily-prayer-focus\\\/#primaryimage\"},\"image\":{\"@id\":\"https:\\\/\\\/myrestorationcity.com\\\/es\\\/21days\\\/daily-prayer-focus\\\/#primaryimage\"},\"thumbnailUrl\":\"https:\\\/\\\/myrestorationcity.com\\\/wp-content\\\/uploads\\\/2024\\\/07\\\/21-Days-of-Prayer_Date_1920x1080.jpg\",\"datePublished\":\"2024-02-15T13:04:55+00:00\",\"dateModified\":\"2026-01-04T05:20:14+00:00\",\"breadcrumb\":{\"@id\":\"https:\\\/\\\/myrestorationcity.com\\\/es\\\/21days\\\/daily-prayer-focus\\\/#breadcrumb\"},\"inLanguage\":\"es\",\"potentialAction\":[{\"@type\":\"ReadAction\",\"target\":[\"https:\\\/\\\/myrestorationcity.com\\\/es\\\/21days\\\/daily-prayer-focus\\\/\"]}]},{\"@type\":\"ImageObject\",\"inLanguage\":\"es\",\"@id\":\"https:\\\/\\\/myrestorationcity.com\\\/es\\\/21days\\\/daily-prayer-focus\\\/#primaryimage\",\"url\":\"https:\\\/\\\/myrestorationcity.com\\\/wp-content\\\/uploads\\\/2024\\\/07\\\/21-Days-of-Prayer_Date_1920x1080.jpg\",\"contentUrl\":\"https:\\\/\\\/myrestorationcity.com\\\/wp-content\\\/uploads\\\/2024\\\/07\\\/21-Days-of-Prayer_Date_1920x1080.jpg\",\"width\":1920,\"height\":1080},{\"@type\":\"BreadcrumbList\",\"@id\":\"https:\\\/\\\/myrestorationcity.com\\\/es\\\/21days\\\/daily-prayer-focus\\\/#breadcrumb\",\"itemListElement\":[{\"@type\":\"ListItem\",\"position\":1,\"name\":\"21 Dias de Oraci\u00f3n y Ayuno\",\"item\":\"https:\\\/\\\/myrestorationcity.com\\\/es\\\/21days\\\/\"},{\"@type\":\"ListItem\",\"position\":2,\"name\":\"Devocional Diario\"}]},{\"@type\":\"WebSite\",\"@id\":\"https:\\\/\\\/myrestorationcity.com\\\/#website\",\"url\":\"https:\\\/\\\/myrestorationcity.com\\\/\",\"name\":\"Restoration City Church\",\"description\":\"\",\"publisher\":{\"@id\":\"https:\\\/\\\/myrestorationcity.com\\\/#organization\"},\"potentialAction\":[{\"@type\":\"SearchAction\",\"target\":{\"@type\":\"EntryPoint\",\"urlTemplate\":\"https:\\\/\\\/myrestorationcity.com\\\/?s={search_term_string}\"},\"query-input\":{\"@type\":\"PropertyValueSpecification\",\"valueRequired\":true,\"valueName\":\"search_term_string\"}}],\"inLanguage\":\"es\"},{\"@type\":\"Organization\",\"@id\":\"https:\\\/\\\/myrestorationcity.com\\\/#organization\",\"name\":\"Restoration City Church\",\"url\":\"https:\\\/\\\/myrestorationcity.com\\\/\",\"logo\":{\"@type\":\"ImageObject\",\"inLanguage\":\"es\",\"@id\":\"https:\\\/\\\/myrestorationcity.com\\\/#\\\/schema\\\/logo\\\/image\\\/\",\"url\":\"https:\\\/\\\/myrestorationcity.com\\\/wp-content\\\/uploads\\\/2022\\\/10\\\/RC-333.png\",\"contentUrl\":\"https:\\\/\\\/myrestorationcity.com\\\/wp-content\\\/uploads\\\/2022\\\/10\\\/RC-333.png\",\"width\":303,\"height\":303,\"caption\":\"Restoration City Church\"},\"image\":{\"@id\":\"https:\\\/\\\/myrestorationcity.com\\\/#\\\/schema\\\/logo\\\/image\\\/\"},\"sameAs\":[\"http:\\\/\\\/facebook.com\\\/myrestorationcitychurch\",\"https:\\\/\\\/www.instagram.com\\\/myrestorationcitychurch\\\/\",\"https:\\\/\\\/www.youtube.com\\\/channel\\\/UCFumLxquLd5wLXXBhUqRH_w\"]}]}<\/script>\n<!-- \/ Yoast SEO plugin. -->","yoast_head_json":{"title":"Devocional Diario - Restoration City Church","robots":{"index":"index","follow":"follow","max-snippet":"max-snippet:-1","max-image-preview":"max-image-preview:large","max-video-preview":"max-video-preview:-1"},"canonical":"https:\/\/myrestorationcity.com\/es\/21days\/daily-prayer-focus\/","og_locale":"es_ES","og_type":"article","og_title":"Devocional Diario - Restoration City Church","og_description":"Devocional Diario de Oraci\u00f3n Devocional Diario de Oraci\u00f3n Eleve su viaje espiritual con nuestro Devocional de Oraci\u00f3n Diaria. Explora ideas profundas, encuentra fuerza en la oraci\u00f3n y cultiva una conexi\u00f3n m\u00e1s profunda con Dios mientras te embarcas en un viaje de fe y reflexi\u00f3n. 21 D\u00edas de Oraci\u00f3n: Gu\u00eda Devocional Diaria Aqu\u00ed encontrar\u00e1s un devocional [&hellip;]","og_url":"https:\/\/myrestorationcity.com\/es\/21days\/daily-prayer-focus\/","og_site_name":"Restoration City Church","article_publisher":"http:\/\/facebook.com\/myrestorationcitychurch","article_modified_time":"2026-01-04T05:20:14+00:00","og_image":[{"width":1024,"height":576,"url":"https:\/\/myrestorationcity.com\/wp-content\/uploads\/2024\/07\/21-Days-of-Prayer_Date_1920x1080-1024x576.jpg","type":"image\/jpeg"}],"twitter_card":"summary_large_image","twitter_misc":{"Tiempo de lectura":"1 minuto"},"schema":{"@context":"https:\/\/schema.org","@graph":[{"@type":"WebPage","@id":"https:\/\/myrestorationcity.com\/es\/21days\/daily-prayer-focus\/","url":"https:\/\/myrestorationcity.com\/es\/21days\/daily-prayer-focus\/","name":"Devocional Diario - Restoration City Church","isPartOf":{"@id":"https:\/\/myrestorationcity.com\/#website"},"primaryImageOfPage":{"@id":"https:\/\/myrestorationcity.com\/es\/21days\/daily-prayer-focus\/#primaryimage"},"image":{"@id":"https:\/\/myrestorationcity.com\/es\/21days\/daily-prayer-focus\/#primaryimage"},"thumbnailUrl":"https:\/\/myrestorationcity.com\/wp-content\/uploads\/2024\/07\/21-Days-of-Prayer_Date_1920x1080.jpg","datePublished":"2024-02-15T13:04:55+00:00","dateModified":"2026-01-04T05:20:14+00:00","breadcrumb":{"@id":"https:\/\/myrestorationcity.com\/es\/21days\/daily-prayer-focus\/#breadcrumb"},"inLanguage":"es","potentialAction":[{"@type":"ReadAction","target":["https:\/\/myrestorationcity.com\/es\/21days\/daily-prayer-focus\/"]}]},{"@type":"ImageObject","inLanguage":"es","@id":"https:\/\/myrestorationcity.com\/es\/21days\/daily-prayer-focus\/#primaryimage","url":"https:\/\/myrestorationcity.com\/wp-content\/uploads\/2024\/07\/21-Days-of-Prayer_Date_1920x1080.jpg","contentUrl":"https:\/\/myrestorationcity.com\/wp-content\/uploads\/2024\/07\/21-Days-of-Prayer_Date_1920x1080.jpg","width":1920,"height":1080},{"@type":"BreadcrumbList","@id":"https:\/\/myrestorationcity.com\/es\/21days\/daily-prayer-focus\/#breadcrumb","itemListElement":[{"@type":"ListItem","position":1,"name":"21 Dias de Oraci\u00f3n y Ayuno","item":"https:\/\/myrestorationcity.com\/es\/21days\/"},{"@type":"ListItem","position":2,"name":"Devocional Diario"}]},{"@type":"WebSite","@id":"https:\/\/myrestorationcity.com\/#website","url":"https:\/\/myrestorationcity.com\/","name":"Restoration City Church","description":"","publisher":{"@id":"https:\/\/myrestorationcity.com\/#organization"},"potentialAction":[{"@type":"SearchAction","target":{"@type":"EntryPoint","urlTemplate":"https:\/\/myrestorationcity.com\/?s={search_term_string}"},"query-input":{"@type":"PropertyValueSpecification","valueRequired":true,"valueName":"search_term_string"}}],"inLanguage":"es"},{"@type":"Organization","@id":"https:\/\/myrestorationcity.com\/#organization","name":"Restoration City Church","url":"https:\/\/myrestorationcity.com\/","logo":{"@type":"ImageObject","inLanguage":"es","@id":"https:\/\/myrestorationcity.com\/#\/schema\/logo\/image\/","url":"https:\/\/myrestorationcity.com\/wp-content\/uploads\/2022\/10\/RC-333.png","contentUrl":"https:\/\/myrestorationcity.com\/wp-content\/uploads\/2022\/10\/RC-333.png","width":303,"height":303,"caption":"Restoration City Church"},"image":{"@id":"https:\/\/myrestorationcity.com\/#\/schema\/logo\/image\/"},"sameAs":["http:\/\/facebook.com\/myrestorationcitychurch","https:\/\/www.instagram.com\/myrestorationcitychurch\/","https:\/\/www.youtube.com\/channel\/UCFumLxquLd5wLXXBhUqRH_w"]}]}},"jetpack_sharing_enabled":true,"_links":{"self":[{"href":"https:\/\/myrestorationcity.com\/es\/wp-json\/wp\/v2\/pages\/90490","targetHints":{"allow":["GET"]}}],"collection":[{"href":"https:\/\/myrestorationcity.com\/es\/wp-json\/wp\/v2\/pages"}],"about":[{"href":"https:\/\/myrestorationcity.com\/es\/wp-json\/wp\/v2\/types\/page"}],"author":[{"embeddable":true,"href":"https:\/\/myrestorationcity.com\/es\/wp-json\/wp\/v2\/users\/1"}],"replies":[{"embeddable":true,"href":"https:\/\/myrestorationcity.com\/es\/wp-json\/wp\/v2\/comments?post=90490"}],"version-history":[{"count":25,"href":"https:\/\/myrestorationcity.com\/es\/wp-json\/wp\/v2\/pages\/90490\/revisions"}],"predecessor-version":[{"id":95509,"href":"https:\/\/myrestorationcity.com\/es\/wp-json\/wp\/v2\/pages\/90490\/revisions\/95509"}],"up":[{"embeddable":true,"href":"https:\/\/myrestorationcity.com\/es\/wp-json\/wp\/v2\/pages\/90488"}],"wp:featuredmedia":[{"embeddable":true,"href":"https:\/\/myrestorationcity.com\/es\/wp-json\/wp\/v2\/media\/92666"}],"wp:attachment":[{"href":"https:\/\/myrestorationcity.com\/es\/wp-json\/wp\/v2\/media?parent=90490"}],"curies":[{"name":"wp","href":"https:\/\/api.w.org\/{rel}","templated":true}]}}