{"id":90488,"date":"2024-02-13T02:54:26","date_gmt":"2024-02-13T07:54:26","guid":{"rendered":"https:\/\/myrestorationcity.com\/21-days\/"},"modified":"2025-12-26T13:57:33","modified_gmt":"2025-12-26T18:57:33","slug":"21days","status":"publish","type":"page","link":"https:\/\/myrestorationcity.com\/es\/21days\/","title":{"rendered":"21 Dias de Oraci\u00f3n y Ayuno"},"content":{"rendered":"\t\t<div data-elementor-type=\"wp-page\" data-elementor-id=\"90488\" class=\"elementor elementor-90488 elementor-88680\" data-elementor-post-type=\"page\">\n\t\t\t\t<div class=\"elementor-element elementor-element-2cf73d9 e-flex e-con-boxed e-con e-parent\" data-id=\"2cf73d9\" data-element_type=\"container\" data-e-type=\"container\" data-settings=\"{&quot;background_background&quot;:&quot;classic&quot;}\">\n\t\t\t\t\t<div class=\"e-con-inner\">\n\t\t<div class=\"elementor-element elementor-element-5a3c01b e-con-full e-flex e-con e-child\" data-id=\"5a3c01b\" data-element_type=\"container\" data-e-type=\"container\" data-settings=\"{&quot;background_background&quot;:&quot;classic&quot;}\">\n\t\t\t\t<\/div>\n\t\t\t\t\t<\/div>\n\t\t\t\t<\/div>\n\t\t<div class=\"elementor-element elementor-element-ef3a0bc e-flex e-con-boxed e-con e-parent\" data-id=\"ef3a0bc\" data-element_type=\"container\" data-e-type=\"container\">\n\t\t\t\t\t<div class=\"e-con-inner\">\n\t\t<div class=\"elementor-element elementor-element-3409d8e e-con-full e-flex e-con e-child\" data-id=\"3409d8e\" data-element_type=\"container\" data-e-type=\"container\">\n\t\t\t\t<div class=\"elementor-element elementor-element-8ac7b4a elementor-widget elementor-widget-heading\" data-id=\"8ac7b4a\" data-element_type=\"widget\" data-e-type=\"widget\" data-widget_type=\"heading.default\">\n\t\t\t\t<div class=\"elementor-widget-container\">\n\t\t\t\t\t<div class=\"elementor-heading-title elementor-size-default\">\u00daNETE A NOSOTROS<\/div>\t\t\t\t<\/div>\n\t\t\t\t<\/div>\n\t\t\t\t<\/div>\n\t\t<div class=\"elementor-element elementor-element-915d0d2 e-con-full e-flex e-con e-child\" data-id=\"915d0d2\" data-element_type=\"container\" data-e-type=\"container\">\n\t\t\t\t<div class=\"elementor-element elementor-element-88d3c26 elementor-widget elementor-widget-heading\" data-id=\"88d3c26\" data-element_type=\"widget\" data-e-type=\"widget\" data-widget_type=\"heading.default\">\n\t\t\t\t<div class=\"elementor-widget-container\">\n\t\t\t\t\t<div class=\"elementor-heading-title elementor-size-default\">4 - 24 de Enero, 2026<\/div>\t\t\t\t<\/div>\n\t\t\t\t<\/div>\n\t\t\t\t<div class=\"elementor-element elementor-element-fb5183c elementor-widget elementor-widget-text-editor\" data-id=\"fb5183c\" data-element_type=\"widget\" data-e-type=\"widget\" data-widget_type=\"text-editor.default\">\n\t\t\t\t<div class=\"elementor-widget-container\">\n\t\t\t\t\t\t\t\t\t<p>21 d\u00edas de oraci\u00f3n y ayuno es un momento en el que buscamos a Dios intencionalmente todos los d\u00edas en oraci\u00f3n mientras creemos que \u00c9l se mover\u00e1 de manera poderosa.<\/p>\n\t\t\t\t\t\t\t\t<\/div>\n\t\t\t\t<\/div>\n\t\t\t\t<\/div>\n\t\t\t\t\t<\/div>\n\t\t\t\t<\/div>\n\t\t<div class=\"elementor-element elementor-element-4baf63c e-flex e-con-boxed e-con e-parent\" data-id=\"4baf63c\" data-element_type=\"container\" data-e-type=\"container\" data-settings=\"{&quot;background_background&quot;:&quot;classic&quot;}\">\n\t\t\t\t\t<div class=\"e-con-inner\">\n\t\t<div class=\"elementor-element elementor-element-938a6e7 e-con-full e-flex e-con e-child\" data-id=\"938a6e7\" data-element_type=\"container\" data-e-type=\"container\">\n\t\t\t\t<div class=\"elementor-element elementor-element-c897bd6 elementor-widget elementor-widget-heading\" data-id=\"c897bd6\" data-element_type=\"widget\" data-e-type=\"widget\" data-widget_type=\"heading.default\">\n\t\t\t\t<div class=\"elementor-widget-container\">\n\t\t\t\t\t<h5 class=\"elementor-heading-title elementor-size-default\">Gu\u00eda Personal de Oraci\u00f3n<\/h5>\t\t\t\t<\/div>\n\t\t\t\t<\/div>\n\t\t\t\t<div class=\"elementor-element elementor-element-3fba11e elementor-align-justify elementor-mobile-align-center elementor-widget elementor-widget-button\" data-id=\"3fba11e\" data-element_type=\"widget\" data-e-type=\"widget\" data-widget_type=\"button.default\">\n\t\t\t\t<div class=\"elementor-widget-container\">\n\t\t\t\t\t\t\t\t\t<div class=\"elementor-button-wrapper\">\n\t\t\t\t\t<a class=\"elementor-button elementor-button-link elementor-size-sm\" href=\"https:\/\/drive.google.com\/file\/d\/1ChB6aV9OLDAKrQlZpyu1EFXLJALHM5K7\/view?usp=sharing\" target=\"_blank\">\n\t\t\t\t\t\t<span class=\"elementor-button-content-wrapper\">\n\t\t\t\t\t\t<span class=\"elementor-button-icon\">\n\t\t\t\t<svg aria-hidden=\"true\" class=\"e-font-icon-svg e-fas-download\" viewBox=\"0 0 512 512\" xmlns=\"http:\/\/www.w3.org\/2000\/svg\"><path d=\"M216 0h80c13.3 0 24 10.7 24 24v168h87.7c17.8 0 26.7 21.5 14.1 34.1L269.7 378.3c-7.5 7.5-19.8 7.5-27.3 0L90.1 226.1c-12.6-12.6-3.7-34.1 14.1-34.1H192V24c0-13.3 10.7-24 24-24zm296 376v112c0 13.3-10.7 24-24 24H24c-13.3 0-24-10.7-24-24V376c0-13.3 10.7-24 24-24h146.7l49 49c20.1 20.1 52.5 20.1 72.6 0l49-49H488c13.3 0 24 10.7 24 24zm-124 88c0-11-9-20-20-20s-20 9-20 20 9 20 20 20 20-9 20-20zm64 0c0-11-9-20-20-20s-20 9-20 20 9 20 20 20 20-9 20-20z\"><\/path><\/svg>\t\t\t<\/span>\n\t\t\t\t\t\t\t\t\t<span class=\"elementor-button-text\">Gu\u00eda Personal de Oraci\u00f3n<\/span>\n\t\t\t\t\t<\/span>\n\t\t\t\t\t<\/a>\n\t\t\t\t<\/div>\n\t\t\t\t\t\t\t\t<\/div>\n\t\t\t\t<\/div>\n\t\t\t\t<\/div>\n\t\t<div class=\"elementor-element elementor-element-a7e03af e-con-full e-flex e-con e-child\" data-id=\"a7e03af\" data-element_type=\"container\" data-e-type=\"container\">\n\t\t\t\t<div class=\"elementor-element elementor-element-65eede4 elementor-widget elementor-widget-heading\" data-id=\"65eede4\" data-element_type=\"widget\" data-e-type=\"widget\" data-widget_type=\"heading.default\">\n\t\t\t\t<div class=\"elementor-widget-container\">\n\t\t\t\t\t<h5 class=\"elementor-heading-title elementor-size-default\">Gu\u00eda Personal de Oraci\u00f3n para Kid City<\/h5>\t\t\t\t<\/div>\n\t\t\t\t<\/div>\n\t\t\t\t<div class=\"elementor-element elementor-element-cd7dfe3 elementor-align-justify elementor-mobile-align-center elementor-widget elementor-widget-button\" data-id=\"cd7dfe3\" data-element_type=\"widget\" data-e-type=\"widget\" data-widget_type=\"button.default\">\n\t\t\t\t<div class=\"elementor-widget-container\">\n\t\t\t\t\t\t\t\t\t<div class=\"elementor-button-wrapper\">\n\t\t\t\t\t<a class=\"elementor-button elementor-button-link elementor-size-sm\" href=\"https:\/\/myrestorationcity.neonwizdemos.com\/wp-content\/uploads\/2022\/08\/KIX-PRAYER-GUIDE-BOOK-PDF.pdf\" target=\"_blank\">\n\t\t\t\t\t\t<span class=\"elementor-button-content-wrapper\">\n\t\t\t\t\t\t<span class=\"elementor-button-icon\">\n\t\t\t\t<svg aria-hidden=\"true\" class=\"e-font-icon-svg e-fas-download\" viewBox=\"0 0 512 512\" xmlns=\"http:\/\/www.w3.org\/2000\/svg\"><path d=\"M216 0h80c13.3 0 24 10.7 24 24v168h87.7c17.8 0 26.7 21.5 14.1 34.1L269.7 378.3c-7.5 7.5-19.8 7.5-27.3 0L90.1 226.1c-12.6-12.6-3.7-34.1 14.1-34.1H192V24c0-13.3 10.7-24 24-24zm296 376v112c0 13.3-10.7 24-24 24H24c-13.3 0-24-10.7-24-24V376c0-13.3 10.7-24 24-24h146.7l49 49c20.1 20.1 52.5 20.1 72.6 0l49-49H488c13.3 0 24 10.7 24 24zm-124 88c0-11-9-20-20-20s-20 9-20 20 9 20 20 20 20-9 20-20zm64 0c0-11-9-20-20-20s-20 9-20 20 9 20 20 20 20-9 20-20z\"><\/path><\/svg>\t\t\t<\/span>\n\t\t\t\t\t\t\t\t\t<span class=\"elementor-button-text\">Gu\u00eda Personal de Oraci\u00f3n para Kid City<\/span>\n\t\t\t\t\t<\/span>\n\t\t\t\t\t<\/a>\n\t\t\t\t<\/div>\n\t\t\t\t\t\t\t\t<\/div>\n\t\t\t\t<\/div>\n\t\t\t\t<\/div>\n\t\t<div class=\"elementor-element elementor-element-a610fd2 e-con-full e-flex e-con e-child\" data-id=\"a610fd2\" data-element_type=\"container\" data-e-type=\"container\">\n\t\t\t\t<div class=\"elementor-element elementor-element-7f0f45a elementor-widget elementor-widget-heading\" data-id=\"7f0f45a\" data-element_type=\"widget\" data-e-type=\"widget\" data-widget_type=\"heading.default\">\n\t\t\t\t<div class=\"elementor-widget-container\">\n\t\t\t\t\t<h5 class=\"elementor-heading-title elementor-size-default\">\u00bfC\u00f3mo Podemos Orar Por Ti?<\/h5>\t\t\t\t<\/div>\n\t\t\t\t<\/div>\n\t\t\t\t<div class=\"elementor-element elementor-element-fb71b4d elementor-align-justify btn-external elementor-mobile-align-center elementor-widget elementor-widget-button\" data-id=\"fb71b4d\" data-element_type=\"widget\" data-e-type=\"widget\" data-widget_type=\"button.default\">\n\t\t\t\t<div class=\"elementor-widget-container\">\n\t\t\t\t\t\t\t\t\t<div class=\"elementor-button-wrapper\">\n\t\t\t\t\t<a class=\"elementor-button elementor-button-link elementor-size-sm\" href=\"https:\/\/rcity.churchcenter.com\/people\/forms\/482214\" target=\"_blank\">\n\t\t\t\t\t\t<span class=\"elementor-button-content-wrapper\">\n\t\t\t\t\t\t<span class=\"elementor-button-icon\">\n\t\t\t\t<svg xmlns=\"http:\/\/www.w3.org\/2000\/svg\" viewBox=\"21.145 16.94 58.878 66.238\"><g><path d=\"M54,82V30.001l19.589,23.813l4.634-3.812L53.133,19.502c-0.565-0.687-1.407-1.088-2.297-1.094c-0.007,0-0.013,0-0.02,0   c-0.883,0-1.721,0.389-2.292,1.063L22.772,49.947l4.583,3.872L48,29.389V82H54z\"><\/path><\/g><\/svg>\t\t\t<\/span>\n\t\t\t\t\t\t\t\t\t<span class=\"elementor-button-text\">\u00bfC\u00f3mo Podemos Orar Por Ti?<\/span>\n\t\t\t\t\t<\/span>\n\t\t\t\t\t<\/a>\n\t\t\t\t<\/div>\n\t\t\t\t\t\t\t\t<\/div>\n\t\t\t\t<\/div>\n\t\t\t\t<\/div>\n\t\t\t\t\t<\/div>\n\t\t\t\t<\/div>\n\t\t<div class=\"elementor-element elementor-element-4425efa e-flex e-con-boxed e-con e-parent\" data-id=\"4425efa\" data-element_type=\"container\" data-e-type=\"container\" data-settings=\"{&quot;background_background&quot;:&quot;classic&quot;}\">\n\t\t\t\t\t<div class=\"e-con-inner\">\n\t\t<div class=\"elementor-element elementor-element-01a7dec e-flex e-con-boxed e-con e-child\" data-id=\"01a7dec\" data-element_type=\"container\" data-e-type=\"container\">\n\t\t\t\t\t<div class=\"e-con-inner\">\n\t\t\t\t<div class=\"elementor-element elementor-element-1cbcd8d elementor-widget elementor-widget-heading\" data-id=\"1cbcd8d\" data-element_type=\"widget\" data-e-type=\"widget\" data-widget_type=\"heading.default\">\n\t\t\t\t<div class=\"elementor-widget-container\">\n\t\t\t\t\t<h2 class=\"elementor-heading-title elementor-size-default\">21 D\u00edas de Oraci\u00f3n es Para Ti<\/h2>\t\t\t\t<\/div>\n\t\t\t\t<\/div>\n\t\t\t\t<div class=\"elementor-element elementor-element-5f76687 elementor-widget elementor-widget-text-editor\" data-id=\"5f76687\" data-element_type=\"widget\" data-e-type=\"widget\" data-widget_type=\"text-editor.default\">\n\t\t\t\t<div class=\"elementor-widget-container\">\n\t\t\t\t\t\t\t\t\t<p>Si sientes que Dios tiene m\u00e1s para tu vida, 21 d\u00edas de oraci\u00f3n es un gran lugar para comenzar a creerle por todo lo que tiene para ti. A medida que practiques buscarlo a \u00c9l primero, \u00c9l se mover\u00e1 a tu favor como nunca antes. Comenzar\u00e1s a ver el poder de la oraci\u00f3n impactando tus relaciones, trabajo, familia y cada \u00e1rea de tu vida. Ya sea que te unas a nosotros en persona o en l\u00ednea, nos encantar\u00eda que formes parte de los 21 d\u00edas de oraci\u00f3n.<\/p>\n\t\t\t\t\t\t\t\t<\/div>\n\t\t\t\t<\/div>\n\t\t\t\t\t<\/div>\n\t\t\t\t<\/div>\n\t\t<div class=\"elementor-element elementor-element-bece6f7 e-flex e-con-boxed e-con e-child\" data-id=\"bece6f7\" data-element_type=\"container\" data-e-type=\"container\" data-settings=\"{&quot;background_background&quot;:&quot;classic&quot;}\">\n\t\t\t\t\t<div class=\"e-con-inner\">\n\t\t\t\t<div class=\"elementor-element elementor-element-a11cada elementor-widget__width-initial elementor-widget-mobile__width-inherit elementor-widget elementor-widget-image\" data-id=\"a11cada\" data-element_type=\"widget\" data-e-type=\"widget\" data-widget_type=\"image.default\">\n\t\t\t\t<div class=\"elementor-widget-container\">\n\t\t\t\t\t\t\t\t\t\t\t\t\t\t\t<img fetchpriority=\"high\" decoding=\"async\" width=\"800\" height=\"1000\" src=\"https:\/\/myrestorationcity.com\/wp-content\/uploads\/2025\/12\/Social-Title-es-819x1024.jpg\" class=\"attachment-large size-large wp-image-95404\" alt=\"\" srcset=\"https:\/\/myrestorationcity.com\/wp-content\/uploads\/2025\/12\/Social-Title-es-819x1024.jpg 819w, https:\/\/myrestorationcity.com\/wp-content\/uploads\/2025\/12\/Social-Title-es-240x300.jpg 240w, https:\/\/myrestorationcity.com\/wp-content\/uploads\/2025\/12\/Social-Title-es-768x960.jpg 768w, https:\/\/myrestorationcity.com\/wp-content\/uploads\/2025\/12\/Social-Title-es.jpg 1080w\" sizes=\"(max-width: 800px) 100vw, 800px\" \/>\t\t\t\t\t\t\t\t\t\t\t\t\t\t\t<\/div>\n\t\t\t\t<\/div>\n\t\t<div class=\"elementor-element elementor-element-a2e3fbc e-con-full e-flex e-con e-child\" data-id=\"a2e3fbc\" data-element_type=\"container\" data-e-type=\"container\">\n\t\t\t\t<div class=\"elementor-element elementor-element-2835a0d elementor-widget elementor-widget-heading\" data-id=\"2835a0d\" data-element_type=\"widget\" data-e-type=\"widget\" data-widget_type=\"heading.default\">\n\t\t\t\t<div class=\"elementor-widget-container\">\n\t\t\t\t\t<h2 class=\"elementor-heading-title elementor-size-default\">Oraci\u00f3n y Ayuno<\/h2>\t\t\t\t<\/div>\n\t\t\t\t<\/div>\n\t\t\t\t<div class=\"elementor-element elementor-element-9f85ba2 elementor-widget elementor-widget-text-editor\" data-id=\"9f85ba2\" data-element_type=\"widget\" data-e-type=\"widget\" data-widget_type=\"text-editor.default\">\n\t\t\t\t<div class=\"elementor-widget-container\">\n\t\t\t\t\t\t\t\t\t<p>Durante esta temporada de 21 d\u00edas de oraci\u00f3n, alentamos el ayuno como un pr\u00f3ximo paso espiritual que puede traer claridad y revelaci\u00f3n a tu vida. Tambi\u00e9n puedes optar por ayunar en otras \u00e9pocas del a\u00f1o mientras buscas a Dios.<\/p>\n\t\t\t\t\t\t\t\t<\/div>\n\t\t\t\t<\/div>\n\t\t\t\t<div class=\"elementor-element elementor-element-758ae1f elementor-align-justify elementor-widget elementor-widget-button\" data-id=\"758ae1f\" data-element_type=\"widget\" data-e-type=\"widget\" data-widget_type=\"button.default\">\n\t\t\t\t<div class=\"elementor-widget-container\">\n\t\t\t\t\t\t\t\t\t<div class=\"elementor-button-wrapper\">\n\t\t\t\t\t<a class=\"elementor-button elementor-button-link elementor-size-sm\" href=\"https:\/\/myrestorationcity.com\/es\/21days\/fasting\/\">\n\t\t\t\t\t\t<span class=\"elementor-button-content-wrapper\">\n\t\t\t\t\t\t<span class=\"elementor-button-icon\">\n\t\t\t\t<svg aria-hidden=\"true\" class=\"e-font-icon-svg e-fas-chevron-right\" viewBox=\"0 0 320 512\" xmlns=\"http:\/\/www.w3.org\/2000\/svg\"><path d=\"M285.476 272.971L91.132 467.314c-9.373 9.373-24.569 9.373-33.941 0l-22.667-22.667c-9.357-9.357-9.375-24.522-.04-33.901L188.505 256 34.484 101.255c-9.335-9.379-9.317-24.544.04-33.901l22.667-22.667c9.373-9.373 24.569-9.373 33.941 0L285.475 239.03c9.373 9.372 9.373 24.568.001 33.941z\"><\/path><\/svg>\t\t\t<\/span>\n\t\t\t\t\t\t\t\t\t<span class=\"elementor-button-text\"> Aprenda Mas Sobre Los Ayunos<\/span>\n\t\t\t\t\t<\/span>\n\t\t\t\t\t<\/a>\n\t\t\t\t<\/div>\n\t\t\t\t\t\t\t\t<\/div>\n\t\t\t\t<\/div>\n\t\t\t\t<div class=\"elementor-element elementor-element-4722f1f elementor-align-justify elementor-widget elementor-widget-button\" data-id=\"4722f1f\" data-element_type=\"widget\" data-e-type=\"widget\" data-widget_type=\"button.default\">\n\t\t\t\t<div class=\"elementor-widget-container\">\n\t\t\t\t\t\t\t\t\t<div class=\"elementor-button-wrapper\">\n\t\t\t\t\t<a class=\"elementor-button elementor-button-link elementor-size-sm\" href=\"https:\/\/myrestorationcity.com\/es\/21days\/daily-prayer-focus\/\">\n\t\t\t\t\t\t<span class=\"elementor-button-content-wrapper\">\n\t\t\t\t\t\t<span class=\"elementor-button-icon\">\n\t\t\t\t<svg aria-hidden=\"true\" class=\"e-font-icon-svg e-fas-chevron-right\" viewBox=\"0 0 320 512\" xmlns=\"http:\/\/www.w3.org\/2000\/svg\"><path d=\"M285.476 272.971L91.132 467.314c-9.373 9.373-24.569 9.373-33.941 0l-22.667-22.667c-9.357-9.357-9.375-24.522-.04-33.901L188.505 256 34.484 101.255c-9.335-9.379-9.317-24.544.04-33.901l22.667-22.667c9.373-9.373 24.569-9.373 33.941 0L285.475 239.03c9.373 9.372 9.373 24.568.001 33.941z\"><\/path><\/svg>\t\t\t<\/span>\n\t\t\t\t\t\t\t\t\t<span class=\"elementor-button-text\"> Enfoque\/Devocional Diario de Oraci\u00f3n<\/span>\n\t\t\t\t\t<\/span>\n\t\t\t\t\t<\/a>\n\t\t\t\t<\/div>\n\t\t\t\t\t\t\t\t<\/div>\n\t\t\t\t<\/div>\n\t\t\t\t<\/div>\n\t\t\t\t\t<\/div>\n\t\t\t\t<\/div>\n\t\t\t\t\t<\/div>\n\t\t\t\t<\/div>\n\t\t\t\t<\/div>\n\t\t","protected":false},"excerpt":{"rendered":"<p>\u00daNETE A NOSOTROS 4 &#8211; 24 de Enero, 2026 21 d\u00edas de oraci\u00f3n y ayuno es un momento en el que buscamos a Dios intencionalmente todos los d\u00edas en oraci\u00f3n mientras creemos que \u00c9l se mover\u00e1 de manera poderosa. Gu\u00eda Personal de Oraci\u00f3n Gu\u00eda Personal de Oraci\u00f3n Gu\u00eda Personal de Oraci\u00f3n para Kid City Gu\u00eda [&hellip;]<\/p>\n","protected":false},"author":1,"featured_media":95416,"parent":0,"menu_order":0,"comment_status":"closed","ping_status":"closed","template":"elementor_header_footer","meta":{"_acf_changed":false,"footnotes":""},"class_list":["post-90488","page","type-page","status-publish","has-post-thumbnail","hentry"],"acf":[],"yoast_head":"<!-- This site is optimized with the Yoast SEO plugin v27.5 - https:\/\/yoast.com\/product\/yoast-seo-wordpress\/ -->\n<title>21 Dias de Oraci\u00f3n y Ayuno - Restoration City Church<\/title>\n<meta name=\"description\" content=\"21 d\u00edas de oraci\u00f3n y ayuno es un momento en el que buscamos a Dios intencionalmente todos los d\u00edas en oraci\u00f3n mientras creemos que \u00c9l se mover\u00e1 de manera poderosa.\" \/>\n<meta name=\"robots\" content=\"index, follow, max-snippet:-1, max-image-preview:large, max-video-preview:-1\" \/>\n<link rel=\"canonical\" href=\"https:\/\/myrestorationcity.com\/es\/21days\/\" \/>\n<meta property=\"og:locale\" content=\"es_ES\" \/>\n<meta property=\"og:type\" content=\"article\" \/>\n<meta property=\"og:title\" content=\"21 Dias de Oraci\u00f3n y Ayuno - Restoration City Church\" \/>\n<meta property=\"og:description\" content=\"21 d\u00edas de oraci\u00f3n y ayuno es un momento en el que buscamos a Dios intencionalmente todos los d\u00edas en oraci\u00f3n mientras creemos que \u00c9l se mover\u00e1 de manera poderosa.\" \/>\n<meta property=\"og:url\" content=\"https:\/\/myrestorationcity.com\/es\/21days\/\" \/>\n<meta property=\"og:site_name\" content=\"Restoration City Church\" \/>\n<meta property=\"article:publisher\" content=\"http:\/\/facebook.com\/myrestorationcitychurch\" \/>\n<meta property=\"article:modified_time\" content=\"2025-12-26T18:57:33+00:00\" \/>\n<meta property=\"og:image\" content=\"https:\/\/myrestorationcity.com\/wp-content\/uploads\/2025\/12\/HD-Title-Slide-1-1.jpg\" \/>\n\t<meta property=\"og:image:width\" content=\"1920\" \/>\n\t<meta property=\"og:image:height\" content=\"1080\" \/>\n\t<meta property=\"og:image:type\" content=\"image\/jpeg\" \/>\n<meta name=\"twitter:card\" content=\"summary_large_image\" \/>\n<meta name=\"twitter:label1\" content=\"Tiempo de lectura\" \/>\n\t<meta name=\"twitter:data1\" content=\"2 minutos\" \/>\n<script type=\"application\/ld+json\" class=\"yoast-schema-graph\">{\"@context\":\"https:\\\/\\\/schema.org\",\"@graph\":[{\"@type\":\"WebPage\",\"@id\":\"https:\\\/\\\/myrestorationcity.com\\\/es\\\/21days\\\/\",\"url\":\"https:\\\/\\\/myrestorationcity.com\\\/es\\\/21days\\\/\",\"name\":\"21 Dias de Oraci\u00f3n y Ayuno - Restoration City Church\",\"isPartOf\":{\"@id\":\"https:\\\/\\\/myrestorationcity.com\\\/#website\"},\"primaryImageOfPage\":{\"@id\":\"https:\\\/\\\/myrestorationcity.com\\\/es\\\/21days\\\/#primaryimage\"},\"image\":{\"@id\":\"https:\\\/\\\/myrestorationcity.com\\\/es\\\/21days\\\/#primaryimage\"},\"thumbnailUrl\":\"https:\\\/\\\/myrestorationcity.com\\\/wp-content\\\/uploads\\\/2025\\\/12\\\/HD-Title-Slide-1-1.jpg\",\"datePublished\":\"2024-02-13T07:54:26+00:00\",\"dateModified\":\"2025-12-26T18:57:33+00:00\",\"description\":\"21 d\u00edas de oraci\u00f3n y ayuno es un momento en el que buscamos a Dios intencionalmente todos los d\u00edas en oraci\u00f3n mientras creemos que \u00c9l se mover\u00e1 de manera poderosa.\",\"inLanguage\":\"es\",\"potentialAction\":[{\"@type\":\"ReadAction\",\"target\":[\"https:\\\/\\\/myrestorationcity.com\\\/es\\\/21days\\\/\"]}]},{\"@type\":\"ImageObject\",\"inLanguage\":\"es\",\"@id\":\"https:\\\/\\\/myrestorationcity.com\\\/es\\\/21days\\\/#primaryimage\",\"url\":\"https:\\\/\\\/myrestorationcity.com\\\/wp-content\\\/uploads\\\/2025\\\/12\\\/HD-Title-Slide-1-1.jpg\",\"contentUrl\":\"https:\\\/\\\/myrestorationcity.com\\\/wp-content\\\/uploads\\\/2025\\\/12\\\/HD-Title-Slide-1-1.jpg\",\"width\":1920,\"height\":1080},{\"@type\":\"WebSite\",\"@id\":\"https:\\\/\\\/myrestorationcity.com\\\/#website\",\"url\":\"https:\\\/\\\/myrestorationcity.com\\\/\",\"name\":\"Restoration City Church\",\"description\":\"\",\"publisher\":{\"@id\":\"https:\\\/\\\/myrestorationcity.com\\\/#organization\"},\"potentialAction\":[{\"@type\":\"SearchAction\",\"target\":{\"@type\":\"EntryPoint\",\"urlTemplate\":\"https:\\\/\\\/myrestorationcity.com\\\/?s={search_term_string}\"},\"query-input\":{\"@type\":\"PropertyValueSpecification\",\"valueRequired\":true,\"valueName\":\"search_term_string\"}}],\"inLanguage\":\"es\"},{\"@type\":\"Organization\",\"@id\":\"https:\\\/\\\/myrestorationcity.com\\\/#organization\",\"name\":\"Restoration City Church\",\"url\":\"https:\\\/\\\/myrestorationcity.com\\\/\",\"logo\":{\"@type\":\"ImageObject\",\"inLanguage\":\"es\",\"@id\":\"https:\\\/\\\/myrestorationcity.com\\\/#\\\/schema\\\/logo\\\/image\\\/\",\"url\":\"https:\\\/\\\/myrestorationcity.com\\\/wp-content\\\/uploads\\\/2022\\\/10\\\/RC-333.png\",\"contentUrl\":\"https:\\\/\\\/myrestorationcity.com\\\/wp-content\\\/uploads\\\/2022\\\/10\\\/RC-333.png\",\"width\":303,\"height\":303,\"caption\":\"Restoration City Church\"},\"image\":{\"@id\":\"https:\\\/\\\/myrestorationcity.com\\\/#\\\/schema\\\/logo\\\/image\\\/\"},\"sameAs\":[\"http:\\\/\\\/facebook.com\\\/myrestorationcitychurch\",\"https:\\\/\\\/www.instagram.com\\\/myrestorationcitychurch\\\/\",\"https:\\\/\\\/www.youtube.com\\\/channel\\\/UCFumLxquLd5wLXXBhUqRH_w\"]}]}<\/script>\n<!-- \/ Yoast SEO plugin. -->","yoast_head_json":{"title":"21 Dias de Oraci\u00f3n y Ayuno - Restoration City Church","description":"21 d\u00edas de oraci\u00f3n y ayuno es un momento en el que buscamos a Dios intencionalmente todos los d\u00edas en oraci\u00f3n mientras creemos que \u00c9l se mover\u00e1 de manera poderosa.","robots":{"index":"index","follow":"follow","max-snippet":"max-snippet:-1","max-image-preview":"max-image-preview:large","max-video-preview":"max-video-preview:-1"},"canonical":"https:\/\/myrestorationcity.com\/es\/21days\/","og_locale":"es_ES","og_type":"article","og_title":"21 Dias de Oraci\u00f3n y Ayuno - Restoration City Church","og_description":"21 d\u00edas de oraci\u00f3n y ayuno es un momento en el que buscamos a Dios intencionalmente todos los d\u00edas en oraci\u00f3n mientras creemos que \u00c9l se mover\u00e1 de manera poderosa.","og_url":"https:\/\/myrestorationcity.com\/es\/21days\/","og_site_name":"Restoration City Church","article_publisher":"http:\/\/facebook.com\/myrestorationcitychurch","article_modified_time":"2025-12-26T18:57:33+00:00","og_image":[{"width":1920,"height":1080,"url":"https:\/\/myrestorationcity.com\/wp-content\/uploads\/2025\/12\/HD-Title-Slide-1-1.jpg","type":"image\/jpeg"}],"twitter_card":"summary_large_image","twitter_misc":{"Tiempo de lectura":"2 minutos"},"schema":{"@context":"https:\/\/schema.org","@graph":[{"@type":"WebPage","@id":"https:\/\/myrestorationcity.com\/es\/21days\/","url":"https:\/\/myrestorationcity.com\/es\/21days\/","name":"21 Dias de Oraci\u00f3n y Ayuno - Restoration City Church","isPartOf":{"@id":"https:\/\/myrestorationcity.com\/#website"},"primaryImageOfPage":{"@id":"https:\/\/myrestorationcity.com\/es\/21days\/#primaryimage"},"image":{"@id":"https:\/\/myrestorationcity.com\/es\/21days\/#primaryimage"},"thumbnailUrl":"https:\/\/myrestorationcity.com\/wp-content\/uploads\/2025\/12\/HD-Title-Slide-1-1.jpg","datePublished":"2024-02-13T07:54:26+00:00","dateModified":"2025-12-26T18:57:33+00:00","description":"21 d\u00edas de oraci\u00f3n y ayuno es un momento en el que buscamos a Dios intencionalmente todos los d\u00edas en oraci\u00f3n mientras creemos que \u00c9l se mover\u00e1 de manera poderosa.","inLanguage":"es","potentialAction":[{"@type":"ReadAction","target":["https:\/\/myrestorationcity.com\/es\/21days\/"]}]},{"@type":"ImageObject","inLanguage":"es","@id":"https:\/\/myrestorationcity.com\/es\/21days\/#primaryimage","url":"https:\/\/myrestorationcity.com\/wp-content\/uploads\/2025\/12\/HD-Title-Slide-1-1.jpg","contentUrl":"https:\/\/myrestorationcity.com\/wp-content\/uploads\/2025\/12\/HD-Title-Slide-1-1.jpg","width":1920,"height":1080},{"@type":"WebSite","@id":"https:\/\/myrestorationcity.com\/#website","url":"https:\/\/myrestorationcity.com\/","name":"Restoration City Church","description":"","publisher":{"@id":"https:\/\/myrestorationcity.com\/#organization"},"potentialAction":[{"@type":"SearchAction","target":{"@type":"EntryPoint","urlTemplate":"https:\/\/myrestorationcity.com\/?s={search_term_string}"},"query-input":{"@type":"PropertyValueSpecification","valueRequired":true,"valueName":"search_term_string"}}],"inLanguage":"es"},{"@type":"Organization","@id":"https:\/\/myrestorationcity.com\/#organization","name":"Restoration City Church","url":"https:\/\/myrestorationcity.com\/","logo":{"@type":"ImageObject","inLanguage":"es","@id":"https:\/\/myrestorationcity.com\/#\/schema\/logo\/image\/","url":"https:\/\/myrestorationcity.com\/wp-content\/uploads\/2022\/10\/RC-333.png","contentUrl":"https:\/\/myrestorationcity.com\/wp-content\/uploads\/2022\/10\/RC-333.png","width":303,"height":303,"caption":"Restoration City Church"},"image":{"@id":"https:\/\/myrestorationcity.com\/#\/schema\/logo\/image\/"},"sameAs":["http:\/\/facebook.com\/myrestorationcitychurch","https:\/\/www.instagram.com\/myrestorationcitychurch\/","https:\/\/www.youtube.com\/channel\/UCFumLxquLd5wLXXBhUqRH_w"]}]}},"jetpack_sharing_enabled":true,"_links":{"self":[{"href":"https:\/\/myrestorationcity.com\/es\/wp-json\/wp\/v2\/pages\/90488","targetHints":{"allow":["GET"]}}],"collection":[{"href":"https:\/\/myrestorationcity.com\/es\/wp-json\/wp\/v2\/pages"}],"about":[{"href":"https:\/\/myrestorationcity.com\/es\/wp-json\/wp\/v2\/types\/page"}],"author":[{"embeddable":true,"href":"https:\/\/myrestorationcity.com\/es\/wp-json\/wp\/v2\/users\/1"}],"replies":[{"embeddable":true,"href":"https:\/\/myrestorationcity.com\/es\/wp-json\/wp\/v2\/comments?post=90488"}],"version-history":[{"count":21,"href":"https:\/\/myrestorationcity.com\/es\/wp-json\/wp\/v2\/pages\/90488\/revisions"}],"predecessor-version":[{"id":95407,"href":"https:\/\/myrestorationcity.com\/es\/wp-json\/wp\/v2\/pages\/90488\/revisions\/95407"}],"wp:featuredmedia":[{"embeddable":true,"href":"https:\/\/myrestorationcity.com\/es\/wp-json\/wp\/v2\/media\/95416"}],"wp:attachment":[{"href":"https:\/\/myrestorationcity.com\/es\/wp-json\/wp\/v2\/media?parent=90488"}],"curies":[{"name":"wp","href":"https:\/\/api.w.org\/{rel}","templated":true}]}}