{"id":89877,"date":"2024-01-16T06:38:48","date_gmt":"2024-01-16T11:38:48","guid":{"rendered":"https:\/\/myrestorationcity.com\/why-we-exist\/"},"modified":"2025-09-03T09:56:10","modified_gmt":"2025-09-03T13:56:10","slug":"whyweexist","status":"publish","type":"page","link":"https:\/\/myrestorationcity.com\/es\/whyweexist\/","title":{"rendered":"\u00bfPor Qu\u00e9 Existimos?"},"content":{"rendered":"\t\t<div data-elementor-type=\"wp-page\" data-elementor-id=\"89877\" class=\"elementor elementor-89877 elementor-83691\" data-elementor-post-type=\"page\">\n\t\t\t\t<div class=\"elementor-element elementor-element-7e477de e-flex e-con-boxed e-con e-parent\" data-id=\"7e477de\" data-element_type=\"container\" data-e-type=\"container\" data-settings=\"{&quot;background_background&quot;:&quot;classic&quot;}\">\n\t\t\t\t\t<div class=\"e-con-inner\">\n\t\t<div class=\"elementor-element elementor-element-29efee5 e-con-full e-flex e-con e-child\" data-id=\"29efee5\" data-element_type=\"container\" data-e-type=\"container\">\n\t\t\t\t<div class=\"elementor-element elementor-element-5228698 elementor-widget__width-initial elementor-widget elementor-widget-image\" data-id=\"5228698\" data-element_type=\"widget\" data-e-type=\"widget\" data-widget_type=\"image.default\">\n\t\t\t\t<div class=\"elementor-widget-container\">\n\t\t\t\t\t\t\t\t\t\t\t\t\t\t\t<img decoding=\"async\" width=\"150\" height=\"150\" src=\"https:\/\/myrestorationcity.com\/wp-content\/uploads\/2022\/10\/cropped-RC-333-150x150.png\" class=\"attachment-thumbnail size-thumbnail wp-image-89129\" alt=\"\" srcset=\"https:\/\/myrestorationcity.com\/wp-content\/uploads\/2022\/10\/cropped-RC-333-150x150.png 150w, https:\/\/myrestorationcity.com\/wp-content\/uploads\/2022\/10\/cropped-RC-333-300x300.png 300w, https:\/\/myrestorationcity.com\/wp-content\/uploads\/2022\/10\/elementor\/thumbs\/cropped-RC-333-qj2riqt7ptvxla39qp5s0xjea2uhl4kwkaz0wf2lp4.png 60w, https:\/\/myrestorationcity.com\/wp-content\/uploads\/2022\/10\/cropped-RC-333.png 512w\" sizes=\"(max-width: 150px) 100vw, 150px\" \/>\t\t\t\t\t\t\t\t\t\t\t\t\t\t\t<\/div>\n\t\t\t\t<\/div>\n\t\t\t\t<div class=\"elementor-element elementor-element-c533e1d elementor-widget__width-initial elementor-widget-mobile_extra__width-inherit elementor-widget elementor-widget-heading\" data-id=\"c533e1d\" data-element_type=\"widget\" data-e-type=\"widget\" data-widget_type=\"heading.default\">\n\t\t\t\t<div class=\"elementor-widget-container\">\n\t\t\t\t\t<h2 class=\"elementor-heading-title elementor-size-default\">Existimos para ver nuestra ciudad restaurada por el amor de Jes\u00fas y el poder de la comunidad.<\/h2>\t\t\t\t<\/div>\n\t\t\t\t<\/div>\n\t\t\t\t<div class=\"elementor-element elementor-element-f5c1ca6 elementor-widget__width-initial elementor-widget-mobile_extra__width-inherit elementor-widget elementor-widget-text-editor\" data-id=\"f5c1ca6\" data-element_type=\"widget\" data-e-type=\"widget\" data-widget_type=\"text-editor.default\">\n\t\t\t\t<div class=\"elementor-widget-container\">\n\t\t\t\t\t\t\t\t\t<p>Ya sea que seas nuevo en la iglesia, cristiano desde hace muchos a\u00f1os o est\u00e9s buscando un nuevo comienzo, aqu\u00ed ser\u00e1s bienvenido. Nuestra esperanza es brindarte un lugar donde puedas experimentar una conexi\u00f3n fresca y agradable con Dios y con una comunidad de personas.<\/p>\n<p>Nuestro enfoque es simple: todo lo que hacemos como iglesia es filtrado a trav\u00e9s de nuestra pasi\u00f3n por ayudar a cada persona a vivir la vida de plenitud para la cual fue creado.<\/p>\n\t\t\t\t\t\t\t\t<\/div>\n\t\t\t\t<\/div>\n\t\t\t\t<\/div>\n\t\t\t\t\t<\/div>\n\t\t\t\t<\/div>\n\t\t<div class=\"elementor-element elementor-element-3eb3a98 e-flex e-con-boxed e-con e-parent\" data-id=\"3eb3a98\" data-element_type=\"container\" data-e-type=\"container\">\n\t\t\t\t\t<div class=\"e-con-inner\">\n\t\t\t\t<div class=\"elementor-element elementor-element-757630c elementor-cta--skin-cover elementor-cta--valign-middle elementor-widget__width-initial animated-slow elementor-bg-transform elementor-bg-transform-zoom-in elementor-invisible elementor-widget elementor-widget-call-to-action\" data-id=\"757630c\" data-element_type=\"widget\" data-e-type=\"widget\" data-settings=\"{&quot;_animation&quot;:&quot;fadeInUp&quot;}\" data-widget_type=\"call-to-action.default\">\n\t\t\t\t<div class=\"elementor-widget-container\">\n\t\t\t\t\t\t\t<div class=\"elementor-cta\">\n\t\t\t\t\t<div class=\"elementor-cta__bg-wrapper\">\n\t\t\t\t<div class=\"elementor-cta__bg elementor-bg\" style=\"background-image: url(https:\/\/myrestorationcity.com\/wp-content\/uploads\/2025\/09\/ESPBAPTISMJULY25-6-1024x682.jpg);\" role=\"img\" aria-label=\"ESPBAPTISMJULY25-6\"><\/div>\n\t\t\t\t<div class=\"elementor-cta__bg-overlay\"><\/div>\n\t\t\t<\/div>\n\t\t\t\t\t\t\t<div class=\"elementor-cta__content\">\n\t\t\t\t\t\t\t\t\t<div class=\"elementor-content-item elementor-cta__content-item elementor-icon-wrapper elementor-cta__icon elementor-view-default\">\n\t\t\t\t\t\t<div class=\"elementor-icon\">\n\t\t\t\t\t\t\t<svg xmlns=\"http:\/\/www.w3.org\/2000\/svg\" xmlns:xlink=\"http:\/\/www.w3.org\/1999\/xlink\" x=\"0px\" y=\"0px\" viewBox=\"0 0 1024 1024\" style=\"enable-background:new 0 0 1024 1024;\" xml:space=\"preserve\"><g><polygon points=\"954.5,621.1 954.5,933 777.5,933 777.5,491.7  \"><\/polygon><polygon points=\"69.5,621.1 246.5,491.7 246.5,933 69.5,933  \"><\/polygon><path d=\"M531.5,230.6V176h49v-40h-49V91h-40v45h-47v40h47v55.5l-210,183.3V933h136V713.6c0-52.1,42.4-94.3,94.5-94.3   s94.5,42.2,94.5,94.3V933h136V414.8L531.5,230.6z M512.5,489c-31.5,0-57-25.5-57-57c0-31.5,25.5-57,57-57s57,25.5,57,57   C569.5,463.5,544,489,512.5,489z\"><\/path><\/g><\/svg>\t\t\t\t\t\t<\/div>\n\t\t\t\t\t<\/div>\n\t\t\t\t\n\t\t\t\t\t\t\t\t\t<span class=\"elementor-cta__title elementor-cta__content-item elementor-content-item\">\n\t\t\t\t\t\tConoce a<br \/>Dios\t\t\t\t\t<\/span>\n\t\t\t\t\n\t\t\t\t\n\t\t\t\t\t\t\t<\/div>\n\t\t\t\t\t\t<\/div>\n\t\t\t\t\t\t<\/div>\n\t\t\t\t<\/div>\n\t\t\t\t<div class=\"elementor-element elementor-element-9734ff5 elementor-cta--skin-cover elementor-cta--valign-middle elementor-widget__width-initial animated-slow elementor-bg-transform elementor-bg-transform-zoom-in elementor-invisible elementor-widget elementor-widget-call-to-action\" data-id=\"9734ff5\" data-element_type=\"widget\" data-e-type=\"widget\" data-settings=\"{&quot;_animation&quot;:&quot;fadeInUp&quot;,&quot;_animation_delay&quot;:100}\" data-widget_type=\"call-to-action.default\">\n\t\t\t\t<div class=\"elementor-widget-container\">\n\t\t\t\t\t\t\t<div class=\"elementor-cta\">\n\t\t\t\t\t<div class=\"elementor-cta__bg-wrapper\">\n\t\t\t\t<div class=\"elementor-cta__bg elementor-bg\" style=\"background-image: url(https:\/\/myrestorationcity.com\/wp-content\/uploads\/2025\/09\/dia-8-1024x576.jpg);\" role=\"img\" aria-label=\"dia-8\"><\/div>\n\t\t\t\t<div class=\"elementor-cta__bg-overlay\"><\/div>\n\t\t\t<\/div>\n\t\t\t\t\t\t\t<div class=\"elementor-cta__content\">\n\t\t\t\t\t\t\t\t\t<div class=\"elementor-content-item elementor-cta__content-item elementor-icon-wrapper elementor-cta__icon elementor-view-default\">\n\t\t\t\t\t\t<div class=\"elementor-icon\">\n\t\t\t\t\t\t\t<svg xmlns=\"http:\/\/www.w3.org\/2000\/svg\" viewBox=\"0 0 64 64\" x=\"0px\" y=\"0px\"><g data-name=\"Layer 14\"><path d=\"M49.65,42.91l-1.69,0-1.3,0a23.65,23.65,0,0,0-8.49,1.36,24,24,0,0,1-9.42,1.2,3.21,3.21,0,0,0-3.3,3.21v.17L20,46.69a3.79,3.79,0,0,0-1.32-.27,3.88,3.88,0,0,0-3.65,2.43,3.83,3.83,0,0,0,2,4.91l11,5.07a14.31,14.31,0,0,0,6,1.23,23.15,23.15,0,0,0,8.42-1.78,16.81,16.81,0,0,1,6.9-1.3,1,1,0,0,0,1-1l.25-12.07A1,1,0,0,0,49.65,42.91ZM48.36,55a19.08,19.08,0,0,0-6.7,1.45c-2.8,1.12-8.19,2.68-12.8.58l-11-5.07a1.84,1.84,0,0,1-1-2.35,1.87,1.87,0,0,1,1.72-1.17h0a2,2,0,0,1,.63.13l7.9,3.06a3.4,3.4,0,0,0,1.44.36l5,.11a1,1,0,0,0,0-2L28.7,50a1.38,1.38,0,0,1-.58-.13L28,49.79a1.26,1.26,0,0,1-.56-1.12,1.21,1.21,0,0,1,1.25-1.26,25.81,25.81,0,0,0,10.14-1.32,21.93,21.93,0,0,1,7.77-1.24l1.31,0,.65,0Z\"><\/path><path d=\"M16.2,38.15a24,24,0,0,0,3.89-7.67,24,24,0,0,1,4.56-8.33A3.21,3.21,0,0,0,24,17.59l-.13-.1,4.89-3.16a3.57,3.57,0,0,0,1-.91A3.84,3.84,0,0,0,24.8,7.75L14.22,13.68c-4.8,2.72-7,8-8,12A16.82,16.82,0,0,1,3.2,32a1,1,0,0,0,.2,1.4L13,40.69a1,1,0,0,0,1.39-.17l.94-1.24Zm-2.46-.07-.31.42-8-6.11a19,19,0,0,0,2.77-6.27c.74-2.92,2.65-8.2,7-10.7L25.78,9.49a1.85,1.85,0,0,1,2.45.62,1.87,1.87,0,0,1-.08,2.11,1.81,1.81,0,0,1-.48.43l-7.12,4.59a3.75,3.75,0,0,0-1.14,1l-3,4A1,1,0,1,0,18,23.37l3-3.94a1.62,1.62,0,0,1,.45-.4l.1-.05a1.3,1.3,0,0,1,1.24.2,1.21,1.21,0,0,1,.28,1.76,25.75,25.75,0,0,0-4.89,9,21.91,21.91,0,0,1-3.56,7C14.54,37,14.15,37.55,13.74,38.08Z\"><\/path><path d=\"M60.73,22.86c-.15-5.53-3.77-9.95-6.8-12.7a17,17,0,0,1-4.2-5.63A1,1,0,0,0,49.17,4a1,1,0,0,0-.77,0l-11,5.07a1,1,0,0,0-.5,1.29l.7,1.5c.26.56.5,1.09.55,1.21a24.05,24.05,0,0,0,5,7,23.93,23.93,0,0,1,5.21,7.94,3.22,3.22,0,0,0,4.34,1.56l.15-.08.49,5.81a3.91,3.91,0,0,0,.34,1.3,3.87,3.87,0,0,0,3.49,2.23h.29A3.85,3.85,0,0,0,61,35Zm-3.43,14a1.86,1.86,0,0,1-1.82-1.06,1.89,1.89,0,0,1-.16-.62l-.71-8.46a3.65,3.65,0,0,0-.31-1.45L52.21,20.8a1,1,0,0,0-1.32-.49,1,1,0,0,0-.49,1.33c1.15,2.48,1.75,3.79,2.15,4.46l-.07,0a1.53,1.53,0,0,1,.13.58v.12a1.3,1.3,0,0,1-.76,1,1.21,1.21,0,0,1-1.68-.57,25.66,25.66,0,0,0-5.63-8.54A21.87,21.87,0,0,1,40,12.28l-.57-1.22-.26-.56,9.17-4.24a18.81,18.81,0,0,0,4.24,5.39c2.23,2,6,6.19,6.13,11.26L59,35A1.83,1.83,0,0,1,57.3,36.9Z\"><\/path><path d=\"M43.34,25.93a5.55,5.55,0,0,0-7.82,0,.73.73,0,0,1-1,0,5.53,5.53,0,0,0-3.91-1.62h0a5.54,5.54,0,0,0-3.92,9.45l7.64,7.63a1,1,0,0,0,.71.3,1,1,0,0,0,.71-.3l7.63-7.63a5.54,5.54,0,0,0,0-7.83Z\"><\/path><\/g><\/svg>\t\t\t\t\t\t<\/div>\n\t\t\t\t\t<\/div>\n\t\t\t\t\n\t\t\t\t\t\t\t\t\t<span class=\"elementor-cta__title elementor-cta__content-item elementor-content-item\">\n\t\t\t\t\t\tExperimentar<br \/>Comunidad\t\t\t\t\t<\/span>\n\t\t\t\t\n\t\t\t\t\n\t\t\t\t\t\t\t<\/div>\n\t\t\t\t\t\t<\/div>\n\t\t\t\t\t\t<\/div>\n\t\t\t\t<\/div>\n\t\t\t\t<div class=\"elementor-element elementor-element-04dac64 elementor-cta--skin-cover elementor-cta--valign-middle elementor-widget__width-initial animated-slow elementor-bg-transform elementor-bg-transform-zoom-in elementor-invisible elementor-widget elementor-widget-call-to-action\" data-id=\"04dac64\" data-element_type=\"widget\" data-e-type=\"widget\" data-settings=\"{&quot;_animation&quot;:&quot;fadeInUp&quot;,&quot;_animation_delay&quot;:200}\" data-widget_type=\"call-to-action.default\">\n\t\t\t\t<div class=\"elementor-widget-container\">\n\t\t\t\t\t\t\t<div class=\"elementor-cta\">\n\t\t\t\t\t<div class=\"elementor-cta__bg-wrapper\">\n\t\t\t\t<div class=\"elementor-cta__bg elementor-bg\" style=\"background-image: url(https:\/\/myrestorationcity.com\/wp-content\/uploads\/2025\/09\/ES-05-1024x576.jpg);\" role=\"img\" aria-label=\"ES-05\"><\/div>\n\t\t\t\t<div class=\"elementor-cta__bg-overlay\"><\/div>\n\t\t\t<\/div>\n\t\t\t\t\t\t\t<div class=\"elementor-cta__content\">\n\t\t\t\t\t\t\t\t\t<div class=\"elementor-content-item elementor-cta__content-item elementor-icon-wrapper elementor-cta__icon elementor-view-default\">\n\t\t\t\t\t\t<div class=\"elementor-icon\">\n\t\t\t\t\t\t\t<svg aria-hidden=\"true\" class=\"e-font-icon-svg e-fas-child\" viewBox=\"0 0 384 512\" xmlns=\"http:\/\/www.w3.org\/2000\/svg\"><path d=\"M120 72c0-39.765 32.235-72 72-72s72 32.235 72 72c0 39.764-32.235 72-72 72s-72-32.236-72-72zm254.627 1.373c-12.496-12.497-32.758-12.497-45.254 0L242.745 160H141.254L54.627 73.373c-12.496-12.497-32.758-12.497-45.254 0-12.497 12.497-12.497 32.758 0 45.255L104 213.254V480c0 17.673 14.327 32 32 32h16c17.673 0 32-14.327 32-32V368h16v112c0 17.673 14.327 32 32 32h16c17.673 0 32-14.327 32-32V213.254l94.627-94.627c12.497-12.497 12.497-32.757 0-45.254z\"><\/path><\/svg>\t\t\t\t\t\t<\/div>\n\t\t\t\t\t<\/div>\n\t\t\t\t\n\t\t\t\t\t\t\t\t\t<span class=\"elementor-cta__title elementor-cta__content-item elementor-content-item\">\n\t\t\t\t\t\tCapacitar a<br \/>las personas\t\t\t\t\t<\/span>\n\t\t\t\t\n\t\t\t\t\n\t\t\t\t\t\t\t<\/div>\n\t\t\t\t\t\t<\/div>\n\t\t\t\t\t\t<\/div>\n\t\t\t\t<\/div>\n\t\t\t\t<div class=\"elementor-element elementor-element-29c6973 elementor-cta--skin-cover elementor-cta--valign-middle elementor-widget__width-initial animated-slow elementor-bg-transform elementor-bg-transform-zoom-in elementor-invisible elementor-widget elementor-widget-call-to-action\" data-id=\"29c6973\" data-element_type=\"widget\" data-e-type=\"widget\" data-settings=\"{&quot;_animation&quot;:&quot;fadeInUp&quot;,&quot;_animation_delay&quot;:200}\" data-widget_type=\"call-to-action.default\">\n\t\t\t\t<div class=\"elementor-widget-container\">\n\t\t\t\t\t\t\t<div class=\"elementor-cta\">\n\t\t\t\t\t<div class=\"elementor-cta__bg-wrapper\">\n\t\t\t\t<div class=\"elementor-cta__bg elementor-bg\" style=\"background-image: url(https:\/\/myrestorationcity.com\/wp-content\/uploads\/2025\/09\/DSC00147-1024x683.jpg);\" role=\"img\" aria-label=\"DSC00147\"><\/div>\n\t\t\t\t<div class=\"elementor-cta__bg-overlay\"><\/div>\n\t\t\t<\/div>\n\t\t\t\t\t\t\t<div class=\"elementor-cta__content\">\n\t\t\t\t\t\t\t\t\t<div class=\"elementor-content-item elementor-cta__content-item elementor-icon-wrapper elementor-cta__icon elementor-view-default\">\n\t\t\t\t\t\t<div class=\"elementor-icon\">\n\t\t\t\t\t\t\t<svg aria-hidden=\"true\" class=\"e-font-icon-svg e-fas-city\" viewBox=\"0 0 640 512\" xmlns=\"http:\/\/www.w3.org\/2000\/svg\"><path d=\"M616 192H480V24c0-13.26-10.74-24-24-24H312c-13.26 0-24 10.74-24 24v72h-64V16c0-8.84-7.16-16-16-16h-16c-8.84 0-16 7.16-16 16v80h-64V16c0-8.84-7.16-16-16-16H80c-8.84 0-16 7.16-16 16v80H24c-13.26 0-24 10.74-24 24v360c0 17.67 14.33 32 32 32h576c17.67 0 32-14.33 32-32V216c0-13.26-10.75-24-24-24zM128 404c0 6.63-5.37 12-12 12H76c-6.63 0-12-5.37-12-12v-40c0-6.63 5.37-12 12-12h40c6.63 0 12 5.37 12 12v40zm0-96c0 6.63-5.37 12-12 12H76c-6.63 0-12-5.37-12-12v-40c0-6.63 5.37-12 12-12h40c6.63 0 12 5.37 12 12v40zm0-96c0 6.63-5.37 12-12 12H76c-6.63 0-12-5.37-12-12v-40c0-6.63 5.37-12 12-12h40c6.63 0 12 5.37 12 12v40zm128 192c0 6.63-5.37 12-12 12h-40c-6.63 0-12-5.37-12-12v-40c0-6.63 5.37-12 12-12h40c6.63 0 12 5.37 12 12v40zm0-96c0 6.63-5.37 12-12 12h-40c-6.63 0-12-5.37-12-12v-40c0-6.63 5.37-12 12-12h40c6.63 0 12 5.37 12 12v40zm0-96c0 6.63-5.37 12-12 12h-40c-6.63 0-12-5.37-12-12v-40c0-6.63 5.37-12 12-12h40c6.63 0 12 5.37 12 12v40zm160 96c0 6.63-5.37 12-12 12h-40c-6.63 0-12-5.37-12-12v-40c0-6.63 5.37-12 12-12h40c6.63 0 12 5.37 12 12v40zm0-96c0 6.63-5.37 12-12 12h-40c-6.63 0-12-5.37-12-12v-40c0-6.63 5.37-12 12-12h40c6.63 0 12 5.37 12 12v40zm0-96c0 6.63-5.37 12-12 12h-40c-6.63 0-12-5.37-12-12V76c0-6.63 5.37-12 12-12h40c6.63 0 12 5.37 12 12v40zm160 288c0 6.63-5.37 12-12 12h-40c-6.63 0-12-5.37-12-12v-40c0-6.63 5.37-12 12-12h40c6.63 0 12 5.37 12 12v40zm0-96c0 6.63-5.37 12-12 12h-40c-6.63 0-12-5.37-12-12v-40c0-6.63 5.37-12 12-12h40c6.63 0 12 5.37 12 12v40z\"><\/path><\/svg>\t\t\t\t\t\t<\/div>\n\t\t\t\t\t<\/div>\n\t\t\t\t\n\t\t\t\t\t\t\t\t\t<span class=\"elementor-cta__title elementor-cta__content-item elementor-content-item\">\n\t\t\t\t\t\tConectar a <br \/>nuestra ciudad\t\t\t\t\t<\/span>\n\t\t\t\t\n\t\t\t\t\n\t\t\t\t\t\t\t<\/div>\n\t\t\t\t\t\t<\/div>\n\t\t\t\t\t\t<\/div>\n\t\t\t\t<\/div>\n\t\t\t\t\t<\/div>\n\t\t\t\t<\/div>\n\t\t\t\t<\/div>\n\t\t","protected":false},"excerpt":{"rendered":"<p>Existimos para ver nuestra ciudad restaurada por el amor de Jes\u00fas y el poder de la comunidad. Ya sea que seas nuevo en la iglesia, cristiano desde hace muchos a\u00f1os o est\u00e9s buscando un nuevo comienzo, aqu\u00ed ser\u00e1s bienvenido. Nuestra esperanza es brindarte un lugar donde puedas experimentar una conexi\u00f3n fresca y agradable con Dios [&hellip;]<\/p>\n","protected":false},"author":1,"featured_media":0,"parent":0,"menu_order":0,"comment_status":"closed","ping_status":"closed","template":"","meta":{"_acf_changed":false,"footnotes":""},"class_list":["post-89877","page","type-page","status-publish","hentry"],"acf":[],"yoast_head":"<!-- This site is optimized with the Yoast SEO plugin v27.5 - https:\/\/yoast.com\/product\/yoast-seo-wordpress\/ -->\n<title>\u00bfPor Qu\u00e9 Existimos? - Restoration City Church<\/title>\n<meta name=\"robots\" content=\"index, follow, max-snippet:-1, max-image-preview:large, max-video-preview:-1\" \/>\n<link rel=\"canonical\" href=\"https:\/\/myrestorationcity.com\/whyweexist\/\" \/>\n<meta property=\"og:locale\" content=\"es_ES\" \/>\n<meta property=\"og:type\" content=\"article\" \/>\n<meta property=\"og:title\" content=\"\u00bfPor Qu\u00e9 Existimos? - Restoration City Church\" \/>\n<meta property=\"og:description\" content=\"Existimos para ver nuestra ciudad restaurada por el amor de Jes\u00fas y el poder de la comunidad. Ya sea que seas nuevo en la iglesia, cristiano desde hace muchos a\u00f1os o est\u00e9s buscando un nuevo comienzo, aqu\u00ed ser\u00e1s bienvenido. Nuestra esperanza es brindarte un lugar donde puedas experimentar una conexi\u00f3n fresca y agradable con Dios [&hellip;]\" \/>\n<meta property=\"og:url\" content=\"https:\/\/myrestorationcity.com\/whyweexist\/\" \/>\n<meta property=\"og:site_name\" content=\"Restoration City Church\" \/>\n<meta property=\"article:publisher\" content=\"http:\/\/facebook.com\/myrestorationcitychurch\" \/>\n<meta property=\"article:modified_time\" content=\"2025-09-03T13:56:10+00:00\" \/>\n<meta property=\"og:image\" content=\"https:\/\/myrestorationcity.com\/wp-content\/uploads\/2022\/10\/cropped-RC-333.png\" \/>\n\t<meta property=\"og:image:width\" content=\"512\" \/>\n\t<meta property=\"og:image:height\" content=\"512\" \/>\n\t<meta property=\"og:image:type\" content=\"image\/png\" \/>\n<meta name=\"twitter:card\" content=\"summary_large_image\" \/>\n<meta name=\"twitter:label1\" content=\"Tiempo de lectura\" \/>\n\t<meta name=\"twitter:data1\" content=\"1 minuto\" \/>\n<script type=\"application\/ld+json\" class=\"yoast-schema-graph\">{\"@context\":\"https:\\\/\\\/schema.org\",\"@graph\":[{\"@type\":\"WebPage\",\"@id\":\"https:\\\/\\\/myrestorationcity.com\\\/whyweexist\\\/\",\"url\":\"https:\\\/\\\/myrestorationcity.com\\\/whyweexist\\\/\",\"name\":\"\u00bfPor Qu\u00e9 Existimos? - Restoration City Church\",\"isPartOf\":{\"@id\":\"https:\\\/\\\/myrestorationcity.com\\\/#website\"},\"primaryImageOfPage\":{\"@id\":\"https:\\\/\\\/myrestorationcity.com\\\/whyweexist\\\/#primaryimage\"},\"image\":{\"@id\":\"https:\\\/\\\/myrestorationcity.com\\\/whyweexist\\\/#primaryimage\"},\"thumbnailUrl\":\"https:\\\/\\\/myrestorationcity.com\\\/wp-content\\\/uploads\\\/2022\\\/10\\\/cropped-RC-333-150x150.png\",\"datePublished\":\"2024-01-16T11:38:48+00:00\",\"dateModified\":\"2025-09-03T13:56:10+00:00\",\"inLanguage\":\"es\",\"potentialAction\":[{\"@type\":\"ReadAction\",\"target\":[\"https:\\\/\\\/myrestorationcity.com\\\/whyweexist\\\/\"]}]},{\"@type\":\"ImageObject\",\"inLanguage\":\"es\",\"@id\":\"https:\\\/\\\/myrestorationcity.com\\\/whyweexist\\\/#primaryimage\",\"url\":\"https:\\\/\\\/myrestorationcity.com\\\/wp-content\\\/uploads\\\/2022\\\/10\\\/cropped-RC-333-150x150.png\",\"contentUrl\":\"https:\\\/\\\/myrestorationcity.com\\\/wp-content\\\/uploads\\\/2022\\\/10\\\/cropped-RC-333-150x150.png\"},{\"@type\":\"WebSite\",\"@id\":\"https:\\\/\\\/myrestorationcity.com\\\/#website\",\"url\":\"https:\\\/\\\/myrestorationcity.com\\\/\",\"name\":\"Restoration City Church\",\"description\":\"\",\"publisher\":{\"@id\":\"https:\\\/\\\/myrestorationcity.com\\\/#organization\"},\"potentialAction\":[{\"@type\":\"SearchAction\",\"target\":{\"@type\":\"EntryPoint\",\"urlTemplate\":\"https:\\\/\\\/myrestorationcity.com\\\/?s={search_term_string}\"},\"query-input\":{\"@type\":\"PropertyValueSpecification\",\"valueRequired\":true,\"valueName\":\"search_term_string\"}}],\"inLanguage\":\"es\"},{\"@type\":\"Organization\",\"@id\":\"https:\\\/\\\/myrestorationcity.com\\\/#organization\",\"name\":\"Restoration City Church\",\"url\":\"https:\\\/\\\/myrestorationcity.com\\\/\",\"logo\":{\"@type\":\"ImageObject\",\"inLanguage\":\"es\",\"@id\":\"https:\\\/\\\/myrestorationcity.com\\\/#\\\/schema\\\/logo\\\/image\\\/\",\"url\":\"https:\\\/\\\/myrestorationcity.com\\\/wp-content\\\/uploads\\\/2022\\\/10\\\/RC-333.png\",\"contentUrl\":\"https:\\\/\\\/myrestorationcity.com\\\/wp-content\\\/uploads\\\/2022\\\/10\\\/RC-333.png\",\"width\":303,\"height\":303,\"caption\":\"Restoration City Church\"},\"image\":{\"@id\":\"https:\\\/\\\/myrestorationcity.com\\\/#\\\/schema\\\/logo\\\/image\\\/\"},\"sameAs\":[\"http:\\\/\\\/facebook.com\\\/myrestorationcitychurch\",\"https:\\\/\\\/www.instagram.com\\\/myrestorationcitychurch\\\/\",\"https:\\\/\\\/www.youtube.com\\\/channel\\\/UCFumLxquLd5wLXXBhUqRH_w\"]}]}<\/script>\n<!-- \/ Yoast SEO plugin. -->","yoast_head_json":{"title":"\u00bfPor Qu\u00e9 Existimos? - Restoration City Church","robots":{"index":"index","follow":"follow","max-snippet":"max-snippet:-1","max-image-preview":"max-image-preview:large","max-video-preview":"max-video-preview:-1"},"canonical":"https:\/\/myrestorationcity.com\/whyweexist\/","og_locale":"es_ES","og_type":"article","og_title":"\u00bfPor Qu\u00e9 Existimos? - Restoration City Church","og_description":"Existimos para ver nuestra ciudad restaurada por el amor de Jes\u00fas y el poder de la comunidad. Ya sea que seas nuevo en la iglesia, cristiano desde hace muchos a\u00f1os o est\u00e9s buscando un nuevo comienzo, aqu\u00ed ser\u00e1s bienvenido. Nuestra esperanza es brindarte un lugar donde puedas experimentar una conexi\u00f3n fresca y agradable con Dios [&hellip;]","og_url":"https:\/\/myrestorationcity.com\/whyweexist\/","og_site_name":"Restoration City Church","article_publisher":"http:\/\/facebook.com\/myrestorationcitychurch","article_modified_time":"2025-09-03T13:56:10+00:00","og_image":[{"width":512,"height":512,"url":"https:\/\/myrestorationcity.com\/wp-content\/uploads\/2022\/10\/cropped-RC-333.png","type":"image\/png"}],"twitter_card":"summary_large_image","twitter_misc":{"Tiempo de lectura":"1 minuto"},"schema":{"@context":"https:\/\/schema.org","@graph":[{"@type":"WebPage","@id":"https:\/\/myrestorationcity.com\/whyweexist\/","url":"https:\/\/myrestorationcity.com\/whyweexist\/","name":"\u00bfPor Qu\u00e9 Existimos? - Restoration City Church","isPartOf":{"@id":"https:\/\/myrestorationcity.com\/#website"},"primaryImageOfPage":{"@id":"https:\/\/myrestorationcity.com\/whyweexist\/#primaryimage"},"image":{"@id":"https:\/\/myrestorationcity.com\/whyweexist\/#primaryimage"},"thumbnailUrl":"https:\/\/myrestorationcity.com\/wp-content\/uploads\/2022\/10\/cropped-RC-333-150x150.png","datePublished":"2024-01-16T11:38:48+00:00","dateModified":"2025-09-03T13:56:10+00:00","inLanguage":"es","potentialAction":[{"@type":"ReadAction","target":["https:\/\/myrestorationcity.com\/whyweexist\/"]}]},{"@type":"ImageObject","inLanguage":"es","@id":"https:\/\/myrestorationcity.com\/whyweexist\/#primaryimage","url":"https:\/\/myrestorationcity.com\/wp-content\/uploads\/2022\/10\/cropped-RC-333-150x150.png","contentUrl":"https:\/\/myrestorationcity.com\/wp-content\/uploads\/2022\/10\/cropped-RC-333-150x150.png"},{"@type":"WebSite","@id":"https:\/\/myrestorationcity.com\/#website","url":"https:\/\/myrestorationcity.com\/","name":"Restoration City Church","description":"","publisher":{"@id":"https:\/\/myrestorationcity.com\/#organization"},"potentialAction":[{"@type":"SearchAction","target":{"@type":"EntryPoint","urlTemplate":"https:\/\/myrestorationcity.com\/?s={search_term_string}"},"query-input":{"@type":"PropertyValueSpecification","valueRequired":true,"valueName":"search_term_string"}}],"inLanguage":"es"},{"@type":"Organization","@id":"https:\/\/myrestorationcity.com\/#organization","name":"Restoration City Church","url":"https:\/\/myrestorationcity.com\/","logo":{"@type":"ImageObject","inLanguage":"es","@id":"https:\/\/myrestorationcity.com\/#\/schema\/logo\/image\/","url":"https:\/\/myrestorationcity.com\/wp-content\/uploads\/2022\/10\/RC-333.png","contentUrl":"https:\/\/myrestorationcity.com\/wp-content\/uploads\/2022\/10\/RC-333.png","width":303,"height":303,"caption":"Restoration City Church"},"image":{"@id":"https:\/\/myrestorationcity.com\/#\/schema\/logo\/image\/"},"sameAs":["http:\/\/facebook.com\/myrestorationcitychurch","https:\/\/www.instagram.com\/myrestorationcitychurch\/","https:\/\/www.youtube.com\/channel\/UCFumLxquLd5wLXXBhUqRH_w"]}]}},"jetpack_sharing_enabled":true,"_links":{"self":[{"href":"https:\/\/myrestorationcity.com\/es\/wp-json\/wp\/v2\/pages\/89877","targetHints":{"allow":["GET"]}}],"collection":[{"href":"https:\/\/myrestorationcity.com\/es\/wp-json\/wp\/v2\/pages"}],"about":[{"href":"https:\/\/myrestorationcity.com\/es\/wp-json\/wp\/v2\/types\/page"}],"author":[{"embeddable":true,"href":"https:\/\/myrestorationcity.com\/es\/wp-json\/wp\/v2\/users\/1"}],"replies":[{"embeddable":true,"href":"https:\/\/myrestorationcity.com\/es\/wp-json\/wp\/v2\/comments?post=89877"}],"version-history":[{"count":15,"href":"https:\/\/myrestorationcity.com\/es\/wp-json\/wp\/v2\/pages\/89877\/revisions"}],"predecessor-version":[{"id":94542,"href":"https:\/\/myrestorationcity.com\/es\/wp-json\/wp\/v2\/pages\/89877\/revisions\/94542"}],"wp:attachment":[{"href":"https:\/\/myrestorationcity.com\/es\/wp-json\/wp\/v2\/media?parent=89877"}],"curies":[{"name":"wp","href":"https:\/\/api.w.org\/{rel}","templated":true}]}}