{"id":89871,"date":"2024-02-02T08:03:51","date_gmt":"2024-02-02T13:03:51","guid":{"rendered":"https:\/\/myrestorationcity.com\/small-groups\/next-steps\/"},"modified":"2025-09-03T09:26:44","modified_gmt":"2025-09-03T13:26:44","slug":"next-steps","status":"publish","type":"page","link":"https:\/\/myrestorationcity.com\/es\/smallgroups\/next-steps\/","title":{"rendered":"Pr\u00f3ximos Pasos"},"content":{"rendered":"\t\t<div data-elementor-type=\"wp-page\" data-elementor-id=\"89871\" class=\"elementor elementor-89871 elementor-86594\" data-elementor-post-type=\"page\">\n\t\t\t\t<div class=\"elementor-element elementor-element-6f5f588 e-flex e-con-boxed e-con e-parent\" data-id=\"6f5f588\" data-element_type=\"container\" data-e-type=\"container\" data-settings=\"{&quot;background_background&quot;:&quot;classic&quot;}\">\n\t\t\t\t\t<div class=\"e-con-inner\">\n\t\t<div class=\"elementor-element elementor-element-1c164e6 e-con-full e-flex e-con e-child\" data-id=\"1c164e6\" data-element_type=\"container\" data-e-type=\"container\" data-settings=\"{&quot;background_background&quot;:&quot;classic&quot;}\">\n\t\t\t\t<\/div>\n\t\t\t\t\t<\/div>\n\t\t\t\t<\/div>\n\t\t<div class=\"elementor-element elementor-element-2cdeff0 e-flex e-con-boxed e-con e-parent\" data-id=\"2cdeff0\" data-element_type=\"container\" data-e-type=\"container\">\n\t\t\t\t\t<div class=\"e-con-inner\">\n\t\t<div class=\"elementor-element elementor-element-8123d9f e-con-full e-flex e-con e-child\" data-id=\"8123d9f\" data-element_type=\"container\" data-e-type=\"container\" data-settings=\"{&quot;background_background&quot;:&quot;classic&quot;}\">\n\t\t\t\t<div class=\"elementor-element elementor-element-17e46e9 elementor-nav-menu--dropdown-none elementor-nav-menu__align-center elementor-widget elementor-widget-nav-menu\" data-id=\"17e46e9\" data-element_type=\"widget\" data-e-type=\"widget\" data-settings=\"{&quot;layout&quot;:&quot;horizontal&quot;,&quot;submenu_icon&quot;:{&quot;value&quot;:&quot;&lt;svg aria-hidden=\\&quot;true\\&quot; class=\\&quot;e-font-icon-svg e-fas-caret-down\\&quot; viewBox=\\&quot;0 0 320 512\\&quot; xmlns=\\&quot;http:\\\/\\\/www.w3.org\\\/2000\\\/svg\\&quot;&gt;&lt;path d=\\&quot;M31.3 192h257.3c17.8 0 26.7 21.5 14.1 34.1L174.1 354.8c-7.8 7.8-20.5 7.8-28.3 0L17.2 226.1C4.6 213.5 13.5 192 31.3 192z\\&quot;&gt;&lt;\\\/path&gt;&lt;\\\/svg&gt;&quot;,&quot;library&quot;:&quot;fa-solid&quot;}}\" data-widget_type=\"nav-menu.default\">\n\t\t\t\t<div class=\"elementor-widget-container\">\n\t\t\t\t\t\t\t\t<nav aria-label=\"Men\u00fa\" class=\"elementor-nav-menu--main elementor-nav-menu__container elementor-nav-menu--layout-horizontal e--pointer-text e--animation-none\">\n\t\t\t\t<ul id=\"menu-1-17e46e9\" class=\"elementor-nav-menu\"><li class=\"menu-item menu-item-type-post_type menu-item-object-page menu-item-91446\"><a href=\"https:\/\/myrestorationcity.com\/es\/smallgroups\/\" class=\"elementor-item\">Grupos Peque\u00f1os<\/a><\/li>\n<li class=\"menu-item menu-item-type-post_type menu-item-object-page menu-item-89910\"><a href=\"https:\/\/myrestorationcity.com\/es\/smallgroups\/next-steps\/\" class=\"elementor-item\">Pr\u00f3ximos Pasos<\/a><\/li>\n<li class=\"menu-item menu-item-type-post_type menu-item-object-page menu-item-89909\"><a href=\"https:\/\/myrestorationcity.com\/es\/smallgroups\/leadershipresources\/\" class=\"elementor-item\">Recursos de Liderazgo<\/a><\/li>\n<li class=\"menu-item menu-item-type-post_type menu-item-object-page menu-item-89908\"><a href=\"https:\/\/myrestorationcity.com\/es\/smallgroups\/freedomgroups\/\" class=\"elementor-item\">Verdaderamente Libre<\/a><\/li>\n<\/ul>\t\t\t<\/nav>\n\t\t\t\t\t\t<nav class=\"elementor-nav-menu--dropdown elementor-nav-menu__container\" aria-hidden=\"true\">\n\t\t\t\t<ul id=\"menu-2-17e46e9\" class=\"elementor-nav-menu\"><li class=\"menu-item menu-item-type-post_type menu-item-object-page menu-item-91446\"><a href=\"https:\/\/myrestorationcity.com\/es\/smallgroups\/\" class=\"elementor-item\" tabindex=\"-1\">Grupos Peque\u00f1os<\/a><\/li>\n<li class=\"menu-item menu-item-type-post_type menu-item-object-page menu-item-89910\"><a href=\"https:\/\/myrestorationcity.com\/es\/smallgroups\/next-steps\/\" class=\"elementor-item\" tabindex=\"-1\">Pr\u00f3ximos Pasos<\/a><\/li>\n<li class=\"menu-item menu-item-type-post_type menu-item-object-page menu-item-89909\"><a href=\"https:\/\/myrestorationcity.com\/es\/smallgroups\/leadershipresources\/\" class=\"elementor-item\" tabindex=\"-1\">Recursos de Liderazgo<\/a><\/li>\n<li class=\"menu-item menu-item-type-post_type menu-item-object-page menu-item-89908\"><a href=\"https:\/\/myrestorationcity.com\/es\/smallgroups\/freedomgroups\/\" class=\"elementor-item\" tabindex=\"-1\">Verdaderamente Libre<\/a><\/li>\n<\/ul>\t\t\t<\/nav>\n\t\t\t\t\t\t<\/div>\n\t\t\t\t<\/div>\n\t\t\t\t<\/div>\n\t\t\t\t\t<\/div>\n\t\t\t\t<\/div>\n\t\t<div class=\"elementor-element elementor-element-c6b659c e-flex e-con-boxed e-con e-parent\" data-id=\"c6b659c\" data-element_type=\"container\" data-e-type=\"container\">\n\t\t\t\t\t<div class=\"e-con-inner\">\n\t\t<div class=\"elementor-element elementor-element-753bf47 e-con-full e-flex e-con e-child\" data-id=\"753bf47\" data-element_type=\"container\" data-e-type=\"container\">\n\t\t\t\t<div class=\"elementor-element elementor-element-3d9bd67 elementor-widget elementor-widget-heading\" data-id=\"3d9bd67\" data-element_type=\"widget\" data-e-type=\"widget\" data-widget_type=\"heading.default\">\n\t\t\t\t<div class=\"elementor-widget-container\">\n\t\t\t\t\t<h2 class=\"elementor-heading-title elementor-size-default\">Liderar con prop\u00f3sito<\/h2>\t\t\t\t<\/div>\n\t\t\t\t<\/div>\n\t\t\t\t<div class=\"elementor-element elementor-element-b755918 elementor-widget elementor-widget-text-editor\" data-id=\"b755918\" data-element_type=\"widget\" data-e-type=\"widget\" data-widget_type=\"text-editor.default\">\n\t\t\t\t<div class=\"elementor-widget-container\">\n\t\t\t\t\t\t\t\t\t<p>A veces, el cambio total de una vida ocurre en un instante, pero m\u00e1s a menudo sucede poco a poco. Como l\u00edderes de grupos peque\u00f1os, nuestro papel principal es descubrir la condici\u00f3n espiritual de los miembros del grupo y caminar a su lado llev\u00e1ndolos a un paso m\u00e1s cerca de Dios. El aspecto de esto ser\u00e1 diferente para cada persona.<\/p>\n<p>Estos son algunos ejemplos pr\u00e1cticos para ayudarle:<\/p>\n\t\t\t\t\t\t\t\t<\/div>\n\t\t\t\t<\/div>\n\t\t\t\t<div class=\"elementor-element elementor-element-5ce3d50 elementor-widget elementor-widget-text-editor\" data-id=\"5ce3d50\" data-element_type=\"widget\" data-e-type=\"widget\" data-widget_type=\"text-editor.default\">\n\t\t\t\t<div class=\"elementor-widget-container\">\n\t\t\t\t\t\t\t\t\t<ul>\n<li>Si un miembro del grupo no tiene una relaci\u00f3n con Dios, invitalo a un servicio de la iglesia donde pueda escuchar una presentaci\u00f3n clara de la Palabra.<\/li>\n<li>Anime a los miembros del grupo a bautizarse.<\/li>\n<li>Invite a los miembros del grupo a completar la V\u00eda de Crecimiento.<\/li>\n<li>Conecte a los miembros del grupo con el Dream Team.<\/li>\n<li>Introduce a los miembros del grupo a la idea de la oraci\u00f3n diaria y la lectura de la Biblia.<\/li>\n<\/ul>\n\t\t\t\t\t\t\t\t<\/div>\n\t\t\t\t<\/div>\n\t\t\t\t<div class=\"elementor-element elementor-element-c8d50e5 elementor-widget elementor-widget-text-editor\" data-id=\"c8d50e5\" data-element_type=\"widget\" data-e-type=\"widget\" data-widget_type=\"text-editor.default\">\n\t\t\t\t<div class=\"elementor-widget-container\">\n\t\t\t\t\t\t\t\t\t<p>Nuestros Grupos Peque\u00f1os ser\u00e1n m\u00e1s saludables cuando los l\u00edderes tomen un papel activo en conocer a cada persona en su grupo y ayudarlos intencionalmente a acercarse un paso m\u00e1s a Cristo.<\/p>\n\t\t\t\t\t\t\t\t<\/div>\n\t\t\t\t<\/div>\n\t\t\t\t<\/div>\n\t\t<div class=\"elementor-element elementor-element-cf86d0e e-con-full e-flex e-con e-child\" data-id=\"cf86d0e\" data-element_type=\"container\" data-e-type=\"container\">\n\t\t\t\t<div class=\"elementor-element elementor-element-3a4127f animated-slow elementor-invisible elementor-widget elementor-widget-heading\" data-id=\"3a4127f\" data-element_type=\"widget\" data-e-type=\"widget\" data-settings=\"{&quot;_animation&quot;:&quot;fadeInLeft&quot;,&quot;_animation_delay&quot;:100}\" data-widget_type=\"heading.default\">\n\t\t\t\t<div class=\"elementor-widget-container\">\n\t\t\t\t\t<p class=\"elementor-heading-title elementor-size-default\">CONOCE A DIOS<\/p>\t\t\t\t<\/div>\n\t\t\t\t<\/div>\n\t\t\t\t<div class=\"elementor-element elementor-element-103e891 animated-slow elementor-invisible elementor-widget elementor-widget-heading\" data-id=\"103e891\" data-element_type=\"widget\" data-e-type=\"widget\" data-settings=\"{&quot;_animation&quot;:&quot;fadeInLeft&quot;,&quot;_animation_delay&quot;:100}\" data-widget_type=\"heading.default\">\n\t\t\t\t<div class=\"elementor-widget-container\">\n\t\t\t\t\t<p class=\"elementor-heading-title elementor-size-default\">ENCUENTRA LIBERTAD<\/p>\t\t\t\t<\/div>\n\t\t\t\t<\/div>\n\t\t\t\t<div class=\"elementor-element elementor-element-bafd08c animated-slow elementor-invisible elementor-widget elementor-widget-heading\" data-id=\"bafd08c\" data-element_type=\"widget\" data-e-type=\"widget\" data-settings=\"{&quot;_animation&quot;:&quot;fadeInLeft&quot;,&quot;_animation_delay&quot;:100}\" data-widget_type=\"heading.default\">\n\t\t\t\t<div class=\"elementor-widget-container\">\n\t\t\t\t\t<p class=\"elementor-heading-title elementor-size-default\">DESCUBRE TU PROP\u00d3SITO<\/p>\t\t\t\t<\/div>\n\t\t\t\t<\/div>\n\t\t\t\t<div class=\"elementor-element elementor-element-37650dc animated-slow elementor-invisible elementor-widget elementor-widget-heading\" data-id=\"37650dc\" data-element_type=\"widget\" data-e-type=\"widget\" data-settings=\"{&quot;_animation&quot;:&quot;fadeInLeft&quot;,&quot;_animation_delay&quot;:100}\" data-widget_type=\"heading.default\">\n\t\t\t\t<div class=\"elementor-widget-container\">\n\t\t\t\t\t<p class=\"elementor-heading-title elementor-size-default\">HACER LA DIFERENCIA<\/p>\t\t\t\t<\/div>\n\t\t\t\t<\/div>\n\t\t\t\t<\/div>\n\t\t\t\t\t<\/div>\n\t\t\t\t<\/div>\n\t\t\t\t<\/div>\n\t\t","protected":false},"excerpt":{"rendered":"<p>Liderar con prop\u00f3sito A veces, el cambio total de una vida ocurre en un instante, pero m\u00e1s a menudo sucede poco a poco. Como l\u00edderes de grupos peque\u00f1os, nuestro papel principal es descubrir la condici\u00f3n espiritual de los miembros del grupo y caminar a su lado llev\u00e1ndolos a un paso m\u00e1s cerca de Dios. El [&hellip;]<\/p>\n","protected":false},"author":1,"featured_media":0,"parent":89865,"menu_order":0,"comment_status":"closed","ping_status":"closed","template":"elementor_header_footer","meta":{"_acf_changed":false,"footnotes":""},"class_list":["post-89871","page","type-page","status-publish","hentry"],"acf":[],"yoast_head":"<!-- This site is optimized with the Yoast SEO plugin v27.5 - https:\/\/yoast.com\/product\/yoast-seo-wordpress\/ -->\n<title>Pr\u00f3ximos Pasos - Restoration City Church<\/title>\n<meta name=\"robots\" content=\"index, follow, max-snippet:-1, max-image-preview:large, max-video-preview:-1\" \/>\n<link rel=\"canonical\" href=\"https:\/\/myrestorationcity.com\/smallgroups\/next-steps\/\" \/>\n<meta property=\"og:locale\" content=\"es_ES\" \/>\n<meta property=\"og:type\" content=\"article\" \/>\n<meta property=\"og:title\" content=\"Pr\u00f3ximos Pasos - Restoration City Church\" \/>\n<meta property=\"og:description\" content=\"Liderar con prop\u00f3sito A veces, el cambio total de una vida ocurre en un instante, pero m\u00e1s a menudo sucede poco a poco. Como l\u00edderes de grupos peque\u00f1os, nuestro papel principal es descubrir la condici\u00f3n espiritual de los miembros del grupo y caminar a su lado llev\u00e1ndolos a un paso m\u00e1s cerca de Dios. El [&hellip;]\" \/>\n<meta property=\"og:url\" content=\"https:\/\/myrestorationcity.com\/smallgroups\/next-steps\/\" \/>\n<meta property=\"og:site_name\" content=\"Restoration City Church\" \/>\n<meta property=\"article:publisher\" content=\"http:\/\/facebook.com\/myrestorationcitychurch\" \/>\n<meta property=\"article:modified_time\" content=\"2025-09-03T13:26:44+00:00\" \/>\n<meta property=\"og:image\" content=\"https:\/\/myrestorationcity.com\/wp-content\/uploads\/2022\/10\/RCC-Logo.png\" \/>\n\t<meta property=\"og:image:width\" content=\"1024\" \/>\n\t<meta property=\"og:image:height\" content=\"561\" \/>\n\t<meta property=\"og:image:type\" content=\"image\/png\" \/>\n<meta name=\"twitter:card\" content=\"summary_large_image\" \/>\n<meta name=\"twitter:label1\" content=\"Tiempo de lectura\" \/>\n\t<meta name=\"twitter:data1\" content=\"1 minuto\" \/>\n<script type=\"application\/ld+json\" class=\"yoast-schema-graph\">{\"@context\":\"https:\\\/\\\/schema.org\",\"@graph\":[{\"@type\":\"WebPage\",\"@id\":\"https:\\\/\\\/myrestorationcity.com\\\/smallgroups\\\/next-steps\\\/\",\"url\":\"https:\\\/\\\/myrestorationcity.com\\\/smallgroups\\\/next-steps\\\/\",\"name\":\"Pr\u00f3ximos Pasos - Restoration City Church\",\"isPartOf\":{\"@id\":\"https:\\\/\\\/myrestorationcity.com\\\/#website\"},\"datePublished\":\"2024-02-02T13:03:51+00:00\",\"dateModified\":\"2025-09-03T13:26:44+00:00\",\"breadcrumb\":{\"@id\":\"https:\\\/\\\/myrestorationcity.com\\\/smallgroups\\\/next-steps\\\/#breadcrumb\"},\"inLanguage\":\"es\",\"potentialAction\":[{\"@type\":\"ReadAction\",\"target\":[\"https:\\\/\\\/myrestorationcity.com\\\/smallgroups\\\/next-steps\\\/\"]}]},{\"@type\":\"BreadcrumbList\",\"@id\":\"https:\\\/\\\/myrestorationcity.com\\\/smallgroups\\\/next-steps\\\/#breadcrumb\",\"itemListElement\":[{\"@type\":\"ListItem\",\"position\":1,\"name\":\"Grupos Peque\u00f1os\",\"item\":\"https:\\\/\\\/myrestorationcity.com\\\/smallgroups\\\/\"},{\"@type\":\"ListItem\",\"position\":2,\"name\":\"Pr\u00f3ximos Pasos\"}]},{\"@type\":\"WebSite\",\"@id\":\"https:\\\/\\\/myrestorationcity.com\\\/#website\",\"url\":\"https:\\\/\\\/myrestorationcity.com\\\/\",\"name\":\"Restoration City Church\",\"description\":\"\",\"publisher\":{\"@id\":\"https:\\\/\\\/myrestorationcity.com\\\/#organization\"},\"potentialAction\":[{\"@type\":\"SearchAction\",\"target\":{\"@type\":\"EntryPoint\",\"urlTemplate\":\"https:\\\/\\\/myrestorationcity.com\\\/?s={search_term_string}\"},\"query-input\":{\"@type\":\"PropertyValueSpecification\",\"valueRequired\":true,\"valueName\":\"search_term_string\"}}],\"inLanguage\":\"es\"},{\"@type\":\"Organization\",\"@id\":\"https:\\\/\\\/myrestorationcity.com\\\/#organization\",\"name\":\"Restoration City Church\",\"url\":\"https:\\\/\\\/myrestorationcity.com\\\/\",\"logo\":{\"@type\":\"ImageObject\",\"inLanguage\":\"es\",\"@id\":\"https:\\\/\\\/myrestorationcity.com\\\/#\\\/schema\\\/logo\\\/image\\\/\",\"url\":\"https:\\\/\\\/myrestorationcity.com\\\/wp-content\\\/uploads\\\/2022\\\/10\\\/RC-333.png\",\"contentUrl\":\"https:\\\/\\\/myrestorationcity.com\\\/wp-content\\\/uploads\\\/2022\\\/10\\\/RC-333.png\",\"width\":303,\"height\":303,\"caption\":\"Restoration City Church\"},\"image\":{\"@id\":\"https:\\\/\\\/myrestorationcity.com\\\/#\\\/schema\\\/logo\\\/image\\\/\"},\"sameAs\":[\"http:\\\/\\\/facebook.com\\\/myrestorationcitychurch\",\"https:\\\/\\\/www.instagram.com\\\/myrestorationcitychurch\\\/\",\"https:\\\/\\\/www.youtube.com\\\/channel\\\/UCFumLxquLd5wLXXBhUqRH_w\"]}]}<\/script>\n<!-- \/ Yoast SEO plugin. -->","yoast_head_json":{"title":"Pr\u00f3ximos Pasos - Restoration City Church","robots":{"index":"index","follow":"follow","max-snippet":"max-snippet:-1","max-image-preview":"max-image-preview:large","max-video-preview":"max-video-preview:-1"},"canonical":"https:\/\/myrestorationcity.com\/smallgroups\/next-steps\/","og_locale":"es_ES","og_type":"article","og_title":"Pr\u00f3ximos Pasos - Restoration City Church","og_description":"Liderar con prop\u00f3sito A veces, el cambio total de una vida ocurre en un instante, pero m\u00e1s a menudo sucede poco a poco. Como l\u00edderes de grupos peque\u00f1os, nuestro papel principal es descubrir la condici\u00f3n espiritual de los miembros del grupo y caminar a su lado llev\u00e1ndolos a un paso m\u00e1s cerca de Dios. El [&hellip;]","og_url":"https:\/\/myrestorationcity.com\/smallgroups\/next-steps\/","og_site_name":"Restoration City Church","article_publisher":"http:\/\/facebook.com\/myrestorationcitychurch","article_modified_time":"2025-09-03T13:26:44+00:00","og_image":[{"width":1024,"height":561,"url":"https:\/\/myrestorationcity.com\/wp-content\/uploads\/2022\/10\/RCC-Logo.png","type":"image\/png"}],"twitter_card":"summary_large_image","twitter_misc":{"Tiempo de lectura":"1 minuto"},"schema":{"@context":"https:\/\/schema.org","@graph":[{"@type":"WebPage","@id":"https:\/\/myrestorationcity.com\/smallgroups\/next-steps\/","url":"https:\/\/myrestorationcity.com\/smallgroups\/next-steps\/","name":"Pr\u00f3ximos Pasos - Restoration City Church","isPartOf":{"@id":"https:\/\/myrestorationcity.com\/#website"},"datePublished":"2024-02-02T13:03:51+00:00","dateModified":"2025-09-03T13:26:44+00:00","breadcrumb":{"@id":"https:\/\/myrestorationcity.com\/smallgroups\/next-steps\/#breadcrumb"},"inLanguage":"es","potentialAction":[{"@type":"ReadAction","target":["https:\/\/myrestorationcity.com\/smallgroups\/next-steps\/"]}]},{"@type":"BreadcrumbList","@id":"https:\/\/myrestorationcity.com\/smallgroups\/next-steps\/#breadcrumb","itemListElement":[{"@type":"ListItem","position":1,"name":"Grupos Peque\u00f1os","item":"https:\/\/myrestorationcity.com\/smallgroups\/"},{"@type":"ListItem","position":2,"name":"Pr\u00f3ximos Pasos"}]},{"@type":"WebSite","@id":"https:\/\/myrestorationcity.com\/#website","url":"https:\/\/myrestorationcity.com\/","name":"Restoration City Church","description":"","publisher":{"@id":"https:\/\/myrestorationcity.com\/#organization"},"potentialAction":[{"@type":"SearchAction","target":{"@type":"EntryPoint","urlTemplate":"https:\/\/myrestorationcity.com\/?s={search_term_string}"},"query-input":{"@type":"PropertyValueSpecification","valueRequired":true,"valueName":"search_term_string"}}],"inLanguage":"es"},{"@type":"Organization","@id":"https:\/\/myrestorationcity.com\/#organization","name":"Restoration City Church","url":"https:\/\/myrestorationcity.com\/","logo":{"@type":"ImageObject","inLanguage":"es","@id":"https:\/\/myrestorationcity.com\/#\/schema\/logo\/image\/","url":"https:\/\/myrestorationcity.com\/wp-content\/uploads\/2022\/10\/RC-333.png","contentUrl":"https:\/\/myrestorationcity.com\/wp-content\/uploads\/2022\/10\/RC-333.png","width":303,"height":303,"caption":"Restoration City Church"},"image":{"@id":"https:\/\/myrestorationcity.com\/#\/schema\/logo\/image\/"},"sameAs":["http:\/\/facebook.com\/myrestorationcitychurch","https:\/\/www.instagram.com\/myrestorationcitychurch\/","https:\/\/www.youtube.com\/channel\/UCFumLxquLd5wLXXBhUqRH_w"]}]}},"jetpack_sharing_enabled":true,"_links":{"self":[{"href":"https:\/\/myrestorationcity.com\/es\/wp-json\/wp\/v2\/pages\/89871","targetHints":{"allow":["GET"]}}],"collection":[{"href":"https:\/\/myrestorationcity.com\/es\/wp-json\/wp\/v2\/pages"}],"about":[{"href":"https:\/\/myrestorationcity.com\/es\/wp-json\/wp\/v2\/types\/page"}],"author":[{"embeddable":true,"href":"https:\/\/myrestorationcity.com\/es\/wp-json\/wp\/v2\/users\/1"}],"replies":[{"embeddable":true,"href":"https:\/\/myrestorationcity.com\/es\/wp-json\/wp\/v2\/comments?post=89871"}],"version-history":[{"count":15,"href":"https:\/\/myrestorationcity.com\/es\/wp-json\/wp\/v2\/pages\/89871\/revisions"}],"predecessor-version":[{"id":94499,"href":"https:\/\/myrestorationcity.com\/es\/wp-json\/wp\/v2\/pages\/89871\/revisions\/94499"}],"up":[{"embeddable":true,"href":"https:\/\/myrestorationcity.com\/es\/wp-json\/wp\/v2\/pages\/89865"}],"wp:attachment":[{"href":"https:\/\/myrestorationcity.com\/es\/wp-json\/wp\/v2\/media?parent=89871"}],"curies":[{"name":"wp","href":"https:\/\/api.w.org\/{rel}","templated":true}]}}