{"id":89845,"date":"2024-01-16T06:14:48","date_gmt":"2024-01-16T11:14:48","guid":{"rendered":"https:\/\/myrestorationcity.com\/give\/"},"modified":"2025-09-04T17:49:54","modified_gmt":"2025-09-04T21:49:54","slug":"give","status":"publish","type":"page","link":"https:\/\/myrestorationcity.com\/es\/give\/","title":{"rendered":"Dar"},"content":{"rendered":"\t\t<div data-elementor-type=\"wp-page\" data-elementor-id=\"89845\" class=\"elementor elementor-89845 elementor-83666\" data-elementor-post-type=\"page\">\n\t\t\t\t<div class=\"elementor-element elementor-element-2f2a25b e-flex e-con-boxed e-con e-parent\" data-id=\"2f2a25b\" data-element_type=\"container\" data-e-type=\"container\">\n\t\t\t\t\t<div class=\"e-con-inner\">\n\t\t<div class=\"elementor-element elementor-element-07b8fdd e-flex e-con-boxed e-con e-child\" data-id=\"07b8fdd\" data-element_type=\"container\" data-e-type=\"container\" data-settings=\"{&quot;background_background&quot;:&quot;classic&quot;}\">\n\t\t\t\t\t<div class=\"e-con-inner\">\n\t\t\t\t<div class=\"elementor-element elementor-element-2a5eb17 elementor-widget elementor-widget-heading\" data-id=\"2a5eb17\" data-element_type=\"widget\" data-e-type=\"widget\" data-widget_type=\"heading.default\">\n\t\t\t\t<div class=\"elementor-widget-container\">\n\t\t\t\t\t<h1 class=\"elementor-heading-title elementor-size-default\">Dios nos ha llamado a hacer la diferencia<\/h1>\t\t\t\t<\/div>\n\t\t\t\t<\/div>\n\t\t\t\t<div class=\"elementor-element elementor-element-d428f07 elementor-widget__width-initial elementor-widget-tablet__width-initial elementor-widget-mobile_extra__width-inherit elementor-widget-mobile__width-inherit elementor-widget elementor-widget-text-editor\" data-id=\"d428f07\" data-element_type=\"widget\" data-e-type=\"widget\" data-widget_type=\"text-editor.default\">\n\t\t\t\t<div class=\"elementor-widget-container\">\n\t\t\t\t\t\t\t\t\t<div data-id=\"e5811e7\" data-element_type=\"widget\" data-widget_type=\"text-editor.default\">\n<div data-id=\"4b18b76\" data-element_type=\"widget\" data-widget_type=\"text-editor.default\">\n<p>Sencillo y seguro. Haz un \u00fanico donativo o programa donaciones repetidas utilizando tu cuenta bancaria, tarjeta de d\u00e9bito o de cr\u00e9dito.<\/p>\n<\/div>\n<\/div>\n\t\t\t\t\t\t\t\t<\/div>\n\t\t\t\t<\/div>\n\t\t\t\t<div class=\"elementor-element elementor-element-ea280b9 elementor-widget elementor-widget-button\" data-id=\"ea280b9\" data-element_type=\"widget\" data-e-type=\"widget\" data-widget_type=\"button.default\">\n\t\t\t\t<div class=\"elementor-widget-container\">\n\t\t\t\t\t\t\t\t\t<div class=\"elementor-button-wrapper\">\n\t\t\t\t\t<a class=\"elementor-button elementor-button-link elementor-size-sm\" href=\"https:\/\/rcity.churchcenter.com\/giving?open-in-church-center-modal=true\">\n\t\t\t\t\t\t<span class=\"elementor-button-content-wrapper\">\n\t\t\t\t\t\t\t\t\t<span class=\"elementor-button-text\">Dar Ahora<\/span>\n\t\t\t\t\t<\/span>\n\t\t\t\t\t<\/a>\n\t\t\t\t<\/div>\n\t\t\t\t\t\t\t\t<\/div>\n\t\t\t\t<\/div>\n\t\t\t\t\t<\/div>\n\t\t\t\t<\/div>\n\t\t\t\t\t<\/div>\n\t\t\t\t<\/div>\n\t\t<div class=\"elementor-element elementor-element-6be21ca e-flex e-con-boxed e-con e-parent\" data-id=\"6be21ca\" data-element_type=\"container\" data-e-type=\"container\" data-settings=\"{&quot;background_background&quot;:&quot;classic&quot;}\">\n\t\t\t\t\t<div class=\"e-con-inner\">\n\t\t\t\t<div class=\"elementor-element elementor-element-e1ce4f8 elementor-widget elementor-widget-image\" data-id=\"e1ce4f8\" data-element_type=\"widget\" data-e-type=\"widget\" data-widget_type=\"image.default\">\n\t\t\t\t<div class=\"elementor-widget-container\">\n\t\t\t\t\t\t\t\t\t\t\t\t\t\t\t<img decoding=\"async\" width=\"64\" height=\"64\" src=\"https:\/\/myrestorationcity.com\/wp-content\/uploads\/2024\/01\/icon-community-1.svg\" class=\"attachment-large size-large wp-image-89433\" alt=\"\" \/>\t\t\t\t\t\t\t\t\t\t\t\t\t\t\t<\/div>\n\t\t\t\t<\/div>\n\t\t\t\t<div class=\"elementor-element elementor-element-8b681dd elementor-widget elementor-widget-heading\" data-id=\"8b681dd\" data-element_type=\"widget\" data-e-type=\"widget\" data-widget_type=\"heading.default\">\n\t\t\t\t<div class=\"elementor-widget-container\">\n\t\t\t\t\t<h2 class=\"elementor-heading-title elementor-size-default\">\u00bfPor qu\u00e9 dar?<\/h2>\t\t\t\t<\/div>\n\t\t\t\t<\/div>\n\t\t\t\t<div class=\"elementor-element elementor-element-f2b57d9 elementor-widget elementor-widget-text-editor\" data-id=\"f2b57d9\" data-element_type=\"widget\" data-e-type=\"widget\" data-widget_type=\"text-editor.default\">\n\t\t\t\t<div class=\"elementor-widget-container\">\n\t\t\t\t\t\t\t\t\t<p>Dios es generoso y nos llama a ser generosos al igual que \u00c9l. Lo que hacemos con lo que Dios nos ha dado le demuestra al mundo la prioridad de nuestro coraz\u00f3n y ayuda a proclamar el evangelio. Queremos glorificar a Dios en toda \u00e1rea de nuestra vida y esto incluye la administraci\u00f3n de nuestras finanzas.<\/p>\n\t\t\t\t\t\t\t\t<\/div>\n\t\t\t\t<\/div>\n\t\t\t\t\t<\/div>\n\t\t\t\t<\/div>\n\t\t<div class=\"elementor-element elementor-element-6892485 e-flex e-con-boxed e-con e-parent\" data-id=\"6892485\" data-element_type=\"container\" data-e-type=\"container\" data-settings=\"{&quot;background_background&quot;:&quot;classic&quot;}\">\n\t\t\t\t\t<div class=\"e-con-inner\">\n\t\t\t\t<div class=\"elementor-element elementor-element-c1ca0fb elementor-widget elementor-widget-heading\" data-id=\"c1ca0fb\" data-element_type=\"widget\" data-e-type=\"widget\" data-widget_type=\"heading.default\">\n\t\t\t\t<div class=\"elementor-widget-container\">\n\t\t\t\t\t<h2 class=\"elementor-heading-title elementor-size-default\">Dar En Linea<\/h2>\t\t\t\t<\/div>\n\t\t\t\t<\/div>\n\t\t\t\t<div class=\"elementor-element elementor-element-d249ecf elementor-widget elementor-widget-text-editor\" data-id=\"d249ecf\" data-element_type=\"widget\" data-e-type=\"widget\" data-widget_type=\"text-editor.default\">\n\t\t\t\t<div class=\"elementor-widget-container\">\n\t\t\t\t\t\t\t\t\t<p>Contribuya c\u00f3modamente desde cualquier lugar a trav\u00e9s de nuestra plataforma segura en l\u00ednea. Haga una donaci\u00f3n \u00fanica o establezca contribuciones peri\u00f3dicas. Gracias de antemano por marcar la diferencia.<\/p>\n\t\t\t\t\t\t\t\t<\/div>\n\t\t\t\t<\/div>\n\t\t\t\t<div class=\"elementor-element elementor-element-11b1900 elementor-widget elementor-widget-button\" data-id=\"11b1900\" data-element_type=\"widget\" data-e-type=\"widget\" data-widget_type=\"button.default\">\n\t\t\t\t<div class=\"elementor-widget-container\">\n\t\t\t\t\t\t\t\t\t<div class=\"elementor-button-wrapper\">\n\t\t\t\t\t<a class=\"elementor-button elementor-button-link elementor-size-sm\" href=\"https:\/\/rcity.churchcenter.com\/giving?open-in-church-center-modal=true\">\n\t\t\t\t\t\t<span class=\"elementor-button-content-wrapper\">\n\t\t\t\t\t\t<span class=\"elementor-button-icon\">\n\t\t\t\t<svg aria-hidden=\"true\" class=\"e-font-icon-svg e-fas-hand-holding-heart\" viewBox=\"0 0 576 512\" xmlns=\"http:\/\/www.w3.org\/2000\/svg\"><path d=\"M275.3 250.5c7 7.4 18.4 7.4 25.5 0l108.9-114.2c31.6-33.2 29.8-88.2-5.6-118.8-30.8-26.7-76.7-21.9-104.9 7.7L288 36.9l-11.1-11.6C248.7-4.4 202.8-9.2 172 17.5c-35.3 30.6-37.2 85.6-5.6 118.8l108.9 114.2zm290 77.6c-11.8-10.7-30.2-10-42.6 0L430.3 402c-11.3 9.1-25.4 14-40 14H272c-8.8 0-16-7.2-16-16s7.2-16 16-16h78.3c15.9 0 30.7-10.9 33.3-26.6 3.3-20-12.1-37.4-31.6-37.4H192c-27 0-53.1 9.3-74.1 26.3L71.4 384H16c-8.8 0-16 7.2-16 16v96c0 8.8 7.2 16 16 16h356.8c14.5 0 28.6-4.9 40-14L564 377c15.2-12.1 16.4-35.3 1.3-48.9z\"><\/path><\/svg>\t\t\t<\/span>\n\t\t\t\t\t\t\t\t\t<span class=\"elementor-button-text\">Dar En Linea<\/span>\n\t\t\t\t\t<\/span>\n\t\t\t\t\t<\/a>\n\t\t\t\t<\/div>\n\t\t\t\t\t\t\t\t<\/div>\n\t\t\t\t<\/div>\n\t\t\t\t\t<\/div>\n\t\t\t\t<\/div>\n\t\t<div class=\"elementor-element elementor-element-dbbb3f6 e-flex e-con-boxed e-con e-parent\" data-id=\"dbbb3f6\" data-element_type=\"container\" data-e-type=\"container\">\n\t\t\t\t\t<div class=\"e-con-inner\">\n\t\t\t\t<div class=\"elementor-element elementor-element-69be2ea elementor-widget elementor-widget-html\" data-id=\"69be2ea\" data-element_type=\"widget\" data-e-type=\"widget\" data-widget_type=\"html.default\">\n\t\t\t\t<div class=\"elementor-widget-container\">\n\t\t\t\t\t<script src=\"https:\/\/js.churchcenter.com\/modal\/v1\"><\/script>\t\t\t\t<\/div>\n\t\t\t\t<\/div>\n\t\t<div class=\"elementor-element elementor-element-e1455c1 e-con-full e-flex e-con e-child\" data-id=\"e1455c1\" data-element_type=\"container\" data-e-type=\"container\">\n\t\t<div class=\"elementor-element elementor-element-6ef87f8 e-flex e-con-boxed e-con e-child\" data-id=\"6ef87f8\" data-element_type=\"container\" data-e-type=\"container\" data-settings=\"{&quot;background_background&quot;:&quot;classic&quot;}\">\n\t\t\t\t\t<div class=\"e-con-inner\">\n\t\t\t\t<div class=\"elementor-element elementor-element-ff2e40e elementor-widget elementor-widget-heading\" data-id=\"ff2e40e\" data-element_type=\"widget\" data-e-type=\"widget\" data-widget_type=\"heading.default\">\n\t\t\t\t<div class=\"elementor-widget-container\">\n\t\t\t\t\t<h1 class=\"elementor-heading-title elementor-size-default\">Un Coraz\u00f3n para la Casa<\/h1>\t\t\t\t<\/div>\n\t\t\t\t<\/div>\n\t\t\t\t<div class=\"elementor-element elementor-element-880b1a3 elementor-widget__width-initial elementor-widget-tablet__width-initial elementor-widget-mobile_extra__width-inherit elementor-widget-mobile__width-inherit elementor-widget elementor-widget-text-editor\" data-id=\"880b1a3\" data-element_type=\"widget\" data-e-type=\"widget\" data-widget_type=\"text-editor.default\">\n\t\t\t\t<div class=\"elementor-widget-container\">\n\t\t\t\t\t\t\t\t\t<div data-id=\"e5811e7\" data-element_type=\"widget\" data-widget_type=\"text-editor.default\"><div data-id=\"4b18b76\" data-element_type=\"widget\" data-widget_type=\"text-editor.default\">T\u00f3mate un tiempo para reflexionar y conectarte con Dios mientras estableces tus intenciones y expectativas para las semillas que sembrar\u00e1s con fe este a\u00f1o.<\/div><\/div>\t\t\t\t\t\t\t\t<\/div>\n\t\t\t\t<\/div>\n\t\t\t\t<div class=\"elementor-element elementor-element-bd02939 elementor-widget elementor-widget-button\" data-id=\"bd02939\" data-element_type=\"widget\" data-e-type=\"widget\" data-widget_type=\"button.default\">\n\t\t\t\t<div class=\"elementor-widget-container\">\n\t\t\t\t\t\t\t\t\t<div class=\"elementor-button-wrapper\">\n\t\t\t\t\t<a class=\"elementor-button elementor-button-link elementor-size-sm\" href=\"https:\/\/rcity.churchcenter.com\/people\/forms\/886758\" target=\"_blank\">\n\t\t\t\t\t\t<span class=\"elementor-button-content-wrapper\">\n\t\t\t\t\t\t\t\t\t<span class=\"elementor-button-text\">\u00danase a nosotros para marcar la diferencia<\/span>\n\t\t\t\t\t<\/span>\n\t\t\t\t\t<\/a>\n\t\t\t\t<\/div>\n\t\t\t\t\t\t\t\t<\/div>\n\t\t\t\t<\/div>\n\t\t\t\t\t<\/div>\n\t\t\t\t<\/div>\n\t\t\t\t<\/div>\n\t\t\t\t\t<\/div>\n\t\t\t\t<\/div>\n\t\t\t\t<\/div>\n\t\t","protected":false},"excerpt":{"rendered":"<p>Dios nos ha llamado a hacer la diferencia Sencillo y seguro. Haz un \u00fanico donativo o programa donaciones repetidas utilizando tu cuenta bancaria, tarjeta de d\u00e9bito o de cr\u00e9dito. Dar Ahora \u00bfPor qu\u00e9 dar? Dios es generoso y nos llama a ser generosos al igual que \u00c9l. Lo que hacemos con lo que Dios nos [&hellip;]<\/p>\n","protected":false},"author":1,"featured_media":0,"parent":0,"menu_order":0,"comment_status":"closed","ping_status":"closed","template":"elementor_header_footer","meta":{"_acf_changed":false,"footnotes":""},"class_list":["post-89845","page","type-page","status-publish","hentry"],"acf":[],"yoast_head":"<!-- This site is optimized with the Yoast SEO plugin v27.5 - https:\/\/yoast.com\/product\/yoast-seo-wordpress\/ -->\n<title>Dar - Restoration City Church<\/title>\n<meta name=\"robots\" content=\"index, follow, max-snippet:-1, max-image-preview:large, max-video-preview:-1\" \/>\n<link rel=\"canonical\" href=\"https:\/\/myrestorationcity.com\/give\/\" \/>\n<meta property=\"og:locale\" content=\"es_ES\" \/>\n<meta property=\"og:type\" content=\"article\" \/>\n<meta property=\"og:title\" content=\"Dar - Restoration City Church\" \/>\n<meta property=\"og:description\" content=\"Dios nos ha llamado a hacer la diferencia Sencillo y seguro. Haz un \u00fanico donativo o programa donaciones repetidas utilizando tu cuenta bancaria, tarjeta de d\u00e9bito o de cr\u00e9dito. Dar Ahora \u00bfPor qu\u00e9 dar? Dios es generoso y nos llama a ser generosos al igual que \u00c9l. Lo que hacemos con lo que Dios nos [&hellip;]\" \/>\n<meta property=\"og:url\" content=\"https:\/\/myrestorationcity.com\/give\/\" \/>\n<meta property=\"og:site_name\" content=\"Restoration City Church\" \/>\n<meta property=\"article:publisher\" content=\"http:\/\/facebook.com\/myrestorationcitychurch\" \/>\n<meta property=\"article:modified_time\" content=\"2025-09-04T21:49:54+00:00\" \/>\n<meta property=\"og:image\" content=\"https:\/\/myrestorationcity.com\/wp-content\/uploads\/2022\/10\/RCC-Logo.png\" \/>\n\t<meta property=\"og:image:width\" content=\"1024\" \/>\n\t<meta property=\"og:image:height\" content=\"561\" \/>\n\t<meta property=\"og:image:type\" content=\"image\/png\" \/>\n<meta name=\"twitter:card\" content=\"summary_large_image\" \/>\n<meta name=\"twitter:label1\" content=\"Tiempo de lectura\" \/>\n\t<meta name=\"twitter:data1\" content=\"1 minuto\" \/>\n<script type=\"application\/ld+json\" class=\"yoast-schema-graph\">{\"@context\":\"https:\\\/\\\/schema.org\",\"@graph\":[{\"@type\":\"WebPage\",\"@id\":\"https:\\\/\\\/myrestorationcity.com\\\/give\\\/\",\"url\":\"https:\\\/\\\/myrestorationcity.com\\\/give\\\/\",\"name\":\"Dar - Restoration City Church\",\"isPartOf\":{\"@id\":\"https:\\\/\\\/myrestorationcity.com\\\/#website\"},\"primaryImageOfPage\":{\"@id\":\"https:\\\/\\\/myrestorationcity.com\\\/give\\\/#primaryimage\"},\"image\":{\"@id\":\"https:\\\/\\\/myrestorationcity.com\\\/give\\\/#primaryimage\"},\"thumbnailUrl\":\"https:\\\/\\\/myrestorationcity.com\\\/wp-content\\\/uploads\\\/2024\\\/01\\\/icon-community-1.svg\",\"datePublished\":\"2024-01-16T11:14:48+00:00\",\"dateModified\":\"2025-09-04T21:49:54+00:00\",\"inLanguage\":\"es\",\"potentialAction\":[{\"@type\":\"ReadAction\",\"target\":[\"https:\\\/\\\/myrestorationcity.com\\\/give\\\/\"]}]},{\"@type\":\"ImageObject\",\"inLanguage\":\"es\",\"@id\":\"https:\\\/\\\/myrestorationcity.com\\\/give\\\/#primaryimage\",\"url\":\"https:\\\/\\\/myrestorationcity.com\\\/wp-content\\\/uploads\\\/2024\\\/01\\\/icon-community-1.svg\",\"contentUrl\":\"https:\\\/\\\/myrestorationcity.com\\\/wp-content\\\/uploads\\\/2024\\\/01\\\/icon-community-1.svg\"},{\"@type\":\"WebSite\",\"@id\":\"https:\\\/\\\/myrestorationcity.com\\\/#website\",\"url\":\"https:\\\/\\\/myrestorationcity.com\\\/\",\"name\":\"Restoration City Church\",\"description\":\"\",\"publisher\":{\"@id\":\"https:\\\/\\\/myrestorationcity.com\\\/#organization\"},\"potentialAction\":[{\"@type\":\"SearchAction\",\"target\":{\"@type\":\"EntryPoint\",\"urlTemplate\":\"https:\\\/\\\/myrestorationcity.com\\\/?s={search_term_string}\"},\"query-input\":{\"@type\":\"PropertyValueSpecification\",\"valueRequired\":true,\"valueName\":\"search_term_string\"}}],\"inLanguage\":\"es\"},{\"@type\":\"Organization\",\"@id\":\"https:\\\/\\\/myrestorationcity.com\\\/#organization\",\"name\":\"Restoration City Church\",\"url\":\"https:\\\/\\\/myrestorationcity.com\\\/\",\"logo\":{\"@type\":\"ImageObject\",\"inLanguage\":\"es\",\"@id\":\"https:\\\/\\\/myrestorationcity.com\\\/#\\\/schema\\\/logo\\\/image\\\/\",\"url\":\"https:\\\/\\\/myrestorationcity.com\\\/wp-content\\\/uploads\\\/2022\\\/10\\\/RC-333.png\",\"contentUrl\":\"https:\\\/\\\/myrestorationcity.com\\\/wp-content\\\/uploads\\\/2022\\\/10\\\/RC-333.png\",\"width\":303,\"height\":303,\"caption\":\"Restoration City Church\"},\"image\":{\"@id\":\"https:\\\/\\\/myrestorationcity.com\\\/#\\\/schema\\\/logo\\\/image\\\/\"},\"sameAs\":[\"http:\\\/\\\/facebook.com\\\/myrestorationcitychurch\",\"https:\\\/\\\/www.instagram.com\\\/myrestorationcitychurch\\\/\",\"https:\\\/\\\/www.youtube.com\\\/channel\\\/UCFumLxquLd5wLXXBhUqRH_w\"]}]}<\/script>\n<!-- \/ Yoast SEO plugin. -->","yoast_head_json":{"title":"Dar - Restoration City Church","robots":{"index":"index","follow":"follow","max-snippet":"max-snippet:-1","max-image-preview":"max-image-preview:large","max-video-preview":"max-video-preview:-1"},"canonical":"https:\/\/myrestorationcity.com\/give\/","og_locale":"es_ES","og_type":"article","og_title":"Dar - Restoration City Church","og_description":"Dios nos ha llamado a hacer la diferencia Sencillo y seguro. Haz un \u00fanico donativo o programa donaciones repetidas utilizando tu cuenta bancaria, tarjeta de d\u00e9bito o de cr\u00e9dito. Dar Ahora \u00bfPor qu\u00e9 dar? Dios es generoso y nos llama a ser generosos al igual que \u00c9l. Lo que hacemos con lo que Dios nos [&hellip;]","og_url":"https:\/\/myrestorationcity.com\/give\/","og_site_name":"Restoration City Church","article_publisher":"http:\/\/facebook.com\/myrestorationcitychurch","article_modified_time":"2025-09-04T21:49:54+00:00","og_image":[{"width":1024,"height":561,"url":"https:\/\/myrestorationcity.com\/wp-content\/uploads\/2022\/10\/RCC-Logo.png","type":"image\/png"}],"twitter_card":"summary_large_image","twitter_misc":{"Tiempo de lectura":"1 minuto"},"schema":{"@context":"https:\/\/schema.org","@graph":[{"@type":"WebPage","@id":"https:\/\/myrestorationcity.com\/give\/","url":"https:\/\/myrestorationcity.com\/give\/","name":"Dar - Restoration City Church","isPartOf":{"@id":"https:\/\/myrestorationcity.com\/#website"},"primaryImageOfPage":{"@id":"https:\/\/myrestorationcity.com\/give\/#primaryimage"},"image":{"@id":"https:\/\/myrestorationcity.com\/give\/#primaryimage"},"thumbnailUrl":"https:\/\/myrestorationcity.com\/wp-content\/uploads\/2024\/01\/icon-community-1.svg","datePublished":"2024-01-16T11:14:48+00:00","dateModified":"2025-09-04T21:49:54+00:00","inLanguage":"es","potentialAction":[{"@type":"ReadAction","target":["https:\/\/myrestorationcity.com\/give\/"]}]},{"@type":"ImageObject","inLanguage":"es","@id":"https:\/\/myrestorationcity.com\/give\/#primaryimage","url":"https:\/\/myrestorationcity.com\/wp-content\/uploads\/2024\/01\/icon-community-1.svg","contentUrl":"https:\/\/myrestorationcity.com\/wp-content\/uploads\/2024\/01\/icon-community-1.svg"},{"@type":"WebSite","@id":"https:\/\/myrestorationcity.com\/#website","url":"https:\/\/myrestorationcity.com\/","name":"Restoration City Church","description":"","publisher":{"@id":"https:\/\/myrestorationcity.com\/#organization"},"potentialAction":[{"@type":"SearchAction","target":{"@type":"EntryPoint","urlTemplate":"https:\/\/myrestorationcity.com\/?s={search_term_string}"},"query-input":{"@type":"PropertyValueSpecification","valueRequired":true,"valueName":"search_term_string"}}],"inLanguage":"es"},{"@type":"Organization","@id":"https:\/\/myrestorationcity.com\/#organization","name":"Restoration City Church","url":"https:\/\/myrestorationcity.com\/","logo":{"@type":"ImageObject","inLanguage":"es","@id":"https:\/\/myrestorationcity.com\/#\/schema\/logo\/image\/","url":"https:\/\/myrestorationcity.com\/wp-content\/uploads\/2022\/10\/RC-333.png","contentUrl":"https:\/\/myrestorationcity.com\/wp-content\/uploads\/2022\/10\/RC-333.png","width":303,"height":303,"caption":"Restoration City Church"},"image":{"@id":"https:\/\/myrestorationcity.com\/#\/schema\/logo\/image\/"},"sameAs":["http:\/\/facebook.com\/myrestorationcitychurch","https:\/\/www.instagram.com\/myrestorationcitychurch\/","https:\/\/www.youtube.com\/channel\/UCFumLxquLd5wLXXBhUqRH_w"]}]}},"jetpack_sharing_enabled":true,"_links":{"self":[{"href":"https:\/\/myrestorationcity.com\/es\/wp-json\/wp\/v2\/pages\/89845","targetHints":{"allow":["GET"]}}],"collection":[{"href":"https:\/\/myrestorationcity.com\/es\/wp-json\/wp\/v2\/pages"}],"about":[{"href":"https:\/\/myrestorationcity.com\/es\/wp-json\/wp\/v2\/types\/page"}],"author":[{"embeddable":true,"href":"https:\/\/myrestorationcity.com\/es\/wp-json\/wp\/v2\/users\/1"}],"replies":[{"embeddable":true,"href":"https:\/\/myrestorationcity.com\/es\/wp-json\/wp\/v2\/comments?post=89845"}],"version-history":[{"count":20,"href":"https:\/\/myrestorationcity.com\/es\/wp-json\/wp\/v2\/pages\/89845\/revisions"}],"predecessor-version":[{"id":94810,"href":"https:\/\/myrestorationcity.com\/es\/wp-json\/wp\/v2\/pages\/89845\/revisions\/94810"}],"wp:attachment":[{"href":"https:\/\/myrestorationcity.com\/es\/wp-json\/wp\/v2\/media?parent=89845"}],"curies":[{"name":"wp","href":"https:\/\/api.w.org\/{rel}","templated":true}]}}